{"id":9984,"date":"2021-08-18T19:40:11","date_gmt":"2021-08-18T16:40:11","guid":{"rendered":"https:\/\/livrare-balti.md\/?post_type=product&#038;p=9984"},"modified":"2022-07-25T03:17:14","modified_gmt":"2022-07-25T00:17:14","slug":"crap-cu-mamaliga","status":"publish","type":"product","link":"https:\/\/livrare-balti.md\/ro\/product\/salat-oscar-ro\/crap-cu-mamaliga\/","title":{"rendered":"Crap cu m\u0103m\u0103lig\u0103"},"content":{"rendered":"","protected":false},"excerpt":{"rendered":"<p>Crap pr\u0103jit, m\u0103m\u0103lig\u0103, sos \u201eMujdei\u201d, br\u00eenz\u0103 de oi, sm\u00e2nt\u00e2n\u0103, mix de salat\u0103, l\u0103m\u00eeie<\/p>\n<p>500\/500\/50\/50\/50 gr<\/p>\n","protected":false},"featured_media":9981,"template":"","meta":[],"product_brand":[],"product_cat":[120],"product_tag":[282,797,798],"class_list":{"0":"post-9984","1":"product","2":"type-product","3":"status-publish","4":"has-post-thumbnail","6":"product_cat-salat-oscar-ro","7":"product_tag-felul-ii-toate","8":"product_tag-vtorye-blyuda-vse-ro","9":"product_tag-vtorye-blyuda-vse-ro-2","10":"product_shipping_class-salat-dostavka-ro","11":"wpcafe_location-salat-ro","13":"first","14":"instock","15":"shipping-taxable","16":"purchasable","17":"product-type-simple"},"aioseo_notices":[],"_links":{"self":[{"href":"https:\/\/livrare-balti.md\/ro\/wp-json\/wp\/v2\/product\/9984","targetHints":{"allow":["GET"]}}],"collection":[{"href":"https:\/\/livrare-balti.md\/ro\/wp-json\/wp\/v2\/product"}],"about":[{"href":"https:\/\/livrare-balti.md\/ro\/wp-json\/wp\/v2\/types\/product"}],"version-history":[{"count":0,"href":"https:\/\/livrare-balti.md\/ro\/wp-json\/wp\/v2\/product\/9984\/revisions"}],"wp:featuredmedia":[{"embeddable":true,"href":"https:\/\/livrare-balti.md\/ro\/wp-json\/wp\/v2\/media\/9981"}],"wp:attachment":[{"href":"https:\/\/livrare-balti.md\/ro\/wp-json\/wp\/v2\/media?parent=9984"}],"wp:term":[{"taxonomy":"product_brand","embeddable":true,"href":"https:\/\/livrare-balti.md\/ro\/wp-json\/wp\/v2\/product_brand?post=9984"},{"taxonomy":"product_cat","embeddable":true,"href":"https:\/\/livrare-balti.md\/ro\/wp-json\/wp\/v2\/product_cat?post=9984"},{"taxonomy":"product_tag","embeddable":true,"href":"https:\/\/livrare-balti.md\/ro\/wp-json\/wp\/v2\/product_tag?post=9984"}],"curies":[{"name":"wp","href":"https:\/\/api.w.org\/{rel}","templated":true}]}}