{"id":9970,"date":"2021-08-18T19:12:13","date_gmt":"2021-08-18T16:12:13","guid":{"rendered":"https:\/\/livrare-balti.md\/?post_type=product&#038;p=9970"},"modified":"2024-08-23T16:30:10","modified_gmt":"2024-08-23T14:30:10","slug":"mamaliga-moldoveneasca","status":"publish","type":"product","link":"https:\/\/livrare-balti.md\/ro\/product\/salat-oscar-ro\/carne-salat\/mamaliga-moldoveneasca\/","title":{"rendered":"M\u0103m\u0103lig\u0103 moldoveneasc\u0103   cu tocana de porc sau pui( la alegere)"},"content":{"rendered":"","protected":false},"excerpt":{"rendered":"<p>Piept de pui\/ceaf\u0103 de porc, f\u0103in\u0103 de porumb, unt, br\u00eenz\u0103 de oi, sm\u00e2nt\u00e2n\u0103, ou\u0103, ceap\u0103 verde, ro\u0219ii \u201eCherry\u201d, germeni<\/p>\n<p>925 gr<\/p>\n","protected":false},"featured_media":9968,"template":"","meta":[],"product_brand":[],"product_cat":[558,120],"product_tag":[397],"class_list":{"0":"post-9970","1":"product","2":"type-product","3":"status-publish","4":"has-post-thumbnail","6":"product_cat-carne-salat","7":"product_cat-salat-oscar-ro","8":"product_tag-carne-toate","9":"product_shipping_class-salat-dostavka-ro","10":"wpcafe_location-salat-ro","12":"first","13":"instock","14":"shipping-taxable","15":"purchasable","16":"product-type-simple"},"aioseo_notices":[],"_links":{"self":[{"href":"https:\/\/livrare-balti.md\/ro\/wp-json\/wp\/v2\/product\/9970","targetHints":{"allow":["GET"]}}],"collection":[{"href":"https:\/\/livrare-balti.md\/ro\/wp-json\/wp\/v2\/product"}],"about":[{"href":"https:\/\/livrare-balti.md\/ro\/wp-json\/wp\/v2\/types\/product"}],"version-history":[{"count":0,"href":"https:\/\/livrare-balti.md\/ro\/wp-json\/wp\/v2\/product\/9970\/revisions"}],"wp:featuredmedia":[{"embeddable":true,"href":"https:\/\/livrare-balti.md\/ro\/wp-json\/wp\/v2\/media\/9968"}],"wp:attachment":[{"href":"https:\/\/livrare-balti.md\/ro\/wp-json\/wp\/v2\/media?parent=9970"}],"wp:term":[{"taxonomy":"product_brand","embeddable":true,"href":"https:\/\/livrare-balti.md\/ro\/wp-json\/wp\/v2\/product_brand?post=9970"},{"taxonomy":"product_cat","embeddable":true,"href":"https:\/\/livrare-balti.md\/ro\/wp-json\/wp\/v2\/product_cat?post=9970"},{"taxonomy":"product_tag","embeddable":true,"href":"https:\/\/livrare-balti.md\/ro\/wp-json\/wp\/v2\/product_tag?post=9970"}],"curies":[{"name":"wp","href":"https:\/\/api.w.org\/{rel}","templated":true}]}}