{"id":9961,"date":"2021-08-18T18:53:56","date_gmt":"2021-08-18T15:53:56","guid":{"rendered":"https:\/\/livrare-balti.md\/?post_type=product&#038;p=9961"},"modified":"2024-08-23T14:35:09","modified_gmt":"2024-08-23T12:35:09","slug":"bors-rosu-2","status":"publish","type":"product","link":"https:\/\/livrare-balti.md\/ro\/product\/salat-oscar-ro\/bors-rosu-2\/","title":{"rendered":"Bor\u0219 ro\u0219u"},"content":{"rendered":"","protected":false},"excerpt":{"rendered":"<p>Carne de porc, legume, past\u0103 de tomate, sl\u0103nin\u0103 condimentat\u0103, usturoi, ceap\u0103, ardei iute, sm\u00e2nt\u00e2n\u0103, p\u00eeine neagr\u0103<\/p>\n<p>350\/50\/50\/80\/100 gr<\/p>\n","protected":false},"featured_media":9860,"template":"","meta":[],"product_brand":[],"product_cat":[120],"product_tag":[286],"class_list":{"0":"post-9961","1":"product","2":"type-product","3":"status-publish","4":"has-post-thumbnail","6":"product_cat-salat-oscar-ro","7":"product_tag-felul-i-toate","8":"product_shipping_class-salat-dostavka-ro","9":"wpcafe_location-salat-ro","11":"first","12":"instock","13":"shipping-taxable","14":"purchasable","15":"product-type-simple"},"aioseo_notices":[],"_links":{"self":[{"href":"https:\/\/livrare-balti.md\/ro\/wp-json\/wp\/v2\/product\/9961","targetHints":{"allow":["GET"]}}],"collection":[{"href":"https:\/\/livrare-balti.md\/ro\/wp-json\/wp\/v2\/product"}],"about":[{"href":"https:\/\/livrare-balti.md\/ro\/wp-json\/wp\/v2\/types\/product"}],"version-history":[{"count":0,"href":"https:\/\/livrare-balti.md\/ro\/wp-json\/wp\/v2\/product\/9961\/revisions"}],"wp:featuredmedia":[{"embeddable":true,"href":"https:\/\/livrare-balti.md\/ro\/wp-json\/wp\/v2\/media\/9860"}],"wp:attachment":[{"href":"https:\/\/livrare-balti.md\/ro\/wp-json\/wp\/v2\/media?parent=9961"}],"wp:term":[{"taxonomy":"product_brand","embeddable":true,"href":"https:\/\/livrare-balti.md\/ro\/wp-json\/wp\/v2\/product_brand?post=9961"},{"taxonomy":"product_cat","embeddable":true,"href":"https:\/\/livrare-balti.md\/ro\/wp-json\/wp\/v2\/product_cat?post=9961"},{"taxonomy":"product_tag","embeddable":true,"href":"https:\/\/livrare-balti.md\/ro\/wp-json\/wp\/v2\/product_tag?post=9961"}],"curies":[{"name":"wp","href":"https:\/\/api.w.org\/{rel}","templated":true}]}}