{"id":9955,"date":"2021-08-18T18:50:55","date_gmt":"2021-08-18T15:50:55","guid":{"rendered":"https:\/\/livrare-balti.md\/?post_type=product&#038;p=9955"},"modified":"2024-08-23T14:32:30","modified_gmt":"2024-08-23T12:32:30","slug":"zeama","status":"publish","type":"product","link":"https:\/\/livrare-balti.md\/ro\/product\/salat-oscar-ro\/felul-i-salat\/zeama\/","title":{"rendered":"Zeam\u0103"},"content":{"rendered":"","protected":false},"excerpt":{"rendered":"<p>Carne de pui, morcov, ardei gras, ro\u0219ii, t\u0103i\u021bei de cas\u0103, p\u0103trunjel, leu\u0219tean, bor\u0219 acru, sm\u00e2nt\u00e2n\u0103, ardei iute<\/p>\n<p>400\/50\/10 gr<\/p>\n","protected":false},"featured_media":9948,"template":"","meta":[],"product_brand":[],"product_cat":[445,120],"product_tag":[286],"class_list":{"0":"post-9955","1":"product","2":"type-product","3":"status-publish","4":"has-post-thumbnail","6":"product_cat-felul-i-salat","7":"product_cat-salat-oscar-ro","8":"product_tag-felul-i-toate","9":"product_shipping_class-salat-dostavka-ro","10":"wpcafe_location-salat-ro","12":"first","13":"instock","14":"shipping-taxable","15":"purchasable","16":"product-type-simple"},"aioseo_notices":[],"_links":{"self":[{"href":"https:\/\/livrare-balti.md\/ro\/wp-json\/wp\/v2\/product\/9955","targetHints":{"allow":["GET"]}}],"collection":[{"href":"https:\/\/livrare-balti.md\/ro\/wp-json\/wp\/v2\/product"}],"about":[{"href":"https:\/\/livrare-balti.md\/ro\/wp-json\/wp\/v2\/types\/product"}],"version-history":[{"count":0,"href":"https:\/\/livrare-balti.md\/ro\/wp-json\/wp\/v2\/product\/9955\/revisions"}],"wp:featuredmedia":[{"embeddable":true,"href":"https:\/\/livrare-balti.md\/ro\/wp-json\/wp\/v2\/media\/9948"}],"wp:attachment":[{"href":"https:\/\/livrare-balti.md\/ro\/wp-json\/wp\/v2\/media?parent=9955"}],"wp:term":[{"taxonomy":"product_brand","embeddable":true,"href":"https:\/\/livrare-balti.md\/ro\/wp-json\/wp\/v2\/product_brand?post=9955"},{"taxonomy":"product_cat","embeddable":true,"href":"https:\/\/livrare-balti.md\/ro\/wp-json\/wp\/v2\/product_cat?post=9955"},{"taxonomy":"product_tag","embeddable":true,"href":"https:\/\/livrare-balti.md\/ro\/wp-json\/wp\/v2\/product_tag?post=9955"}],"curies":[{"name":"wp","href":"https:\/\/api.w.org\/{rel}","templated":true}]}}