{"id":9942,"date":"2021-08-18T17:51:07","date_gmt":"2021-08-18T14:51:07","guid":{"rendered":"https:\/\/livrare-balti.md\/?post_type=product&#038;p=9942"},"modified":"2024-09-03T12:24:21","modified_gmt":"2024-09-03T10:24:21","slug":"udon-cu-carne-de-porc","status":"publish","type":"product","link":"https:\/\/livrare-balti.md\/ro\/product\/salat-oscar-ro\/pasta-salat-salat-oscar-ro\/udon-cu-carne-de-porc\/","title":{"rendered":"LASAGNA DE VITA"},"content":{"rendered":"","protected":false},"excerpt":{"rendered":"<p>Past\u0103 din f\u0103in\u0103 de gr\u00eeu, carne de porc, ciuperci, dovlecel, morcovi, fasole verde, tulpin\u0103 de \u021belin\u0103, ardei gras<\/p>\n<p>430 gr<\/p>\n","protected":false},"featured_media":23151,"template":"","meta":[],"product_brand":[],"product_cat":[1089,120],"product_tag":[282,797,798],"class_list":{"0":"post-9942","1":"product","2":"type-product","3":"status-publish","4":"has-post-thumbnail","6":"product_cat-pasta-salat-salat-oscar-ro","7":"product_cat-salat-oscar-ro","8":"product_tag-felul-ii-toate","9":"product_tag-vtorye-blyuda-vse-ro","10":"product_tag-vtorye-blyuda-vse-ro-2","11":"product_shipping_class-salat-dostavka-ro","12":"wpcafe_location-salat-ro","14":"first","15":"instock","16":"shipping-taxable","17":"purchasable","18":"product-type-simple"},"aioseo_notices":[],"_links":{"self":[{"href":"https:\/\/livrare-balti.md\/ro\/wp-json\/wp\/v2\/product\/9942","targetHints":{"allow":["GET"]}}],"collection":[{"href":"https:\/\/livrare-balti.md\/ro\/wp-json\/wp\/v2\/product"}],"about":[{"href":"https:\/\/livrare-balti.md\/ro\/wp-json\/wp\/v2\/types\/product"}],"version-history":[{"count":0,"href":"https:\/\/livrare-balti.md\/ro\/wp-json\/wp\/v2\/product\/9942\/revisions"}],"wp:featuredmedia":[{"embeddable":true,"href":"https:\/\/livrare-balti.md\/ro\/wp-json\/wp\/v2\/media\/23151"}],"wp:attachment":[{"href":"https:\/\/livrare-balti.md\/ro\/wp-json\/wp\/v2\/media?parent=9942"}],"wp:term":[{"taxonomy":"product_brand","embeddable":true,"href":"https:\/\/livrare-balti.md\/ro\/wp-json\/wp\/v2\/product_brand?post=9942"},{"taxonomy":"product_cat","embeddable":true,"href":"https:\/\/livrare-balti.md\/ro\/wp-json\/wp\/v2\/product_cat?post=9942"},{"taxonomy":"product_tag","embeddable":true,"href":"https:\/\/livrare-balti.md\/ro\/wp-json\/wp\/v2\/product_tag?post=9942"}],"curies":[{"name":"wp","href":"https:\/\/api.w.org\/{rel}","templated":true}]}}