{"id":9892,"date":"2021-08-13T23:06:25","date_gmt":"2021-08-13T20:06:25","guid":{"rendered":"https:\/\/livrare-balti.md\/?post_type=product&#038;p=9892"},"modified":"2023-07-30T16:34:09","modified_gmt":"2023-07-30T14:34:09","slug":"clatita-cu-banana-si-nutella","status":"publish","type":"product","link":"https:\/\/livrare-balti.md\/ro\/product\/salat-oscar-ro\/clatita-cu-banana-si-nutella\/","title":{"rendered":"Cl\u0103tit\u0103 cu banan\u0103 \u0219i Nutella"},"content":{"rendered":"<p>Cl\u0103tit\u0103, Nutella, banan\u0103, zah\u0103r pudr\u0103, mint\u0103.<\/p>\n<p>345 gr<\/p>\n","protected":false},"excerpt":{"rendered":"<p>Cl\u0103tit\u0103, Nutella, banan\u0103, zah\u0103r pudr\u0103, mint\u0103. 345 gr<\/p>\n","protected":false},"featured_media":18857,"template":"","meta":[],"product_brand":[],"product_cat":[120],"product_tag":[284],"class_list":{"0":"post-9892","1":"product","2":"type-product","3":"status-publish","4":"has-post-thumbnail","6":"product_cat-salat-oscar-ro","7":"product_tag-deserturi-toate","8":"product_shipping_class-salat-dostavka-ro","9":"wpcafe_location-salat-ro","11":"first","12":"instock","13":"shipping-taxable","14":"purchasable","15":"product-type-simple"},"aioseo_notices":[],"_links":{"self":[{"href":"https:\/\/livrare-balti.md\/ro\/wp-json\/wp\/v2\/product\/9892","targetHints":{"allow":["GET"]}}],"collection":[{"href":"https:\/\/livrare-balti.md\/ro\/wp-json\/wp\/v2\/product"}],"about":[{"href":"https:\/\/livrare-balti.md\/ro\/wp-json\/wp\/v2\/types\/product"}],"version-history":[{"count":0,"href":"https:\/\/livrare-balti.md\/ro\/wp-json\/wp\/v2\/product\/9892\/revisions"}],"wp:featuredmedia":[{"embeddable":true,"href":"https:\/\/livrare-balti.md\/ro\/wp-json\/wp\/v2\/media\/18857"}],"wp:attachment":[{"href":"https:\/\/livrare-balti.md\/ro\/wp-json\/wp\/v2\/media?parent=9892"}],"wp:term":[{"taxonomy":"product_brand","embeddable":true,"href":"https:\/\/livrare-balti.md\/ro\/wp-json\/wp\/v2\/product_brand?post=9892"},{"taxonomy":"product_cat","embeddable":true,"href":"https:\/\/livrare-balti.md\/ro\/wp-json\/wp\/v2\/product_cat?post=9892"},{"taxonomy":"product_tag","embeddable":true,"href":"https:\/\/livrare-balti.md\/ro\/wp-json\/wp\/v2\/product_tag?post=9892"}],"curies":[{"name":"wp","href":"https:\/\/api.w.org\/{rel}","templated":true}]}}