{"id":9730,"date":"2021-07-27T18:41:30","date_gmt":"2021-07-27T15:41:30","guid":{"rendered":"https:\/\/livrare-balti.md\/?post_type=product&#038;p=9730"},"modified":"2022-07-25T00:07:29","modified_gmt":"2022-07-24T21:07:29","slug":"prajitura-raw-cu-ulei-natural-de-cocos-nuci-caju-smochine-si-ciocolata-neagra","status":"publish","type":"product","link":"https:\/\/livrare-balti.md\/ro\/product\/oliva-ro\/desert-oliva-ro\/prajitura-raw-cu-ulei-natural-de-cocos-nuci-caju-smochine-si-ciocolata-neagra\/","title":{"rendered":"PR\u0102JITUR\u0102 RAW CU ULEI NATURAL DE COCOS, NUCI CAJU, SMOCHINE \u015eI CIOCOLAT\u0102 NEAGR\u0102"},"content":{"rendered":"","protected":false},"excerpt":{"rendered":"","protected":false},"featured_media":30106,"template":"","meta":[],"product_brand":[],"product_cat":[468,121],"product_tag":[],"class_list":{"0":"post-9730","1":"product","2":"type-product","3":"status-publish","4":"has-post-thumbnail","6":"product_cat-desert-oliva-ro","7":"product_cat-oliva-ro","8":"product_shipping_class-oliva-dostavka-ro","9":"wpcafe_location-oliva-ro","11":"first","12":"instock","13":"shipping-taxable","14":"purchasable","15":"product-type-simple"},"aioseo_notices":[],"_links":{"self":[{"href":"https:\/\/livrare-balti.md\/ro\/wp-json\/wp\/v2\/product\/9730","targetHints":{"allow":["GET"]}}],"collection":[{"href":"https:\/\/livrare-balti.md\/ro\/wp-json\/wp\/v2\/product"}],"about":[{"href":"https:\/\/livrare-balti.md\/ro\/wp-json\/wp\/v2\/types\/product"}],"version-history":[{"count":0,"href":"https:\/\/livrare-balti.md\/ro\/wp-json\/wp\/v2\/product\/9730\/revisions"}],"wp:featuredmedia":[{"embeddable":true,"href":"https:\/\/livrare-balti.md\/ro\/wp-json\/wp\/v2\/media\/30106"}],"wp:attachment":[{"href":"https:\/\/livrare-balti.md\/ro\/wp-json\/wp\/v2\/media?parent=9730"}],"wp:term":[{"taxonomy":"product_brand","embeddable":true,"href":"https:\/\/livrare-balti.md\/ro\/wp-json\/wp\/v2\/product_brand?post=9730"},{"taxonomy":"product_cat","embeddable":true,"href":"https:\/\/livrare-balti.md\/ro\/wp-json\/wp\/v2\/product_cat?post=9730"},{"taxonomy":"product_tag","embeddable":true,"href":"https:\/\/livrare-balti.md\/ro\/wp-json\/wp\/v2\/product_tag?post=9730"}],"curies":[{"name":"wp","href":"https:\/\/api.w.org\/{rel}","templated":true}]}}