{"id":9721,"date":"2021-07-27T18:35:29","date_gmt":"2021-07-27T15:35:29","guid":{"rendered":"https:\/\/livrare-balti.md\/?post_type=product&#038;p=9721"},"modified":"2022-07-25T00:07:58","modified_gmt":"2022-07-24T21:07:58","slug":"tarta-de-lamaie-dupa-reteta-clasica-siciliana","status":"publish","type":"product","link":"https:\/\/livrare-balti.md\/ro\/product\/oliva-ro\/desert-oliva-ro\/tarta-de-lamaie-dupa-reteta-clasica-siciliana\/","title":{"rendered":"TART\u0102 DE LAM\u00c2IE DUP\u0102 RE\u021aETA CLASIC\u0102 SICILIAN\u0102"},"content":{"rendered":"","protected":false},"excerpt":{"rendered":"","protected":false},"featured_media":25580,"template":"","meta":[],"product_brand":[],"product_cat":[468,121],"product_tag":[284],"class_list":{"0":"post-9721","1":"product","2":"type-product","3":"status-publish","4":"has-post-thumbnail","6":"product_cat-desert-oliva-ro","7":"product_cat-oliva-ro","8":"product_tag-deserturi-toate","9":"product_shipping_class-oliva-dostavka-ro","10":"wpcafe_location-oliva-ro","12":"first","13":"instock","14":"shipping-taxable","15":"purchasable","16":"product-type-simple"},"aioseo_notices":[],"_links":{"self":[{"href":"https:\/\/livrare-balti.md\/ro\/wp-json\/wp\/v2\/product\/9721","targetHints":{"allow":["GET"]}}],"collection":[{"href":"https:\/\/livrare-balti.md\/ro\/wp-json\/wp\/v2\/product"}],"about":[{"href":"https:\/\/livrare-balti.md\/ro\/wp-json\/wp\/v2\/types\/product"}],"version-history":[{"count":0,"href":"https:\/\/livrare-balti.md\/ro\/wp-json\/wp\/v2\/product\/9721\/revisions"}],"wp:featuredmedia":[{"embeddable":true,"href":"https:\/\/livrare-balti.md\/ro\/wp-json\/wp\/v2\/media\/25580"}],"wp:attachment":[{"href":"https:\/\/livrare-balti.md\/ro\/wp-json\/wp\/v2\/media?parent=9721"}],"wp:term":[{"taxonomy":"product_brand","embeddable":true,"href":"https:\/\/livrare-balti.md\/ro\/wp-json\/wp\/v2\/product_brand?post=9721"},{"taxonomy":"product_cat","embeddable":true,"href":"https:\/\/livrare-balti.md\/ro\/wp-json\/wp\/v2\/product_cat?post=9721"},{"taxonomy":"product_tag","embeddable":true,"href":"https:\/\/livrare-balti.md\/ro\/wp-json\/wp\/v2\/product_tag?post=9721"}],"curies":[{"name":"wp","href":"https:\/\/api.w.org\/{rel}","templated":true}]}}