{"id":9497,"date":"2021-07-21T23:09:38","date_gmt":"2021-07-21T20:09:38","guid":{"rendered":"https:\/\/livrare-balti.md\/?post_type=product&#038;p=9497"},"modified":"2022-07-25T01:49:07","modified_gmt":"2022-07-24T22:49:07","slug":"cheesecake-oreo-cu-caramela-sarata","status":"publish","type":"product","link":"https:\/\/livrare-balti.md\/ro\/product\/salat-oscar-ro\/deserturi-salat\/cheesecake-oreo-cu-caramela-sarata\/","title":{"rendered":"Cheesecake Oreo cu caramel\u0103 s\u0103rat\u0103"},"content":{"rendered":"<p>180 gr<\/p>\n","protected":false},"excerpt":{"rendered":"<p>180 gr<\/p>\n","protected":false},"featured_media":9488,"template":"","meta":[],"product_brand":[],"product_cat":[559,120],"product_tag":[284],"class_list":{"0":"post-9497","1":"product","2":"type-product","3":"status-publish","4":"has-post-thumbnail","6":"product_cat-deserturi-salat","7":"product_cat-salat-oscar-ro","8":"product_tag-deserturi-toate","9":"product_shipping_class-salat-dostavka-ro","10":"wpcafe_location-salat-ro","12":"first","13":"instock","14":"shipping-taxable","15":"purchasable","16":"product-type-simple"},"aioseo_notices":[],"_links":{"self":[{"href":"https:\/\/livrare-balti.md\/ro\/wp-json\/wp\/v2\/product\/9497","targetHints":{"allow":["GET"]}}],"collection":[{"href":"https:\/\/livrare-balti.md\/ro\/wp-json\/wp\/v2\/product"}],"about":[{"href":"https:\/\/livrare-balti.md\/ro\/wp-json\/wp\/v2\/types\/product"}],"version-history":[{"count":0,"href":"https:\/\/livrare-balti.md\/ro\/wp-json\/wp\/v2\/product\/9497\/revisions"}],"wp:featuredmedia":[{"embeddable":true,"href":"https:\/\/livrare-balti.md\/ro\/wp-json\/wp\/v2\/media\/9488"}],"wp:attachment":[{"href":"https:\/\/livrare-balti.md\/ro\/wp-json\/wp\/v2\/media?parent=9497"}],"wp:term":[{"taxonomy":"product_brand","embeddable":true,"href":"https:\/\/livrare-balti.md\/ro\/wp-json\/wp\/v2\/product_brand?post=9497"},{"taxonomy":"product_cat","embeddable":true,"href":"https:\/\/livrare-balti.md\/ro\/wp-json\/wp\/v2\/product_cat?post=9497"},{"taxonomy":"product_tag","embeddable":true,"href":"https:\/\/livrare-balti.md\/ro\/wp-json\/wp\/v2\/product_tag?post=9497"}],"curies":[{"name":"wp","href":"https:\/\/api.w.org\/{rel}","templated":true}]}}