{"id":8699,"date":"2021-05-31T01:22:44","date_gmt":"2021-05-30T22:22:44","guid":{"rendered":"https:\/\/livrare-balti.md\/?post_type=product&#038;p=8699"},"modified":"2023-06-11T23:54:25","modified_gmt":"2023-06-11T21:54:25","slug":"salata-caesaer-cu-creveti","status":"publish","type":"product","link":"https:\/\/livrare-balti.md\/ro\/product\/oliva-ro\/salata-oliva-ro\/salata-caesaer-cu-creveti\/","title":{"rendered":"Salata Caesaer cu creveti"},"content":{"rendered":"<div class=\"product_weight \u0435\u0443\u044b\u0435\"><span class=\"title\">m\u0103rimea produsului :\u00a0<\/span>250<\/div>\n<div class=\"product-description\">\n<p>Salat\u0103 Caesar cu creve\u0163i , cu ro\u0219ii , salata Iceberg \u0219i valerianella , crutoane de p\u00e2ine alb\u00e2 , asezonat\u0103 cu sos Caesar \u0219i Parmezan<\/p>\n<\/div>\n","protected":false},"excerpt":{"rendered":"<p>m\u0103rimea produsului :\u00a0250 Salat\u0103 Caesar cu creve\u0163i , cu ro\u0219ii , salata Iceberg \u0219i valerianella , crutoane de p\u00e2ine alb\u00e2 , asezonat\u0103 cu sos Caesar \u0219i Parmezan<\/p>\n","protected":false},"featured_media":8697,"template":"","meta":[],"product_brand":[],"product_cat":[121,141],"product_tag":[290],"class_list":{"0":"post-8699","1":"product","2":"type-product","3":"status-publish","4":"has-post-thumbnail","6":"product_cat-oliva-ro","7":"product_cat-salata-oliva-ro","8":"product_tag-salate-toate","9":"product_shipping_class-oliva-dostavka-ro","10":"wpcafe_location-oliva-ro","12":"first","13":"instock","14":"shipping-taxable","15":"purchasable","16":"product-type-simple"},"aioseo_notices":[],"_links":{"self":[{"href":"https:\/\/livrare-balti.md\/ro\/wp-json\/wp\/v2\/product\/8699","targetHints":{"allow":["GET"]}}],"collection":[{"href":"https:\/\/livrare-balti.md\/ro\/wp-json\/wp\/v2\/product"}],"about":[{"href":"https:\/\/livrare-balti.md\/ro\/wp-json\/wp\/v2\/types\/product"}],"version-history":[{"count":0,"href":"https:\/\/livrare-balti.md\/ro\/wp-json\/wp\/v2\/product\/8699\/revisions"}],"wp:featuredmedia":[{"embeddable":true,"href":"https:\/\/livrare-balti.md\/ro\/wp-json\/wp\/v2\/media\/8697"}],"wp:attachment":[{"href":"https:\/\/livrare-balti.md\/ro\/wp-json\/wp\/v2\/media?parent=8699"}],"wp:term":[{"taxonomy":"product_brand","embeddable":true,"href":"https:\/\/livrare-balti.md\/ro\/wp-json\/wp\/v2\/product_brand?post=8699"},{"taxonomy":"product_cat","embeddable":true,"href":"https:\/\/livrare-balti.md\/ro\/wp-json\/wp\/v2\/product_cat?post=8699"},{"taxonomy":"product_tag","embeddable":true,"href":"https:\/\/livrare-balti.md\/ro\/wp-json\/wp\/v2\/product_tag?post=8699"}],"curies":[{"name":"wp","href":"https:\/\/api.w.org\/{rel}","templated":true}]}}