{"id":8170,"date":"2021-04-26T20:08:45","date_gmt":"2021-04-26T17:08:45","guid":{"rendered":"https:\/\/livrare-balti.md\/?post_type=product&#038;p=8170"},"modified":"2022-01-23T23:05:22","modified_gmt":"2022-01-23T20:05:22","slug":"pizza-vanatoreasca","status":"publish","type":"product","link":"https:\/\/livrare-balti.md\/ro\/product\/aerodesign-ro\/pizza-vanatoreasca\/","title":{"rendered":"Baloane"},"content":{"rendered":"<p>C\u00e2rn\u0103ciori v\u00e2n\u0103tore\u0219ti, sos de pizza, file de pui, ca\u0219caval mozzarella, bacon, ro\u0219ii proaspete, castrave\u021bi mura\u021bi.<\/p>\n<p>500gr<\/p>\n","protected":false},"excerpt":{"rendered":"<p>C\u00e2rn\u0103ciori v\u00e2n\u0103tore\u0219ti, sos de pizza, file de pui, ca\u0219caval mozzarella, bacon, ro\u0219ii proaspete, castrave\u021bi mura\u021bi. 500gr<\/p>\n","protected":false},"featured_media":24054,"template":"","meta":[],"product_brand":[],"product_cat":[119],"product_tag":[],"class_list":{"0":"post-8170","1":"product","2":"type-product","3":"status-publish","4":"has-post-thumbnail","6":"product_cat-aerodesign-ro","7":"product_shipping_class-aerodesign-dostavka-ro","8":"wpcafe_location-aerodesign-ro","10":"first","11":"instock","12":"shipping-taxable","13":"purchasable","14":"product-type-simple"},"aioseo_notices":[],"_links":{"self":[{"href":"https:\/\/livrare-balti.md\/ro\/wp-json\/wp\/v2\/product\/8170","targetHints":{"allow":["GET"]}}],"collection":[{"href":"https:\/\/livrare-balti.md\/ro\/wp-json\/wp\/v2\/product"}],"about":[{"href":"https:\/\/livrare-balti.md\/ro\/wp-json\/wp\/v2\/types\/product"}],"version-history":[{"count":0,"href":"https:\/\/livrare-balti.md\/ro\/wp-json\/wp\/v2\/product\/8170\/revisions"}],"wp:featuredmedia":[{"embeddable":true,"href":"https:\/\/livrare-balti.md\/ro\/wp-json\/wp\/v2\/media\/24054"}],"wp:attachment":[{"href":"https:\/\/livrare-balti.md\/ro\/wp-json\/wp\/v2\/media?parent=8170"}],"wp:term":[{"taxonomy":"product_brand","embeddable":true,"href":"https:\/\/livrare-balti.md\/ro\/wp-json\/wp\/v2\/product_brand?post=8170"},{"taxonomy":"product_cat","embeddable":true,"href":"https:\/\/livrare-balti.md\/ro\/wp-json\/wp\/v2\/product_cat?post=8170"},{"taxonomy":"product_tag","embeddable":true,"href":"https:\/\/livrare-balti.md\/ro\/wp-json\/wp\/v2\/product_tag?post=8170"}],"curies":[{"name":"wp","href":"https:\/\/api.w.org\/{rel}","templated":true}]}}