{"id":7968,"date":"2021-04-14T17:44:09","date_gmt":"2021-04-14T14:44:09","guid":{"rendered":"https:\/\/livrare-balti.md\/?post_type=product&#038;p=7968"},"modified":"2023-06-11T23:55:11","modified_gmt":"2023-06-11T21:55:11","slug":"salata-vitamin","status":"publish","type":"product","link":"https:\/\/livrare-balti.md\/ro\/product\/oliva-ro\/salata-oliva-ro\/salata-vitamin\/","title":{"rendered":"V\u00c2N\u0102T\u0102 SMOKY CU CREM\u0102 DE BR\u00c2NZ\u0102 BUKO \u0218I CA\u0218CAVAL FETA. ASEZONAT\u0102 CU NUCI DE PIN, SOS DELICIOS PESTO \u0218I RUCOLA"},"content":{"rendered":"","protected":false},"excerpt":{"rendered":"","protected":false},"featured_media":25622,"template":"","meta":[],"product_brand":[],"product_cat":[121,141],"product_tag":[290],"class_list":{"0":"post-7968","1":"product","2":"type-product","3":"status-publish","4":"has-post-thumbnail","6":"product_cat-oliva-ro","7":"product_cat-salata-oliva-ro","8":"product_tag-salate-toate","9":"product_shipping_class-oliva-dostavka-ro","10":"wpcafe_location-oliva-ro","12":"first","13":"instock","14":"shipping-taxable","15":"purchasable","16":"product-type-simple"},"aioseo_notices":[],"_links":{"self":[{"href":"https:\/\/livrare-balti.md\/ro\/wp-json\/wp\/v2\/product\/7968","targetHints":{"allow":["GET"]}}],"collection":[{"href":"https:\/\/livrare-balti.md\/ro\/wp-json\/wp\/v2\/product"}],"about":[{"href":"https:\/\/livrare-balti.md\/ro\/wp-json\/wp\/v2\/types\/product"}],"version-history":[{"count":0,"href":"https:\/\/livrare-balti.md\/ro\/wp-json\/wp\/v2\/product\/7968\/revisions"}],"wp:featuredmedia":[{"embeddable":true,"href":"https:\/\/livrare-balti.md\/ro\/wp-json\/wp\/v2\/media\/25622"}],"wp:attachment":[{"href":"https:\/\/livrare-balti.md\/ro\/wp-json\/wp\/v2\/media?parent=7968"}],"wp:term":[{"taxonomy":"product_brand","embeddable":true,"href":"https:\/\/livrare-balti.md\/ro\/wp-json\/wp\/v2\/product_brand?post=7968"},{"taxonomy":"product_cat","embeddable":true,"href":"https:\/\/livrare-balti.md\/ro\/wp-json\/wp\/v2\/product_cat?post=7968"},{"taxonomy":"product_tag","embeddable":true,"href":"https:\/\/livrare-balti.md\/ro\/wp-json\/wp\/v2\/product_tag?post=7968"}],"curies":[{"name":"wp","href":"https:\/\/api.w.org\/{rel}","templated":true}]}}