{"id":7042,"date":"2021-02-16T20:58:38","date_gmt":"2021-02-16T17:58:38","guid":{"rendered":"https:\/\/livrare-balti.md\/?post_type=product&#038;p=7042"},"modified":"2024-07-24T17:31:29","modified_gmt":"2024-07-24T15:31:29","slug":"platou-family","status":"publish","type":"product","link":"https:\/\/livrare-balti.md\/ro\/product\/salat-oscar-ro\/platou-family\/","title":{"rendered":"Platou Family"},"content":{"rendered":"","protected":false},"excerpt":{"rendered":"<p>Frig\u0103rui de porc \u0219i pui, steak de pui, mici, c\u00e2rn\u0103ciori,\u00a0costi\u021b\u0103 de porc, cartofi fri, castrave\u021bi \u0219i ro\u0219ii marinate, ceap\u0103 marinat\u0103, ardei gras, varz\u0103, maz\u0103re, maionez\u0103, ketchup, mu\u0219tar<\/p>\n<div class=\"row-info\">\n<div class=\"weight\">2500 gr.<\/div>\n<\/div>\n","protected":false},"featured_media":7043,"template":"","meta":[],"product_brand":[],"product_cat":[120],"product_tag":[282],"class_list":{"0":"post-7042","1":"product","2":"type-product","3":"status-publish","4":"has-post-thumbnail","6":"product_cat-salat-oscar-ro","7":"product_tag-felul-ii-toate","8":"wpcafe_location-salat-ro","10":"first","11":"instock","12":"shipping-taxable","13":"purchasable","14":"product-type-simple"},"aioseo_notices":[],"_links":{"self":[{"href":"https:\/\/livrare-balti.md\/ro\/wp-json\/wp\/v2\/product\/7042","targetHints":{"allow":["GET"]}}],"collection":[{"href":"https:\/\/livrare-balti.md\/ro\/wp-json\/wp\/v2\/product"}],"about":[{"href":"https:\/\/livrare-balti.md\/ro\/wp-json\/wp\/v2\/types\/product"}],"version-history":[{"count":0,"href":"https:\/\/livrare-balti.md\/ro\/wp-json\/wp\/v2\/product\/7042\/revisions"}],"wp:featuredmedia":[{"embeddable":true,"href":"https:\/\/livrare-balti.md\/ro\/wp-json\/wp\/v2\/media\/7043"}],"wp:attachment":[{"href":"https:\/\/livrare-balti.md\/ro\/wp-json\/wp\/v2\/media?parent=7042"}],"wp:term":[{"taxonomy":"product_brand","embeddable":true,"href":"https:\/\/livrare-balti.md\/ro\/wp-json\/wp\/v2\/product_brand?post=7042"},{"taxonomy":"product_cat","embeddable":true,"href":"https:\/\/livrare-balti.md\/ro\/wp-json\/wp\/v2\/product_cat?post=7042"},{"taxonomy":"product_tag","embeddable":true,"href":"https:\/\/livrare-balti.md\/ro\/wp-json\/wp\/v2\/product_tag?post=7042"}],"curies":[{"name":"wp","href":"https:\/\/api.w.org\/{rel}","templated":true}]}}