{"id":7035,"date":"2021-02-16T20:39:55","date_gmt":"2021-02-16T17:39:55","guid":{"rendered":"https:\/\/livrare-balti.md\/?post_type=product&#038;p=7035"},"modified":"2024-08-23T15:46:25","modified_gmt":"2024-08-23T13:46:25","slug":"burger-cu-carne-de-pui","status":"publish","type":"product","link":"https:\/\/livrare-balti.md\/ro\/product\/salat-oscar-ro\/burger-salat-salat-oscar-ro\/burger-cu-carne-de-pui\/","title":{"rendered":"Burger cu carne de pui  cu cola 0,25"},"content":{"rendered":"","protected":false},"excerpt":{"rendered":"<p>Chifl\u0103 crocant\u0103, p\u00e2rjoal\u0103 de pui, frunze de salat\u0103, ro\u0219ii, castrave\u021bi marina\u021bi, cartofi fri, ketchup<\/p>\n<div class=\"row-info\">\n<div class=\"weight\">270 gr.<\/div>\n<\/div>\n","protected":false},"featured_media":28295,"template":"","meta":[],"product_brand":[],"product_cat":[1087,120],"product_tag":[281,436],"class_list":{"0":"post-7035","1":"product","2":"type-product","3":"status-publish","4":"has-post-thumbnail","6":"product_cat-burger-salat-salat-oscar-ro","7":"product_cat-salat-oscar-ro","8":"product_tag-burgeri-toate","9":"product_tag-fast-food-toate","10":"wpcafe_location-salat-ro","12":"first","13":"instock","14":"shipping-taxable","15":"purchasable","16":"product-type-simple"},"aioseo_notices":[],"_links":{"self":[{"href":"https:\/\/livrare-balti.md\/ro\/wp-json\/wp\/v2\/product\/7035","targetHints":{"allow":["GET"]}}],"collection":[{"href":"https:\/\/livrare-balti.md\/ro\/wp-json\/wp\/v2\/product"}],"about":[{"href":"https:\/\/livrare-balti.md\/ro\/wp-json\/wp\/v2\/types\/product"}],"version-history":[{"count":0,"href":"https:\/\/livrare-balti.md\/ro\/wp-json\/wp\/v2\/product\/7035\/revisions"}],"wp:featuredmedia":[{"embeddable":true,"href":"https:\/\/livrare-balti.md\/ro\/wp-json\/wp\/v2\/media\/28295"}],"wp:attachment":[{"href":"https:\/\/livrare-balti.md\/ro\/wp-json\/wp\/v2\/media?parent=7035"}],"wp:term":[{"taxonomy":"product_brand","embeddable":true,"href":"https:\/\/livrare-balti.md\/ro\/wp-json\/wp\/v2\/product_brand?post=7035"},{"taxonomy":"product_cat","embeddable":true,"href":"https:\/\/livrare-balti.md\/ro\/wp-json\/wp\/v2\/product_cat?post=7035"},{"taxonomy":"product_tag","embeddable":true,"href":"https:\/\/livrare-balti.md\/ro\/wp-json\/wp\/v2\/product_tag?post=7035"}],"curies":[{"name":"wp","href":"https:\/\/api.w.org\/{rel}","templated":true}]}}