{"id":6897,"date":"2021-02-13T19:16:19","date_gmt":"2021-02-13T16:16:19","guid":{"rendered":"https:\/\/livrare-balti.md\/?post_type=product&#038;p=6897"},"modified":"2021-02-13T19:16:19","modified_gmt":"2021-02-13T16:16:19","slug":"fitmin-maxi-junior-15-kg","status":"publish","type":"product","link":"https:\/\/livrare-balti.md\/ro\/product\/fitmin\/fitmin-maxi-junior-15-kg\/","title":{"rendered":"Fitmin Maxi Junior 15 kg"},"content":{"rendered":"<p>Fitmin Maxi Junior&amp;nbsp;\u2013Hrana calitate super-premium, cu o energie controlat\u0103 pentru dezvoltarea scheletului, pentru catei de rasele mari si gigantice cu v\u00e2rsta \u00eentre 5-18 luni.Avantaje:produse de la 75% din componentele de origine animal\u010350% carne de pui proasp\u0103t\u010319% de ingrediente uscate din carne de pui6% din ingredientele de pe\u0219te77% din proteinele de origine animal\u0103o energie controlat\u0103 pentru dezvoltarea scheletuluisulfat de condroitina si glucozamina pentru articulatii sanatoasefara gr\u00e2u, \u00een scopul de a reduce riscul de alergieprotec\u021bie dentar complex pentru din\u021bi s\u0103n\u0103to\u0219iextract de rozmarin pentru \u00eembun\u0103t\u0103\u021birea func\u021biei hepatice \u0219i digestie mai bun\u0103&amp;nbsp;nu con\u021bine soia sau cereale modificate genetic<\/p>\n","protected":false},"excerpt":{"rendered":"<p>Ingrediente:<br \/>\nCarne de pas\u0103re (pui proasp\u0103t 50% carne crud\u0103, 15% de pui uscat, ficat de pui hidrolizat 3%), orez, porumb, gr\u0103sime de pas\u0103re, f\u0103in\u0103 de pe\u0219te 5%, pulpa de sfecla, seminte de in, din tart\u0103 uscat\u0103 de mere, ou\u0103 de pui, ulei de somon (1%),drojdie de bere, fosfat dicalcic, fructo-oligozaharide(0,2%), carbonat de calciu, sulfat de glucozamin\u0103(0,03%), extract de yucca, sulfat de condroitin (0,025%), antioxidan\u021bi complexe naturale (0,02%), extract de rozmarin (0,01%).Analiza:protein\u0103 brut\u0103 (27%), uleiuri \u0219i gr\u0103simi (12%), fibre brute (2,5%), cenu\u0219\u0103 brut\u0103 (7,2%), calciu (1,2%), fosfor(1,1%) de sodiu (0,25%).<\/p>\n","protected":false},"featured_media":6893,"template":"","meta":[],"product_brand":[],"product_cat":[368],"product_tag":[370],"class_list":{"0":"post-6897","1":"product","2":"type-product","3":"status-publish","4":"has-post-thumbnail","6":"product_cat-fitmin","7":"product_tag-totul-pentru-animale-de-companie","8":"wpcafe_location-fitmin-ro","10":"first","11":"instock","12":"shipping-taxable","13":"purchasable","14":"product-type-simple"},"aioseo_notices":[],"_links":{"self":[{"href":"https:\/\/livrare-balti.md\/ro\/wp-json\/wp\/v2\/product\/6897","targetHints":{"allow":["GET"]}}],"collection":[{"href":"https:\/\/livrare-balti.md\/ro\/wp-json\/wp\/v2\/product"}],"about":[{"href":"https:\/\/livrare-balti.md\/ro\/wp-json\/wp\/v2\/types\/product"}],"version-history":[{"count":0,"href":"https:\/\/livrare-balti.md\/ro\/wp-json\/wp\/v2\/product\/6897\/revisions"}],"wp:featuredmedia":[{"embeddable":true,"href":"https:\/\/livrare-balti.md\/ro\/wp-json\/wp\/v2\/media\/6893"}],"wp:attachment":[{"href":"https:\/\/livrare-balti.md\/ro\/wp-json\/wp\/v2\/media?parent=6897"}],"wp:term":[{"taxonomy":"product_brand","embeddable":true,"href":"https:\/\/livrare-balti.md\/ro\/wp-json\/wp\/v2\/product_brand?post=6897"},{"taxonomy":"product_cat","embeddable":true,"href":"https:\/\/livrare-balti.md\/ro\/wp-json\/wp\/v2\/product_cat?post=6897"},{"taxonomy":"product_tag","embeddable":true,"href":"https:\/\/livrare-balti.md\/ro\/wp-json\/wp\/v2\/product_tag?post=6897"}],"curies":[{"name":"wp","href":"https:\/\/api.w.org\/{rel}","templated":true}]}}