{"id":6826,"date":"2021-02-13T00:49:50","date_gmt":"2021-02-12T21:49:50","guid":{"rendered":"https:\/\/livrare-balti.md\/?post_type=product&#038;p=6826"},"modified":"2021-02-18T22:07:13","modified_gmt":"2021-02-18T19:07:13","slug":"fitmin-for-life-puppy-3-kg-2","status":"publish","type":"product","link":"https:\/\/livrare-balti.md\/ro\/product\/fitmin\/fitmin-for-life-puppy-3-kg-2\/","title":{"rendered":"Fitmin For Life Puppy 3 kg"},"content":{"rendered":"<p>Fitmin For Life Puppy\u2013este o hran\u0103 de calitate premium pentru c\u00e2ine de toate rasele, care este compus 70% din materiale de origine animal\u0103, din care 25,5% este carne proaspata (de pas\u0103re, carne de porc, carne de vit\u0103).Avantaje:Carnea proasp\u0103t\u0103 \u0219i extract de ficat de pui pe suprafa\u021ba de fiecare granul\u0103 a garanta un gust unic,Granule mici, care ajuta la pui musca,Furaj con\u021bine DHA, care sprijin\u0103 dezvoltarea celulelor nervoase.Concentra\u021bia echilibrat\u0103 de omega 3 \u0219i 6 pentru p\u0103r \u0219i piele au fost \u00een cea mai bun\u0103 stare.Extract de radacina de cicoare ac\u021bioneaz\u0103 ca un prebiotic sprijinirea echilibrul florei intestinale.Contine drojdie de bere, o sursa naturala de vitamina B.<\/p>\n","protected":false},"excerpt":{"rendered":"<p>Ingrediente:<br \/>\ncarne proasp\u0103t\u0103 carne (\/ de pas\u0103re, carne de porc, carne de vit\u0103 \/ 20%, carne de pas\u0103re deshidratat\u0103 28%, ficatului de pas\u0103re hidrolizat\u0103 3,5%), gr\u0103sime de pas\u0103re (11,6%), orez, f\u0103in\u0103 de gr\u00e2u, porumb, gr\u00e2u, t\u0103r\u00e2\u021be gr\u00e2u, drojdie de bere (2.5%), pulp\u0103 de sfecl\u0103 uscat\u0103 (din sfecl\u0103 de zah\u0103r), germeni de gr\u00e2u, pulp\u0103 uscat\u0103 de mere, ulei de somon (0.4%), r\u0103d\u0103cini de cicoare (0.1%), yucca.Analiza:<br \/>\nprotein\u0103 brut\u0103 30%, uleiuri \u0219i gr\u0103simi 18%, fibre brute de 3%, cenu\u0219\u0103 brut\u0103 8,5% calciu, 1,6% fosfor 1,1%.<\/p>\n","protected":false},"featured_media":6827,"template":"","meta":[],"product_brand":[],"product_cat":[368],"product_tag":[370],"class_list":{"0":"post-6826","1":"product","2":"type-product","3":"status-publish","4":"has-post-thumbnail","6":"product_cat-fitmin","7":"product_tag-totul-pentru-animale-de-companie","8":"wpcafe_location-fitmin-ro","10":"first","11":"instock","12":"shipping-taxable","13":"purchasable","14":"product-type-simple"},"aioseo_notices":[],"_links":{"self":[{"href":"https:\/\/livrare-balti.md\/ro\/wp-json\/wp\/v2\/product\/6826","targetHints":{"allow":["GET"]}}],"collection":[{"href":"https:\/\/livrare-balti.md\/ro\/wp-json\/wp\/v2\/product"}],"about":[{"href":"https:\/\/livrare-balti.md\/ro\/wp-json\/wp\/v2\/types\/product"}],"version-history":[{"count":0,"href":"https:\/\/livrare-balti.md\/ro\/wp-json\/wp\/v2\/product\/6826\/revisions"}],"wp:featuredmedia":[{"embeddable":true,"href":"https:\/\/livrare-balti.md\/ro\/wp-json\/wp\/v2\/media\/6827"}],"wp:attachment":[{"href":"https:\/\/livrare-balti.md\/ro\/wp-json\/wp\/v2\/media?parent=6826"}],"wp:term":[{"taxonomy":"product_brand","embeddable":true,"href":"https:\/\/livrare-balti.md\/ro\/wp-json\/wp\/v2\/product_brand?post=6826"},{"taxonomy":"product_cat","embeddable":true,"href":"https:\/\/livrare-balti.md\/ro\/wp-json\/wp\/v2\/product_cat?post=6826"},{"taxonomy":"product_tag","embeddable":true,"href":"https:\/\/livrare-balti.md\/ro\/wp-json\/wp\/v2\/product_tag?post=6826"}],"curies":[{"name":"wp","href":"https:\/\/api.w.org\/{rel}","templated":true}]}}