{"id":6591,"date":"2021-02-09T19:09:57","date_gmt":"2021-02-09T16:09:57","guid":{"rendered":"https:\/\/livrare-balti.md\/?post_type=product&#038;p=6591"},"modified":"2021-02-09T19:11:31","modified_gmt":"2021-02-09T16:11:31","slug":"fitmin-for-life-adult-mini-3-kg","status":"publish","type":"product","link":"https:\/\/livrare-balti.md\/ro\/product\/fitmin\/fitmin-for-life-adult-mini-3-kg\/","title":{"rendered":"Fitmin For Life Adult Mini 3 kg"},"content":{"rendered":"<p>Fitmin For Life Adult Mini &#8211; Aceasta este o hrana completa de clasa premium pentru caini adulti de rase mici. Con\u021bine 66% proteine \u200b\u200banimale, din care: 30% carne proasp\u0103t\u0103 &#8211; carne de pui, carne de porc, carne de vit\u0103, carne de pas\u0103re uscat\u0103 21%. Carnea proaspata este o sursa naturala de vitamine si minerale, iar stratul de ficat al fiecarui granulat asigura gustul si aroma exceptionala a furajelor. Extract de r\u0103d\u0103cin\u0103 de cicoare cu un con\u021binut ridicat de inulin\u0103, care ac\u021bioneaz\u0103 ca un probiotic eficient, are un efect pozitiv asupra digestiei. Con\u021binutul echilibrat de acizi gra\u0219i omega-3 \u0219i omega-6 &#8211; pentru piele \u0219i blan\u0103 s\u0103n\u0103toase. Extractul de Yucca are reduce mirosul nepl\u0103cut al secre\u021biilor.Avantaje:sursa naturala de vitamine si mineraleExtrac\u021bia din ciclonul \u00eenalt cu con\u021binut ridicat de inulin\u0103 este eficient\u0103 ca substan\u021b\u0103 preventiv\u0103 \u0219i efect pozitiv asupra alimentelor.Carne proasp\u0103t\u0103 \u0219i glazur\u0103 de lac care acoper\u0103 fiecare grunula, garant\u00e2nd o calitate excep\u021bional\u0103 a gustului r\u0103d\u0103cin\u0103.Extractul Yucca extrage un efect antiparazitar \u0219i reduce umflarea fecalelor.echilibru 3 \u0219i 6 acid gras pentru piele \u0219i l\u00e2n\u0103 s\u0103n\u0103toas\u0103Ingridiente:<br \/>\nCarne (carne proasp\u0103t\u0103 \/ pui, carne de porc, carne de vit\u0103 \/ &#8211; 30%, pui uscat 21%, ficat de pui hidratat 3.5%), gr\u00e2u, t\u0103r\u00e2\u021be de gr\u00e2u, gr\u0103sime de pas\u0103re, f\u0103in\u0103 de gr\u00e2u, , pulp\u0103 de mere, drojdie de bere, dihidrofosfat de sodiu, germeni de gr\u00e2u, celuloz\u0103, r\u0103d\u0103cin\u0103 de cicoare (0,01%), yucca (0,005%).Analiza:<br \/>\nProtein\u0103 brut\u0103 26%, uleiuri \u0219i gr\u0103simi vegetale brute 16%, fibre brute 3,6%, cenu\u0219\u0103 9%, calciu 1,4%, fosfor 1,1%.<\/p>\n","protected":false},"excerpt":{"rendered":"<p>Fitmin For Life Adult Mini &#8211; Aceasta este o hrana completa de clasa premium pentru caini adulti de rase mici. Con\u021bine 66% proteine \u200b\u200banimale, din care: 30% carne proasp\u0103t\u0103 &#8211; carne de pui, carne de porc, carne de vit\u0103, carne de pas\u0103re uscat\u0103 21%.<\/p>\n","protected":false},"featured_media":6867,"template":"","meta":[],"product_brand":[],"product_cat":[368],"product_tag":[370],"class_list":{"0":"post-6591","1":"product","2":"type-product","3":"status-publish","4":"has-post-thumbnail","6":"product_cat-fitmin","7":"product_tag-totul-pentru-animale-de-companie","8":"wpcafe_location-fitmin-ro","10":"first","11":"instock","12":"shipping-taxable","13":"purchasable","14":"product-type-simple"},"aioseo_notices":[],"_links":{"self":[{"href":"https:\/\/livrare-balti.md\/ro\/wp-json\/wp\/v2\/product\/6591","targetHints":{"allow":["GET"]}}],"collection":[{"href":"https:\/\/livrare-balti.md\/ro\/wp-json\/wp\/v2\/product"}],"about":[{"href":"https:\/\/livrare-balti.md\/ro\/wp-json\/wp\/v2\/types\/product"}],"version-history":[{"count":0,"href":"https:\/\/livrare-balti.md\/ro\/wp-json\/wp\/v2\/product\/6591\/revisions"}],"wp:featuredmedia":[{"embeddable":true,"href":"https:\/\/livrare-balti.md\/ro\/wp-json\/wp\/v2\/media\/6867"}],"wp:attachment":[{"href":"https:\/\/livrare-balti.md\/ro\/wp-json\/wp\/v2\/media?parent=6591"}],"wp:term":[{"taxonomy":"product_brand","embeddable":true,"href":"https:\/\/livrare-balti.md\/ro\/wp-json\/wp\/v2\/product_brand?post=6591"},{"taxonomy":"product_cat","embeddable":true,"href":"https:\/\/livrare-balti.md\/ro\/wp-json\/wp\/v2\/product_cat?post=6591"},{"taxonomy":"product_tag","embeddable":true,"href":"https:\/\/livrare-balti.md\/ro\/wp-json\/wp\/v2\/product_tag?post=6591"}],"curies":[{"name":"wp","href":"https:\/\/api.w.org\/{rel}","templated":true}]}}