{"id":3460,"date":"2020-12-03T16:03:58","date_gmt":"2020-12-03T13:03:58","guid":{"rendered":"https:\/\/livrare-balti.md\/product\/prozora-gazirovannaya-0-5-l\/"},"modified":"2023-03-30T15:10:45","modified_gmt":"2023-03-30T13:10:45","slug":"prozora-gazirovannaya-0-5-l","status":"publish","type":"product","link":"https:\/\/livrare-balti.md\/ro\/product\/obolon-ro\/apa-minerala\/prozora-gazirovannaya-0-5-l\/","title":{"rendered":"Prozora carbogazoas\u0103 0.5 L"},"content":{"rendered":"","protected":false},"excerpt":{"rendered":"<p>Ap\u0103 potabil\u0103 natural\u0103, care este extras\u0103 din f\u00e2nt\u00e2ni arteziene cu o ad\u00e2ncime de 120 m \u015fi este supus\u0103 unui control strict de calitate microbiologic\u0103. Apa are propriet\u0103\u0163i unice, fapt ce este confirmat de rezultatele cercet\u0103rilor fizice, chimice \u015fi microbiologice, realizate de Institutul Ecologiei Omului din Ucraina. \u00cen conformitate cu rezultatele cercet\u0103rilor, apa ,,Prozora\u201d are o structur\u0103 ce corespunde maxim apei con\u0163inute \u00een celulele omului, ceea ce \u00eenseamn\u0103 c\u0103 se asimileaz\u0103 mai bine.<\/p>\n<p><a href=\"tel:+37360680016\"><strong>6 lei \/0.5 L<\/strong><\/a><\/p>\n","protected":false},"featured_media":3097,"template":"","meta":[],"product_brand":[],"product_cat":[219,212,293],"product_tag":[287],"class_list":{"0":"post-3460","1":"product","2":"type-product","3":"status-publish","4":"has-post-thumbnail","6":"product_cat-apa-minerala","7":"product_cat-obolon-ro","8":"product_cat-obolon-ro-2","9":"product_tag-bauturi-toate","10":"product_shipping_class-obolon-dostavka-ro-2","11":"product_shipping_class-obolon-dostavka-ro","13":"first","14":"instock","15":"shipping-taxable","16":"purchasable","17":"product-type-simple"},"aioseo_notices":[],"_links":{"self":[{"href":"https:\/\/livrare-balti.md\/ro\/wp-json\/wp\/v2\/product\/3460","targetHints":{"allow":["GET"]}}],"collection":[{"href":"https:\/\/livrare-balti.md\/ro\/wp-json\/wp\/v2\/product"}],"about":[{"href":"https:\/\/livrare-balti.md\/ro\/wp-json\/wp\/v2\/types\/product"}],"version-history":[{"count":0,"href":"https:\/\/livrare-balti.md\/ro\/wp-json\/wp\/v2\/product\/3460\/revisions"}],"wp:featuredmedia":[{"embeddable":true,"href":"https:\/\/livrare-balti.md\/ro\/wp-json\/wp\/v2\/media\/3097"}],"wp:attachment":[{"href":"https:\/\/livrare-balti.md\/ro\/wp-json\/wp\/v2\/media?parent=3460"}],"wp:term":[{"taxonomy":"product_brand","embeddable":true,"href":"https:\/\/livrare-balti.md\/ro\/wp-json\/wp\/v2\/product_brand?post=3460"},{"taxonomy":"product_cat","embeddable":true,"href":"https:\/\/livrare-balti.md\/ro\/wp-json\/wp\/v2\/product_cat?post=3460"},{"taxonomy":"product_tag","embeddable":true,"href":"https:\/\/livrare-balti.md\/ro\/wp-json\/wp\/v2\/product_tag?post=3460"}],"curies":[{"name":"wp","href":"https:\/\/api.w.org\/{rel}","templated":true}]}}