{"id":3433,"date":"2020-12-03T15:46:37","date_gmt":"2020-12-03T12:46:37","guid":{"rendered":"https:\/\/livrare-balti.md\/product\/obolonskaya-2-gazirovannaya-1-l\/"},"modified":"2021-01-17T17:02:59","modified_gmt":"2021-01-17T14:02:59","slug":"obolonskaya-2-gazirovannaya-1-l","status":"publish","type":"product","link":"https:\/\/livrare-balti.md\/ro\/product\/obolon-ro\/apa-minerala\/obolonskaya-2-gazirovannaya-1-l\/","title":{"rendered":"Obolonska-2 necarbogazoas\u0103 1L"},"content":{"rendered":"","protected":false},"excerpt":{"rendered":"<p>Ap\u0103 mineral\u0103 natural\u0103 necarbogazoas\u0103 de mas\u0103 pentru consum zilnic. Este extras\u0103 dint-o f\u00e2nt\u00e2n\u0103 artezian\u0103 din Krasilov, regiunea Hmelni\u021bki. Are un con\u0163inut optim de minerale \u015fi microelemente (calciu, magneziu, potasiu \u0219i sodiu), precum \u0219i con\u021bine siliciu, care are un impact pozitiv asupra activit\u0103\u021bii organismului. Regleaz\u0103 echilibrul de ap\u0103, stimuleaz\u0103 digestia \u015fi constituie o parte integrant\u0103 a alimenta\u021biei s\u0103n\u0103toase a familiei.<\/p>\n<p><a href=\"tel:+37360680016\"><strong>9 lei \/ 1 L<\/strong><\/a><\/p>\n","protected":false},"featured_media":3065,"template":"","meta":[],"product_brand":[],"product_cat":[219,212,293],"product_tag":[287],"class_list":{"0":"post-3433","1":"product","2":"type-product","3":"status-publish","4":"has-post-thumbnail","6":"product_cat-apa-minerala","7":"product_cat-obolon-ro","8":"product_cat-obolon-ro-2","9":"product_tag-bauturi-toate","10":"product_shipping_class-obolon-dostavka-ro-2","11":"product_shipping_class-obolon-dostavka-ro","13":"first","14":"instock","15":"shipping-taxable","16":"purchasable","17":"product-type-simple"},"aioseo_notices":[],"_links":{"self":[{"href":"https:\/\/livrare-balti.md\/ro\/wp-json\/wp\/v2\/product\/3433","targetHints":{"allow":["GET"]}}],"collection":[{"href":"https:\/\/livrare-balti.md\/ro\/wp-json\/wp\/v2\/product"}],"about":[{"href":"https:\/\/livrare-balti.md\/ro\/wp-json\/wp\/v2\/types\/product"}],"version-history":[{"count":0,"href":"https:\/\/livrare-balti.md\/ro\/wp-json\/wp\/v2\/product\/3433\/revisions"}],"wp:featuredmedia":[{"embeddable":true,"href":"https:\/\/livrare-balti.md\/ro\/wp-json\/wp\/v2\/media\/3065"}],"wp:attachment":[{"href":"https:\/\/livrare-balti.md\/ro\/wp-json\/wp\/v2\/media?parent=3433"}],"wp:term":[{"taxonomy":"product_brand","embeddable":true,"href":"https:\/\/livrare-balti.md\/ro\/wp-json\/wp\/v2\/product_brand?post=3433"},{"taxonomy":"product_cat","embeddable":true,"href":"https:\/\/livrare-balti.md\/ro\/wp-json\/wp\/v2\/product_cat?post=3433"},{"taxonomy":"product_tag","embeddable":true,"href":"https:\/\/livrare-balti.md\/ro\/wp-json\/wp\/v2\/product_tag?post=3433"}],"curies":[{"name":"wp","href":"https:\/\/api.w.org\/{rel}","templated":true}]}}