{"id":3412,"date":"2020-12-03T15:36:16","date_gmt":"2020-12-03T12:36:16","guid":{"rendered":"https:\/\/livrare-balti.md\/product\/zhivchik-apelsin-gazirovannyj-1-l\/"},"modified":"2023-03-30T15:16:36","modified_gmt":"2023-03-30T13:16:36","slug":"zhivchik-apelsin-gazirovannyj-1-l","status":"publish","type":"product","link":"https:\/\/livrare-balti.md\/ro\/product\/obolon-ro\/bauturi-f-ara-alcool\/zhivchik-apelsin-gazirovannyj-1-l\/","title":{"rendered":"Jivcic cu suc de portocale carbogazat 1 L"},"content":{"rendered":"<p>Zbruchanskaya 77\u201d este atribuit\u0103 categoriei de ape curative de mas\u0103 \u0219i se caracterizeaz\u0103 ca fiind o ap\u0103 hidrocarbonat\u0103 \u0441u magneziu \u015fi sodiu, ce are un con\u0163inut cationic divers &#8211; 500ml<\/p>\n","protected":false},"excerpt":{"rendered":"<p>,,Jivcic Portocal\u0103\u201d con\u0163ine suc natural de portocale \u015fi extract de c\u0103tin\u0103. Este bogat \u00een vitaminele E \u015fi C, are propriet\u0103\u0163i antioxidante puternice. Iat\u0103 de ce copiii care consum\u0103 ,,Jivcic Portocal\u0103\u201d cu extract de c\u0103tin\u0103 \u00ee\u0219i \u00eent\u0103resc imunitatea. De asemenea, aceasta potole\u015fte excelent setea.<\/p>\n<p><a href=\"tel:+37360680016\"><strong>11 lei \/ 1 L<\/strong><\/a><\/p>\n","protected":false},"featured_media":3037,"template":"","meta":[],"product_brand":[],"product_cat":[218,212,293],"product_tag":[287],"class_list":{"0":"post-3412","1":"product","2":"type-product","3":"status-publish","4":"has-post-thumbnail","6":"product_cat-bauturi-f-ara-alcool","7":"product_cat-obolon-ro","8":"product_cat-obolon-ro-2","9":"product_tag-bauturi-toate","10":"product_shipping_class-obolon-dostavka-ro-2","11":"product_shipping_class-obolon-dostavka-ro","13":"first","14":"instock","15":"shipping-taxable","16":"purchasable","17":"product-type-simple"},"aioseo_notices":[],"_links":{"self":[{"href":"https:\/\/livrare-balti.md\/ro\/wp-json\/wp\/v2\/product\/3412","targetHints":{"allow":["GET"]}}],"collection":[{"href":"https:\/\/livrare-balti.md\/ro\/wp-json\/wp\/v2\/product"}],"about":[{"href":"https:\/\/livrare-balti.md\/ro\/wp-json\/wp\/v2\/types\/product"}],"version-history":[{"count":0,"href":"https:\/\/livrare-balti.md\/ro\/wp-json\/wp\/v2\/product\/3412\/revisions"}],"wp:featuredmedia":[{"embeddable":true,"href":"https:\/\/livrare-balti.md\/ro\/wp-json\/wp\/v2\/media\/3037"}],"wp:attachment":[{"href":"https:\/\/livrare-balti.md\/ro\/wp-json\/wp\/v2\/media?parent=3412"}],"wp:term":[{"taxonomy":"product_brand","embeddable":true,"href":"https:\/\/livrare-balti.md\/ro\/wp-json\/wp\/v2\/product_brand?post=3412"},{"taxonomy":"product_cat","embeddable":true,"href":"https:\/\/livrare-balti.md\/ro\/wp-json\/wp\/v2\/product_cat?post=3412"},{"taxonomy":"product_tag","embeddable":true,"href":"https:\/\/livrare-balti.md\/ro\/wp-json\/wp\/v2\/product_tag?post=3412"}],"curies":[{"name":"wp","href":"https:\/\/api.w.org\/{rel}","templated":true}]}}