{"id":3406,"date":"2020-12-03T15:34:17","date_gmt":"2020-12-03T12:34:17","guid":{"rendered":"https:\/\/livrare-balti.md\/product\/zhivchik-limon-gazirovannyj-1-l\/"},"modified":"2021-12-10T23:15:36","modified_gmt":"2021-12-10T20:15:36","slug":"zhivchik-limon-gazirovannyj-1-l","status":"publish","type":"product","link":"https:\/\/livrare-balti.md\/ro\/product\/obolon-ro\/bauturi-f-ara-alcool\/zhivchik-limon-gazirovannyj-1-l\/","title":{"rendered":"Jivcic cu suc de l\u0103m\u00e2ie carbogazat 1 L"},"content":{"rendered":"","protected":false},"excerpt":{"rendered":"<p>,,Jivcic L\u0103m\u00e2ie\u201d este fabricat\u0103 pe baz\u0103 de suc natural de l\u0103m\u00e2ie \u015fi ap\u0103 artezian\u0103. Copiii o iubesc pentru c\u0103 e gustoas\u0103, iar p\u0103rin\u0163ii pentru c\u0103 e folositoare: prin vitaminele C \u015fi E care intr\u0103 \u00een componen\u0163a acesteia \u015fi contribuie la normalizarea indicatorilor sistemului imunitar, diminueaz\u0103 efectele impactului advers al mediului ambiant \u015fi chiar \u015fi ridic\u0103 rezisten\u0163a organismului fa\u0163\u0103 de stres.<\/p>\n<p><a href=\"tel:+37360680016\"><strong>11 lei \/ 1 L<\/strong><\/a><\/p>\n","protected":false},"featured_media":3029,"template":"","meta":[],"product_brand":[],"product_cat":[218,212,293],"product_tag":[287],"class_list":{"0":"post-3406","1":"product","2":"type-product","3":"status-publish","4":"has-post-thumbnail","6":"product_cat-bauturi-f-ara-alcool","7":"product_cat-obolon-ro","8":"product_cat-obolon-ro-2","9":"product_tag-bauturi-toate","10":"product_shipping_class-obolon-dostavka-ro","11":"product_shipping_class-obolon-dostavka-ro-2","13":"first","14":"instock","15":"shipping-taxable","16":"purchasable","17":"product-type-simple"},"aioseo_notices":[],"_links":{"self":[{"href":"https:\/\/livrare-balti.md\/ro\/wp-json\/wp\/v2\/product\/3406","targetHints":{"allow":["GET"]}}],"collection":[{"href":"https:\/\/livrare-balti.md\/ro\/wp-json\/wp\/v2\/product"}],"about":[{"href":"https:\/\/livrare-balti.md\/ro\/wp-json\/wp\/v2\/types\/product"}],"version-history":[{"count":0,"href":"https:\/\/livrare-balti.md\/ro\/wp-json\/wp\/v2\/product\/3406\/revisions"}],"wp:featuredmedia":[{"embeddable":true,"href":"https:\/\/livrare-balti.md\/ro\/wp-json\/wp\/v2\/media\/3029"}],"wp:attachment":[{"href":"https:\/\/livrare-balti.md\/ro\/wp-json\/wp\/v2\/media?parent=3406"}],"wp:term":[{"taxonomy":"product_brand","embeddable":true,"href":"https:\/\/livrare-balti.md\/ro\/wp-json\/wp\/v2\/product_brand?post=3406"},{"taxonomy":"product_cat","embeddable":true,"href":"https:\/\/livrare-balti.md\/ro\/wp-json\/wp\/v2\/product_cat?post=3406"},{"taxonomy":"product_tag","embeddable":true,"href":"https:\/\/livrare-balti.md\/ro\/wp-json\/wp\/v2\/product_tag?post=3406"}],"curies":[{"name":"wp","href":"https:\/\/api.w.org\/{rel}","templated":true}]}}