{"id":3399,"date":"2020-12-03T15:31:43","date_gmt":"2020-12-03T12:31:43","guid":{"rendered":"https:\/\/livrare-balti.md\/product\/zhivchik-grusha-gazirovannyj-2-l\/"},"modified":"2021-12-10T23:16:46","modified_gmt":"2021-12-10T20:16:46","slug":"zhivchik-grusha-gazirovannyj-2-l","status":"publish","type":"product","link":"https:\/\/livrare-balti.md\/ro\/product\/obolon-ro\/bauturi-f-ara-alcool\/zhivchik-grusha-gazirovannyj-2-l\/","title":{"rendered":"Jivcic cu suc de pere carbogazat 2 L"},"content":{"rendered":"","protected":false},"excerpt":{"rendered":"<p>,,Jivcic Par\u0103\u201d constituie o b\u0103utur\u0103 cu suc natural de pere, ce con\u0163ine extract de m\u0103ce\u0219e. Extractul fructelor de m\u0103ce\u015fe este bogat \u00een vitaminele C \u0219i E \u0219i este cunoscut pentru propriet\u0103\u021bile sale curative. Datorit\u0103 con\u0163inutului nutritiv, ,,Jivcic Par\u0103\u201d amelioreaz\u0103 stresul, contribuie la \u00eent\u0103rirea imunit\u0103\u021bii \u015fi \u00eembun\u0103t\u0103\u0163e\u015fte vederea, precum \u015fi v\u0103 r\u0103core\u015fte perfect, chiar \u015fi pe timp de canicul\u0103.<\/p>\n<p><a href=\"tel:+37360680016\"><strong>16 lei \/2 L<\/strong><\/a><\/p>\n","protected":false},"featured_media":3021,"template":"","meta":[],"product_brand":[],"product_cat":[218,212,293],"product_tag":[287],"class_list":{"0":"post-3399","1":"product","2":"type-product","3":"status-publish","4":"has-post-thumbnail","6":"product_cat-bauturi-f-ara-alcool","7":"product_cat-obolon-ro","8":"product_cat-obolon-ro-2","9":"product_tag-bauturi-toate","10":"product_shipping_class-obolon-dostavka-ro-2","11":"product_shipping_class-obolon-dostavka-ro","13":"first","14":"instock","15":"shipping-taxable","16":"purchasable","17":"product-type-simple"},"aioseo_notices":[],"_links":{"self":[{"href":"https:\/\/livrare-balti.md\/ro\/wp-json\/wp\/v2\/product\/3399","targetHints":{"allow":["GET"]}}],"collection":[{"href":"https:\/\/livrare-balti.md\/ro\/wp-json\/wp\/v2\/product"}],"about":[{"href":"https:\/\/livrare-balti.md\/ro\/wp-json\/wp\/v2\/types\/product"}],"version-history":[{"count":0,"href":"https:\/\/livrare-balti.md\/ro\/wp-json\/wp\/v2\/product\/3399\/revisions"}],"wp:featuredmedia":[{"embeddable":true,"href":"https:\/\/livrare-balti.md\/ro\/wp-json\/wp\/v2\/media\/3021"}],"wp:attachment":[{"href":"https:\/\/livrare-balti.md\/ro\/wp-json\/wp\/v2\/media?parent=3399"}],"wp:term":[{"taxonomy":"product_brand","embeddable":true,"href":"https:\/\/livrare-balti.md\/ro\/wp-json\/wp\/v2\/product_brand?post=3399"},{"taxonomy":"product_cat","embeddable":true,"href":"https:\/\/livrare-balti.md\/ro\/wp-json\/wp\/v2\/product_cat?post=3399"},{"taxonomy":"product_tag","embeddable":true,"href":"https:\/\/livrare-balti.md\/ro\/wp-json\/wp\/v2\/product_tag?post=3399"}],"curies":[{"name":"wp","href":"https:\/\/api.w.org\/{rel}","templated":true}]}}