{"id":3371,"date":"2020-12-03T15:20:18","date_gmt":"2020-12-03T12:20:18","guid":{"rendered":"https:\/\/livrare-balti.md\/product\/zhivchik-yabloko-gazirovannyj-zh-b-0-33-l\/"},"modified":"2023-03-30T15:33:55","modified_gmt":"2023-03-30T13:33:55","slug":"zhivchik-yabloko-gazirovannyj-zh-b-0-33-l","status":"publish","type":"product","link":"https:\/\/livrare-balti.md\/ro\/product\/obolon-ro\/bauturi-f-ara-alcool\/zhivchik-yabloko-gazirovannyj-zh-b-0-33-l\/","title":{"rendered":"Jivcic cu suc de mere carbogazat \u00een cutie 0.33 L"},"content":{"rendered":"<p>Con\u0163ine suc natural de mere \u015fi extract de echinaceea. B\u0103utura este \u00eembog\u0103\u0163it\u0103 cu microelemente utile \u015fi vitaminele C \u015fi E, care contribuie la \u00eent\u0103rirea imunit\u0103\u0163ii, ridicarea randamentului de lucru \u015fi \u00eembun\u0103t\u0103\u021birea st\u0103rii de spirit &#8211; 330ml<\/p>\n","protected":false},"excerpt":{"rendered":"<p>Con\u0163ine suc natural de mere \u015fi extract de echinaceea. B\u0103utura este \u00eembog\u0103\u0163it\u0103 cu microelemente utile \u015fi vitaminele C \u015fi E, care contribuie la \u00eent\u0103rirea imunit\u0103\u0163ii, ridicarea randamentului de lucru \u015fi \u00eembun\u0103t\u0103\u021birea st\u0103rii de spirit. Aceasta nu e doar nemaipomenit de gustoas\u0103, dar \u015fi s\u0103n\u0103toas\u0103!<\/p>\n<p><a href=\"tel:+37360680016\"><strong>7 lei \/0.33 L<\/strong><\/a><\/p>\n","protected":false},"featured_media":2985,"template":"","meta":[],"product_brand":[],"product_cat":[218,212,293],"product_tag":[287],"class_list":{"0":"post-3371","1":"product","2":"type-product","3":"status-publish","4":"has-post-thumbnail","6":"product_cat-bauturi-f-ara-alcool","7":"product_cat-obolon-ro","8":"product_cat-obolon-ro-2","9":"product_tag-bauturi-toate","10":"product_shipping_class-obolon-dostavka-ro-2","12":"first","13":"instock","14":"shipping-taxable","15":"purchasable","16":"product-type-simple"},"aioseo_notices":[],"_links":{"self":[{"href":"https:\/\/livrare-balti.md\/ro\/wp-json\/wp\/v2\/product\/3371","targetHints":{"allow":["GET"]}}],"collection":[{"href":"https:\/\/livrare-balti.md\/ro\/wp-json\/wp\/v2\/product"}],"about":[{"href":"https:\/\/livrare-balti.md\/ro\/wp-json\/wp\/v2\/types\/product"}],"version-history":[{"count":0,"href":"https:\/\/livrare-balti.md\/ro\/wp-json\/wp\/v2\/product\/3371\/revisions"}],"wp:featuredmedia":[{"embeddable":true,"href":"https:\/\/livrare-balti.md\/ro\/wp-json\/wp\/v2\/media\/2985"}],"wp:attachment":[{"href":"https:\/\/livrare-balti.md\/ro\/wp-json\/wp\/v2\/media?parent=3371"}],"wp:term":[{"taxonomy":"product_brand","embeddable":true,"href":"https:\/\/livrare-balti.md\/ro\/wp-json\/wp\/v2\/product_brand?post=3371"},{"taxonomy":"product_cat","embeddable":true,"href":"https:\/\/livrare-balti.md\/ro\/wp-json\/wp\/v2\/product_cat?post=3371"},{"taxonomy":"product_tag","embeddable":true,"href":"https:\/\/livrare-balti.md\/ro\/wp-json\/wp\/v2\/product_tag?post=3371"}],"curies":[{"name":"wp","href":"https:\/\/api.w.org\/{rel}","templated":true}]}}