{"id":3362,"date":"2020-12-03T02:46:24","date_gmt":"2020-12-02T23:46:24","guid":{"rendered":"https:\/\/livrare-balti.md\/product\/desant-ekstrakrepkoe-1-25-l\/"},"modified":"2021-01-17T17:13:14","modified_gmt":"2021-01-17T14:13:14","slug":"desant-ekstrakrepkoe-1-25-l","status":"publish","type":"product","link":"https:\/\/livrare-balti.md\/ro\/product\/obolon-ro\/bere-in-ambalaj-pet\/desant-ekstrakrepkoe-1-25-l\/","title":{"rendered":"Desant Extrastrong 1.25 L"},"content":{"rendered":"","protected":false},"excerpt":{"rendered":"<p><strong>Frac\u021biunea de volum de alcool 8,0%<br \/>\nCon\u021binutul de substan\u021b\u0103 uscat\u0103 \u00een mustul ini\u021bial 16,0%<\/strong><\/p>\n<p>Bere blond\u0103 tare, fabricat\u0103 din ingrediente naturale selecte. Aceast\u0103 t\u0103rie s-a \u00eencadrat armonios \u00een gustul de mal\u0163 \u015fi gr\u00e2u al berii<\/p>\n<p><a href=\"tel:+37360680016\"><strong>21 lei \/1.25 L<\/strong><\/a><\/p>\n","protected":false},"featured_media":2970,"template":"","meta":[],"product_brand":[],"product_cat":[217,212,292,293],"product_tag":[280,277],"class_list":{"0":"post-3362","1":"product","2":"type-product","3":"status-publish","4":"has-post-thumbnail","6":"product_cat-bere-in-ambalaj-pet","7":"product_cat-obolon-ro","8":"product_cat-butylochnoe-pivo-obolon-ro","9":"product_cat-obolon-ro-2","10":"product_tag-alcoolul-si-tigarile-toate","11":"product_tag-alkogol-i-sigarety-vse","12":"product_shipping_class-obolon-dostavka","13":"product_shipping_class-obolon-dostavka-ro","15":"first","16":"instock","17":"shipping-taxable","18":"purchasable","19":"product-type-simple"},"aioseo_notices":[],"_links":{"self":[{"href":"https:\/\/livrare-balti.md\/ro\/wp-json\/wp\/v2\/product\/3362","targetHints":{"allow":["GET"]}}],"collection":[{"href":"https:\/\/livrare-balti.md\/ro\/wp-json\/wp\/v2\/product"}],"about":[{"href":"https:\/\/livrare-balti.md\/ro\/wp-json\/wp\/v2\/types\/product"}],"version-history":[{"count":0,"href":"https:\/\/livrare-balti.md\/ro\/wp-json\/wp\/v2\/product\/3362\/revisions"}],"wp:featuredmedia":[{"embeddable":true,"href":"https:\/\/livrare-balti.md\/ro\/wp-json\/wp\/v2\/media\/2970"}],"wp:attachment":[{"href":"https:\/\/livrare-balti.md\/ro\/wp-json\/wp\/v2\/media?parent=3362"}],"wp:term":[{"taxonomy":"product_brand","embeddable":true,"href":"https:\/\/livrare-balti.md\/ro\/wp-json\/wp\/v2\/product_brand?post=3362"},{"taxonomy":"product_cat","embeddable":true,"href":"https:\/\/livrare-balti.md\/ro\/wp-json\/wp\/v2\/product_cat?post=3362"},{"taxonomy":"product_tag","embeddable":true,"href":"https:\/\/livrare-balti.md\/ro\/wp-json\/wp\/v2\/product_tag?post=3362"}],"curies":[{"name":"wp","href":"https:\/\/api.w.org\/{rel}","templated":true}]}}