{"id":3327,"date":"2020-12-03T02:26:42","date_gmt":"2020-12-02T23:26:42","guid":{"rendered":"https:\/\/livrare-balti.md\/product\/kruzhechka-cheshskogo-2\/"},"modified":"2021-01-17T17:33:44","modified_gmt":"2021-01-17T14:33:44","slug":"kruzhechka-cheshskogo-2","status":"publish","type":"product","link":"https:\/\/livrare-balti.md\/ro\/product\/obolon-ro\/bere-in-ambalaj-pet\/kruzhechka-cheshskogo-2\/","title":{"rendered":"Krujechika cheshskogo"},"content":{"rendered":"","protected":false},"excerpt":{"rendered":"<p><strong>Frac\u021biunea de volum de alcool <\/strong><strong>4,3%<\/strong><strong><br \/>\n<\/strong><strong>Con\u021binutul de substan\u021b\u0103 uscat\u0103 \u00een mustul ini\u021bial 10,0%<\/strong><\/p>\n<p>\u200b17 lei\/0.45L<\/p>\n","protected":false},"featured_media":10077,"template":"","meta":[],"product_brand":[],"product_cat":[217,212,293],"product_tag":[280,927],"class_list":{"0":"post-3327","1":"product","2":"type-product","3":"status-publish","4":"has-post-thumbnail","6":"product_cat-bere-in-ambalaj-pet","7":"product_cat-obolon-ro","8":"product_cat-obolon-ro-2","9":"product_tag-alcoolul-si-tigarile-toate","10":"product_tag-alkogol-i-sigarety-vse-ro","11":"product_shipping_class-obolon-dostavka-ro-2","12":"product_shipping_class-obolon-dostavka-ro","14":"first","15":"instock","16":"shipping-taxable","17":"purchasable","18":"product-type-simple"},"aioseo_notices":[],"_links":{"self":[{"href":"https:\/\/livrare-balti.md\/ro\/wp-json\/wp\/v2\/product\/3327","targetHints":{"allow":["GET"]}}],"collection":[{"href":"https:\/\/livrare-balti.md\/ro\/wp-json\/wp\/v2\/product"}],"about":[{"href":"https:\/\/livrare-balti.md\/ro\/wp-json\/wp\/v2\/types\/product"}],"version-history":[{"count":0,"href":"https:\/\/livrare-balti.md\/ro\/wp-json\/wp\/v2\/product\/3327\/revisions"}],"wp:featuredmedia":[{"embeddable":true,"href":"https:\/\/livrare-balti.md\/ro\/wp-json\/wp\/v2\/media\/10077"}],"wp:attachment":[{"href":"https:\/\/livrare-balti.md\/ro\/wp-json\/wp\/v2\/media?parent=3327"}],"wp:term":[{"taxonomy":"product_brand","embeddable":true,"href":"https:\/\/livrare-balti.md\/ro\/wp-json\/wp\/v2\/product_brand?post=3327"},{"taxonomy":"product_cat","embeddable":true,"href":"https:\/\/livrare-balti.md\/ro\/wp-json\/wp\/v2\/product_cat?post=3327"},{"taxonomy":"product_tag","embeddable":true,"href":"https:\/\/livrare-balti.md\/ro\/wp-json\/wp\/v2\/product_tag?post=3327"}],"curies":[{"name":"wp","href":"https:\/\/api.w.org\/{rel}","templated":true}]}}