{"id":3308,"date":"2020-12-03T02:12:46","date_gmt":"2020-12-02T23:12:46","guid":{"rendered":"https:\/\/livrare-balti.md\/product\/obolon-strong\/"},"modified":"2021-01-17T17:35:13","modified_gmt":"2021-01-17T14:35:13","slug":"obolon-strong","status":"publish","type":"product","link":"https:\/\/livrare-balti.md\/ro\/product\/obolon-ro\/bere-in-ambalaj-pet\/obolon-strong\/","title":{"rendered":"Obolon Strong"},"content":{"rendered":"","protected":false},"excerpt":{"rendered":"<p><strong>Frac\u021biunea de volum de alcool 8,6%<br \/>\nCon\u021binutul de substan\u021b\u0103 uscat\u0103 \u00een mustul ini\u021bial 17,0%<\/strong><\/p>\n<p><strong>Bere blond\u0103 u\u015foar\u0103 cu un gust pl\u0103cut de mal\u0163 \u015fi o am\u0103r\u0103ciune moderat\u0103.<\/strong><\/p>\n<p><strong>17 lei \/0,5L<\/strong><\/p>\n","protected":false},"featured_media":2907,"template":"","meta":[],"product_brand":[],"product_cat":[217,212,293],"product_tag":[280,927],"class_list":{"0":"post-3308","1":"product","2":"type-product","3":"status-publish","4":"has-post-thumbnail","6":"product_cat-bere-in-ambalaj-pet","7":"product_cat-obolon-ro","8":"product_cat-obolon-ro-2","9":"product_tag-alcoolul-si-tigarile-toate","10":"product_tag-alkogol-i-sigarety-vse-ro","11":"product_shipping_class-obolon-dostavka-ro-2","12":"product_shipping_class-obolon-dostavka-ro","14":"first","15":"instock","16":"shipping-taxable","17":"purchasable","18":"product-type-simple"},"aioseo_notices":[],"_links":{"self":[{"href":"https:\/\/livrare-balti.md\/ro\/wp-json\/wp\/v2\/product\/3308","targetHints":{"allow":["GET"]}}],"collection":[{"href":"https:\/\/livrare-balti.md\/ro\/wp-json\/wp\/v2\/product"}],"about":[{"href":"https:\/\/livrare-balti.md\/ro\/wp-json\/wp\/v2\/types\/product"}],"version-history":[{"count":0,"href":"https:\/\/livrare-balti.md\/ro\/wp-json\/wp\/v2\/product\/3308\/revisions"}],"wp:featuredmedia":[{"embeddable":true,"href":"https:\/\/livrare-balti.md\/ro\/wp-json\/wp\/v2\/media\/2907"}],"wp:attachment":[{"href":"https:\/\/livrare-balti.md\/ro\/wp-json\/wp\/v2\/media?parent=3308"}],"wp:term":[{"taxonomy":"product_brand","embeddable":true,"href":"https:\/\/livrare-balti.md\/ro\/wp-json\/wp\/v2\/product_brand?post=3308"},{"taxonomy":"product_cat","embeddable":true,"href":"https:\/\/livrare-balti.md\/ro\/wp-json\/wp\/v2\/product_cat?post=3308"},{"taxonomy":"product_tag","embeddable":true,"href":"https:\/\/livrare-balti.md\/ro\/wp-json\/wp\/v2\/product_tag?post=3308"}],"curies":[{"name":"wp","href":"https:\/\/api.w.org\/{rel}","templated":true}]}}