{"id":3242,"date":"2020-12-02T19:33:49","date_gmt":"2020-12-02T16:33:49","guid":{"rendered":"https:\/\/livrare-balti.md\/product\/obolon-magnat\/"},"modified":"2023-03-30T14:52:27","modified_gmt":"2023-03-30T12:52:27","slug":"obolon-magnat","status":"publish","type":"product","link":"https:\/\/livrare-balti.md\/ro\/product\/obolon-ro\/bere-in-sticle\/obolon-magnat\/","title":{"rendered":"Obolon Magnat"},"content":{"rendered":"<p>Bere de culoare auriu-\u00eenchis fermentat\u0103 la fund. \u00cen arom\u0103 pute\u0163i g\u0103si nuan\u0163e clasice de mal\u0163 \u015fi hamei. Cu un gust moale \u015fi amar pe limb\u0103 &#8211; 500ml<\/p>\n","protected":false},"excerpt":{"rendered":"<p><strong>Frac\u021biunea de volum de alcool 5,2%<br \/>\nCon\u021binutul de substan\u021b\u0103 uscat\u0103 \u00een mustul ini\u021bial 12,0%<\/strong><\/p>\n<p><strong>Bere de culoare auriu-\u00eenchis fermentat\u0103 la fund. \u00cen arom\u0103 pute\u0163i g\u0103si nuan\u0163e clasice de mal\u0163 \u015fi hamei. <\/strong><strong>Cu un gust moale \u015fi amar pe limb\u0103.<\/strong><\/p>\n<p><strong>14 lei \/0,5 l<\/strong><\/p>\n","protected":false},"featured_media":2824,"template":"","meta":[],"product_brand":[],"product_cat":[215,212,293],"product_tag":[280,927],"class_list":{"0":"post-3242","1":"product","2":"type-product","3":"status-publish","4":"has-post-thumbnail","6":"product_cat-bere-in-sticle","7":"product_cat-obolon-ro","8":"product_cat-obolon-ro-2","9":"product_tag-alcoolul-si-tigarile-toate","10":"product_tag-alkogol-i-sigarety-vse-ro","11":"product_shipping_class-obolon-dostavka-ro-2","12":"product_shipping_class-obolon-dostavka-ro","14":"first","15":"instock","16":"shipping-taxable","17":"purchasable","18":"product-type-simple"},"aioseo_notices":[],"_links":{"self":[{"href":"https:\/\/livrare-balti.md\/ro\/wp-json\/wp\/v2\/product\/3242","targetHints":{"allow":["GET"]}}],"collection":[{"href":"https:\/\/livrare-balti.md\/ro\/wp-json\/wp\/v2\/product"}],"about":[{"href":"https:\/\/livrare-balti.md\/ro\/wp-json\/wp\/v2\/types\/product"}],"version-history":[{"count":0,"href":"https:\/\/livrare-balti.md\/ro\/wp-json\/wp\/v2\/product\/3242\/revisions"}],"wp:featuredmedia":[{"embeddable":true,"href":"https:\/\/livrare-balti.md\/ro\/wp-json\/wp\/v2\/media\/2824"}],"wp:attachment":[{"href":"https:\/\/livrare-balti.md\/ro\/wp-json\/wp\/v2\/media?parent=3242"}],"wp:term":[{"taxonomy":"product_brand","embeddable":true,"href":"https:\/\/livrare-balti.md\/ro\/wp-json\/wp\/v2\/product_brand?post=3242"},{"taxonomy":"product_cat","embeddable":true,"href":"https:\/\/livrare-balti.md\/ro\/wp-json\/wp\/v2\/product_cat?post=3242"},{"taxonomy":"product_tag","embeddable":true,"href":"https:\/\/livrare-balti.md\/ro\/wp-json\/wp\/v2\/product_tag?post=3242"}],"curies":[{"name":"wp","href":"https:\/\/api.w.org\/{rel}","templated":true}]}}