{"id":3227,"date":"2020-12-02T18:57:12","date_gmt":"2020-12-02T15:57:12","guid":{"rendered":"https:\/\/livrare-balti.md\/product\/obolon-bezalkogolnoe\/"},"modified":"2023-03-30T14:49:29","modified_gmt":"2023-03-30T12:49:29","slug":"obolon-bezalkogolnoe","status":"publish","type":"product","link":"https:\/\/livrare-balti.md\/ro\/product\/obolon-ro\/bere-in-sticle\/obolon-bezalkogolnoe\/","title":{"rendered":"Obolon f\u0103r\u0103 alcool"},"content":{"rendered":"<p>Bere premium de \u00eenalt\u0103 calitate, fabricat\u0103 din mal\u021b de orz select, hamei aromat \u0219i ap\u0103 de izvor jurasic &#8211; 500ml<\/p>\n","protected":false},"excerpt":{"rendered":"<p><strong>Frac\u021biunea de volum de alcool max 0,4%<br \/>\nCon\u021binutul de substan\u021b\u0103 uscat\u0103 \u00een mustul ini\u021bial 12,0%<\/strong><\/p>\n<p><strong>Bere premium de \u00eenalt\u0103 calitate, fabricat\u0103 din mal\u021b de orz select, hamei aromat \u0219i ap\u0103 de izvor jurasic. Datorit\u0103 utiliz\u0103rii unei metode de filtrare prin membran\u0103, alcoolul este \u00eendep\u0103rtat din berea finit\u0103, care a trecut toate etapele procesului de fabricare.<\/strong><\/p>\n<p><strong>12 lei \/0,5 l<\/strong><\/p>\n","protected":false},"featured_media":2795,"template":"","meta":[],"product_brand":[],"product_cat":[215,212,293],"product_tag":[280,927],"class_list":{"0":"post-3227","1":"product","2":"type-product","3":"status-publish","4":"has-post-thumbnail","6":"product_cat-bere-in-sticle","7":"product_cat-obolon-ro","8":"product_cat-obolon-ro-2","9":"product_tag-alcoolul-si-tigarile-toate","10":"product_tag-alkogol-i-sigarety-vse-ro","11":"product_shipping_class-obolon-dostavka-ro-2","12":"product_shipping_class-obolon-dostavka-ro","14":"first","15":"instock","16":"shipping-taxable","17":"purchasable","18":"product-type-simple"},"aioseo_notices":[],"_links":{"self":[{"href":"https:\/\/livrare-balti.md\/ro\/wp-json\/wp\/v2\/product\/3227","targetHints":{"allow":["GET"]}}],"collection":[{"href":"https:\/\/livrare-balti.md\/ro\/wp-json\/wp\/v2\/product"}],"about":[{"href":"https:\/\/livrare-balti.md\/ro\/wp-json\/wp\/v2\/types\/product"}],"version-history":[{"count":0,"href":"https:\/\/livrare-balti.md\/ro\/wp-json\/wp\/v2\/product\/3227\/revisions"}],"wp:featuredmedia":[{"embeddable":true,"href":"https:\/\/livrare-balti.md\/ro\/wp-json\/wp\/v2\/media\/2795"}],"wp:attachment":[{"href":"https:\/\/livrare-balti.md\/ro\/wp-json\/wp\/v2\/media?parent=3227"}],"wp:term":[{"taxonomy":"product_brand","embeddable":true,"href":"https:\/\/livrare-balti.md\/ro\/wp-json\/wp\/v2\/product_brand?post=3227"},{"taxonomy":"product_cat","embeddable":true,"href":"https:\/\/livrare-balti.md\/ro\/wp-json\/wp\/v2\/product_cat?post=3227"},{"taxonomy":"product_tag","embeddable":true,"href":"https:\/\/livrare-balti.md\/ro\/wp-json\/wp\/v2\/product_tag?post=3227"}],"curies":[{"name":"wp","href":"https:\/\/api.w.org\/{rel}","templated":true}]}}