{"id":3187,"date":"2020-12-02T17:38:30","date_gmt":"2020-12-02T14:38:30","guid":{"rendered":"https:\/\/livrare-balti.md\/product\/zlata-praha-svetloe\/"},"modified":"2021-01-17T18:05:47","modified_gmt":"2021-01-17T15:05:47","slug":"zlata-praha-svetloe","status":"publish","type":"product","link":"https:\/\/livrare-balti.md\/ro\/product\/obolon-ro\/bere-vie\/zlata-praha-svetloe\/","title":{"rendered":"Zlata Praha \u0421\u0432\u0435\u0442\u043b\u043e\u0435"},"content":{"rendered":"","protected":false},"excerpt":{"rendered":"<p><strong>Frac\u021biunea de volum de alcool 5,0%<\/strong><br \/>\n<strong>Con\u021binutul de substan\u021b\u0103 uscat\u0103 \u00een mustul ini\u021bial 12,0%<\/strong><\/p>\n<p>Blond\u0103 filtrat\u0103.<br \/>\nFabricat\u0103 conform re\u0163etei tradi\u0163ionale pentru berea ceh\u0103. Arom\u0103 de hamei. Culoare aurie. Am\u0103r\u0103ciunea berii cehe tradi\u0163ionale.<\/p>\n<p><strong>30 lei \/litru<\/strong><\/p>\n","protected":false},"featured_media":2743,"template":"","meta":[],"product_brand":[],"product_cat":[214,212,293],"product_tag":[280,927],"class_list":{"0":"post-3187","1":"product","2":"type-product","3":"status-publish","4":"has-post-thumbnail","6":"product_cat-bere-vie","7":"product_cat-obolon-ro","8":"product_cat-obolon-ro-2","9":"product_tag-alcoolul-si-tigarile-toate","10":"product_tag-alkogol-i-sigarety-vse-ro","11":"product_shipping_class-obolon-dostavka-ro-2","13":"first","14":"instock","15":"shipping-taxable","16":"purchasable","17":"product-type-simple"},"aioseo_notices":[],"_links":{"self":[{"href":"https:\/\/livrare-balti.md\/ro\/wp-json\/wp\/v2\/product\/3187","targetHints":{"allow":["GET"]}}],"collection":[{"href":"https:\/\/livrare-balti.md\/ro\/wp-json\/wp\/v2\/product"}],"about":[{"href":"https:\/\/livrare-balti.md\/ro\/wp-json\/wp\/v2\/types\/product"}],"version-history":[{"count":0,"href":"https:\/\/livrare-balti.md\/ro\/wp-json\/wp\/v2\/product\/3187\/revisions"}],"wp:featuredmedia":[{"embeddable":true,"href":"https:\/\/livrare-balti.md\/ro\/wp-json\/wp\/v2\/media\/2743"}],"wp:attachment":[{"href":"https:\/\/livrare-balti.md\/ro\/wp-json\/wp\/v2\/media?parent=3187"}],"wp:term":[{"taxonomy":"product_brand","embeddable":true,"href":"https:\/\/livrare-balti.md\/ro\/wp-json\/wp\/v2\/product_brand?post=3187"},{"taxonomy":"product_cat","embeddable":true,"href":"https:\/\/livrare-balti.md\/ro\/wp-json\/wp\/v2\/product_cat?post=3187"},{"taxonomy":"product_tag","embeddable":true,"href":"https:\/\/livrare-balti.md\/ro\/wp-json\/wp\/v2\/product_tag?post=3187"}],"curies":[{"name":"wp","href":"https:\/\/api.w.org\/{rel}","templated":true}]}}