{"id":3184,"date":"2020-12-02T17:36:59","date_gmt":"2020-12-02T14:36:59","guid":{"rendered":"https:\/\/livrare-balti.md\/product\/zlata-praha-cherne\/"},"modified":"2021-01-17T18:06:07","modified_gmt":"2021-01-17T15:06:07","slug":"zlata-praha-cherne","status":"publish","type":"product","link":"https:\/\/livrare-balti.md\/ro\/product\/obolon-ro\/bere-vie\/zlata-praha-cherne\/","title":{"rendered":"Zlata Praha \u0427\u0435\u0440\u043d\u0435"},"content":{"rendered":"","protected":false},"excerpt":{"rendered":"<p><strong>Frac\u021biunea de volum de alcool 4,3%<\/strong><br \/>\n<strong>Con\u021binutul de substan\u021b\u0103 uscat\u0103 \u00een mustul ini\u021bial 11,0%<\/strong><\/p>\n<p>Brun\u0103.<br \/>\nLinia ceh\u0103. Con\u0163ine mal\u0163 cu un grad \u00eenalt de pr\u0103jire (deschis, de caramel, ars). Gust de fructe, \u00een special de prune uscate. U\u015foar\u0103, nu este dens\u0103. Se consum\u0103 u\u015for.<\/p>\n<p><strong>30 lei \/litru<\/strong>=&gt;24lei\/0.5l<\/p>\n<p>&nbsp;<\/p>\n","protected":false},"featured_media":2739,"template":"","meta":[],"product_brand":[],"product_cat":[214,212,293],"product_tag":[280],"class_list":{"0":"post-3184","1":"product","2":"type-product","3":"status-publish","4":"has-post-thumbnail","6":"product_cat-bere-vie","7":"product_cat-obolon-ro","8":"product_cat-obolon-ro-2","9":"product_tag-alcoolul-si-tigarile-toate","11":"first","12":"instock","13":"shipping-taxable","14":"purchasable","15":"product-type-simple"},"aioseo_notices":[],"_links":{"self":[{"href":"https:\/\/livrare-balti.md\/ro\/wp-json\/wp\/v2\/product\/3184","targetHints":{"allow":["GET"]}}],"collection":[{"href":"https:\/\/livrare-balti.md\/ro\/wp-json\/wp\/v2\/product"}],"about":[{"href":"https:\/\/livrare-balti.md\/ro\/wp-json\/wp\/v2\/types\/product"}],"version-history":[{"count":0,"href":"https:\/\/livrare-balti.md\/ro\/wp-json\/wp\/v2\/product\/3184\/revisions"}],"wp:featuredmedia":[{"embeddable":true,"href":"https:\/\/livrare-balti.md\/ro\/wp-json\/wp\/v2\/media\/2739"}],"wp:attachment":[{"href":"https:\/\/livrare-balti.md\/ro\/wp-json\/wp\/v2\/media?parent=3184"}],"wp:term":[{"taxonomy":"product_brand","embeddable":true,"href":"https:\/\/livrare-balti.md\/ro\/wp-json\/wp\/v2\/product_brand?post=3184"},{"taxonomy":"product_cat","embeddable":true,"href":"https:\/\/livrare-balti.md\/ro\/wp-json\/wp\/v2\/product_cat?post=3184"},{"taxonomy":"product_tag","embeddable":true,"href":"https:\/\/livrare-balti.md\/ro\/wp-json\/wp\/v2\/product_tag?post=3184"}],"curies":[{"name":"wp","href":"https:\/\/api.w.org\/{rel}","templated":true}]}}