{"id":3178,"date":"2020-12-02T17:29:40","date_gmt":"2020-12-02T14:29:40","guid":{"rendered":"https:\/\/livrare-balti.md\/product\/keten-brug-blanche\/"},"modified":"2021-12-10T23:40:55","modified_gmt":"2021-12-10T20:40:55","slug":"keten-brug-blanche","status":"publish","type":"product","link":"https:\/\/livrare-balti.md\/ro\/product\/obolon-ro\/bere-vie\/keten-brug-blanche\/","title":{"rendered":"Keten Brug Blanche"},"content":{"rendered":"","protected":false},"excerpt":{"rendered":"<p><strong>Keten Brug Blanche<\/strong><\/p>\n<p><strong>Frac\u021biunea de volum de alcool 4,5%<br \/>\nCon\u021binutul de substan\u021b\u0103 uscat\u0103 \u00een mustul ini\u021bial 11,5%<\/strong><\/p>\n<p>Blond\u0103 nefiltrat\u0103.<br \/>\nCon\u0163ine coriandru. Are un gust condimentat, de citrice \u015fi ierburi. O am\u0103r\u0103ciune u\u015foar\u0103.<\/p>\n<p><strong>2<\/strong><strong>7<\/strong><strong> lei \/litru<\/strong>=&gt;20lei\/0.5l<\/p>\n","protected":false},"featured_media":12718,"template":"","meta":[],"product_brand":[],"product_cat":[214,212,293],"product_tag":[280],"class_list":{"0":"post-3178","1":"product","2":"type-product","3":"status-publish","4":"has-post-thumbnail","6":"product_cat-bere-vie","7":"product_cat-obolon-ro","8":"product_cat-obolon-ro-2","9":"product_tag-alcoolul-si-tigarile-toate","11":"first","12":"instock","13":"shipping-taxable","14":"purchasable","15":"product-type-simple"},"aioseo_notices":[],"_links":{"self":[{"href":"https:\/\/livrare-balti.md\/ro\/wp-json\/wp\/v2\/product\/3178","targetHints":{"allow":["GET"]}}],"collection":[{"href":"https:\/\/livrare-balti.md\/ro\/wp-json\/wp\/v2\/product"}],"about":[{"href":"https:\/\/livrare-balti.md\/ro\/wp-json\/wp\/v2\/types\/product"}],"version-history":[{"count":0,"href":"https:\/\/livrare-balti.md\/ro\/wp-json\/wp\/v2\/product\/3178\/revisions"}],"wp:featuredmedia":[{"embeddable":true,"href":"https:\/\/livrare-balti.md\/ro\/wp-json\/wp\/v2\/media\/12718"}],"wp:attachment":[{"href":"https:\/\/livrare-balti.md\/ro\/wp-json\/wp\/v2\/media?parent=3178"}],"wp:term":[{"taxonomy":"product_brand","embeddable":true,"href":"https:\/\/livrare-balti.md\/ro\/wp-json\/wp\/v2\/product_brand?post=3178"},{"taxonomy":"product_cat","embeddable":true,"href":"https:\/\/livrare-balti.md\/ro\/wp-json\/wp\/v2\/product_cat?post=3178"},{"taxonomy":"product_tag","embeddable":true,"href":"https:\/\/livrare-balti.md\/ro\/wp-json\/wp\/v2\/product_tag?post=3178"}],"curies":[{"name":"wp","href":"https:\/\/api.w.org\/{rel}","templated":true}]}}