{"id":3160,"date":"2020-12-02T15:34:40","date_gmt":"2020-12-02T12:34:40","guid":{"rendered":"https:\/\/livrare-balti.md\/product\/primator-stout\/"},"modified":"2023-03-30T14:17:04","modified_gmt":"2023-03-30T12:17:04","slug":"primator-stout","status":"publish","type":"product","link":"https:\/\/livrare-balti.md\/ro\/product\/obolon-ro\/bere-ceha\/primator-stout\/","title":{"rendered":"Primator STOUT"},"content":{"rendered":"<p>\u00cen componen\u021ba acestei beri brune de tip irlandez, pline de armonie \u0219i contrast, intr\u0103 o combina\u021bie rafinat\u0103 de \u0219ase tipuri de mal\u021b &#8211; 500ml<\/p>\n","protected":false},"excerpt":{"rendered":"<p>\u00cen componen\u021ba acestei beri brune de tip irlandez, pline de armonie \u0219i contrast, intr\u0103 o combina\u021bie rafinat\u0103 de \u0219ase tipuri de mal\u021b. Aroma delicat\u0103 \u0219i bogat\u0103 a nucilor, ciocolatei \u0219i caramelului se combin\u0103 \u0219i, \u00een acela\u0219i timp, vine \u00een contradic\u021bie cu gustul puternic de mal\u021b pr\u0103jit \u0219i ov\u0103s uscat. Efectul estetic ideal este completat de spuma moale \u0219i dens\u0103.<\/p>\n<p>Frac\u021biunea de volum de alcool 4.7%<br \/>\nCon\u021binutul de substan\u021b\u0103 uscat\u0103 \u00een mustul ini\u021bial 11,5%<\/p>\n","protected":false},"featured_media":2707,"template":"","meta":[],"product_brand":[],"product_cat":[213,212,293],"product_tag":[280,927],"class_list":{"0":"post-3160","1":"product","2":"type-product","3":"status-publish","4":"has-post-thumbnail","6":"product_cat-bere-ceha","7":"product_cat-obolon-ro","8":"product_cat-obolon-ro-2","9":"product_tag-alcoolul-si-tigarile-toate","10":"product_tag-alkogol-i-sigarety-vse-ro","11":"product_shipping_class-obolon-dostavka-ro-2","12":"product_shipping_class-obolon-dostavka-ro","14":"first","15":"instock","16":"shipping-taxable","17":"purchasable","18":"product-type-simple"},"aioseo_notices":[],"_links":{"self":[{"href":"https:\/\/livrare-balti.md\/ro\/wp-json\/wp\/v2\/product\/3160","targetHints":{"allow":["GET"]}}],"collection":[{"href":"https:\/\/livrare-balti.md\/ro\/wp-json\/wp\/v2\/product"}],"about":[{"href":"https:\/\/livrare-balti.md\/ro\/wp-json\/wp\/v2\/types\/product"}],"version-history":[{"count":0,"href":"https:\/\/livrare-balti.md\/ro\/wp-json\/wp\/v2\/product\/3160\/revisions"}],"wp:featuredmedia":[{"embeddable":true,"href":"https:\/\/livrare-balti.md\/ro\/wp-json\/wp\/v2\/media\/2707"}],"wp:attachment":[{"href":"https:\/\/livrare-balti.md\/ro\/wp-json\/wp\/v2\/media?parent=3160"}],"wp:term":[{"taxonomy":"product_brand","embeddable":true,"href":"https:\/\/livrare-balti.md\/ro\/wp-json\/wp\/v2\/product_brand?post=3160"},{"taxonomy":"product_cat","embeddable":true,"href":"https:\/\/livrare-balti.md\/ro\/wp-json\/wp\/v2\/product_cat?post=3160"},{"taxonomy":"product_tag","embeddable":true,"href":"https:\/\/livrare-balti.md\/ro\/wp-json\/wp\/v2\/product_tag?post=3160"}],"curies":[{"name":"wp","href":"https:\/\/api.w.org\/{rel}","templated":true}]}}