{"id":3157,"date":"2020-12-02T15:32:40","date_gmt":"2020-12-02T12:32:40","guid":{"rendered":"https:\/\/livrare-balti.md\/product\/primator-chipper\/"},"modified":"2021-01-17T18:10:03","modified_gmt":"2021-01-17T15:10:03","slug":"primator-chipper","status":"publish","type":"product","link":"https:\/\/livrare-balti.md\/ro\/product\/obolon-ro\/bere-ceha\/primator-chipper\/","title":{"rendered":"Primator CHIPPER"},"content":{"rendered":"","protected":false},"excerpt":{"rendered":"<p>CHIPPER Grapefruit este o b\u0103utur\u0103 r\u0103coritoare cu gust de fructe, ce con\u021bine o am\u0103r\u0103ciune pl\u0103cut\u0103 la gust a grapefruit-ului roz \u00een combina\u021bie cu berea aromat\u0103 de gr\u00e2u. O b\u0103utur\u0103 ideal\u0103 cu un con\u021binut redus de alcool pentru momente de agrement, \u00eentruniri active, \u0219edin\u021be de sport \u0219i pentru to\u021bi cei care doresc s\u0103 se afle \u00eentr-o stare de spirit bun\u0103.<\/p>\n<p>Frac\u021biunea de volum de alcool 2.0%<\/p>\n","protected":false},"featured_media":2703,"template":"","meta":[],"product_brand":[],"product_cat":[213,212,293],"product_tag":[280,927],"class_list":{"0":"post-3157","1":"product","2":"type-product","3":"status-publish","4":"has-post-thumbnail","6":"product_cat-bere-ceha","7":"product_cat-obolon-ro","8":"product_cat-obolon-ro-2","9":"product_tag-alcoolul-si-tigarile-toate","10":"product_tag-alkogol-i-sigarety-vse-ro","11":"product_shipping_class-obolon-dostavka-ro-2","13":"first","14":"instock","15":"shipping-taxable","16":"purchasable","17":"product-type-simple"},"aioseo_notices":[],"_links":{"self":[{"href":"https:\/\/livrare-balti.md\/ro\/wp-json\/wp\/v2\/product\/3157","targetHints":{"allow":["GET"]}}],"collection":[{"href":"https:\/\/livrare-balti.md\/ro\/wp-json\/wp\/v2\/product"}],"about":[{"href":"https:\/\/livrare-balti.md\/ro\/wp-json\/wp\/v2\/types\/product"}],"version-history":[{"count":0,"href":"https:\/\/livrare-balti.md\/ro\/wp-json\/wp\/v2\/product\/3157\/revisions"}],"wp:featuredmedia":[{"embeddable":true,"href":"https:\/\/livrare-balti.md\/ro\/wp-json\/wp\/v2\/media\/2703"}],"wp:attachment":[{"href":"https:\/\/livrare-balti.md\/ro\/wp-json\/wp\/v2\/media?parent=3157"}],"wp:term":[{"taxonomy":"product_brand","embeddable":true,"href":"https:\/\/livrare-balti.md\/ro\/wp-json\/wp\/v2\/product_brand?post=3157"},{"taxonomy":"product_cat","embeddable":true,"href":"https:\/\/livrare-balti.md\/ro\/wp-json\/wp\/v2\/product_cat?post=3157"},{"taxonomy":"product_tag","embeddable":true,"href":"https:\/\/livrare-balti.md\/ro\/wp-json\/wp\/v2\/product_tag?post=3157"}],"curies":[{"name":"wp","href":"https:\/\/api.w.org\/{rel}","templated":true}]}}