{"id":3154,"date":"2020-12-02T15:30:44","date_gmt":"2020-12-02T12:30:44","guid":{"rendered":"https:\/\/livrare-balti.md\/product\/primator-mother-in-law\/"},"modified":"2023-03-30T14:18:23","modified_gmt":"2023-03-30T12:18:23","slug":"primator-mother-in-law","status":"publish","type":"product","link":"https:\/\/livrare-balti.md\/ro\/product\/obolon-ro\/bere-ceha\/primator-mother-in-law\/","title":{"rendered":"Primator MOTHER IN LAW"},"content":{"rendered":"<p>Aceasta include \u00een sine dou\u0103 tipuri de bere &#8211; lager \u0219i IPA. O b\u0103utur\u0103 de tip lager infuzat\u0103, \u00een cadrul c\u0103reia sunt folosite soiuri de hamei ceh \u0219i american &#8211; 500ml<\/p>\n","protected":false},"excerpt":{"rendered":"<p>Aceasta include \u00een sine dou\u0103 tipuri de bere &#8211; lager \u0219i IPA. O b\u0103utur\u0103 de tip lager infuzat\u0103, \u00een cadrul c\u0103reia sunt folosite soiuri de hamei ceh \u0219i american. Aceast\u0103 bere nefiltrat\u0103, nemaipomenit de gustoas\u0103 are o nuan\u021b\u0103 auriu &#8211; ar\u0103mie \u0219i un gust bogat de hamei american.<br \/>\nEa se nume\u0219te TCHYN\u011a (ceea ce \u00eenseamn\u0103 soacr\u0103). La \u00eenceput ea poate s\u0103 v\u0103 deranjeze, \u00eens\u0103 niciodat\u0103 nu ve\u021bi renun\u021ba la d\u00e2nsa.<\/p>\n<p>Frac\u021biunea de volum de alcool 4.7%<br \/>\nCon\u021binutul de substan\u021b\u0103 uscat\u0103 \u00een mustul ini\u021bial 11,5%<\/p>\n<p>30 LEI \/0.5 L<\/p>\n","protected":false},"featured_media":2699,"template":"","meta":[],"product_brand":[],"product_cat":[213,212,293],"product_tag":[280,927],"class_list":{"0":"post-3154","1":"product","2":"type-product","3":"status-publish","4":"has-post-thumbnail","6":"product_cat-bere-ceha","7":"product_cat-obolon-ro","8":"product_cat-obolon-ro-2","9":"product_tag-alcoolul-si-tigarile-toate","10":"product_tag-alkogol-i-sigarety-vse-ro","11":"product_shipping_class-obolon-dostavka-ro-2","12":"product_shipping_class-obolon-dostavka-ro","14":"first","15":"instock","16":"shipping-taxable","17":"purchasable","18":"product-type-simple"},"aioseo_notices":[],"_links":{"self":[{"href":"https:\/\/livrare-balti.md\/ro\/wp-json\/wp\/v2\/product\/3154","targetHints":{"allow":["GET"]}}],"collection":[{"href":"https:\/\/livrare-balti.md\/ro\/wp-json\/wp\/v2\/product"}],"about":[{"href":"https:\/\/livrare-balti.md\/ro\/wp-json\/wp\/v2\/types\/product"}],"version-history":[{"count":0,"href":"https:\/\/livrare-balti.md\/ro\/wp-json\/wp\/v2\/product\/3154\/revisions"}],"wp:featuredmedia":[{"embeddable":true,"href":"https:\/\/livrare-balti.md\/ro\/wp-json\/wp\/v2\/media\/2699"}],"wp:attachment":[{"href":"https:\/\/livrare-balti.md\/ro\/wp-json\/wp\/v2\/media?parent=3154"}],"wp:term":[{"taxonomy":"product_brand","embeddable":true,"href":"https:\/\/livrare-balti.md\/ro\/wp-json\/wp\/v2\/product_brand?post=3154"},{"taxonomy":"product_cat","embeddable":true,"href":"https:\/\/livrare-balti.md\/ro\/wp-json\/wp\/v2\/product_cat?post=3154"},{"taxonomy":"product_tag","embeddable":true,"href":"https:\/\/livrare-balti.md\/ro\/wp-json\/wp\/v2\/product_tag?post=3154"}],"curies":[{"name":"wp","href":"https:\/\/api.w.org\/{rel}","templated":true}]}}