{"id":3148,"date":"2020-12-02T15:10:39","date_gmt":"2020-12-02T12:10:39","guid":{"rendered":"https:\/\/livrare-balti.md\/product\/primator-16-exkluziv\/"},"modified":"2023-03-30T14:20:21","modified_gmt":"2023-03-30T12:20:21","slug":"primator-16-exkluziv","status":"publish","type":"product","link":"https:\/\/livrare-balti.md\/ro\/product\/obolon-ro\/bere-ceha\/primator-16-exkluziv\/","title":{"rendered":"Primator 16 EXKLUZIV"},"content":{"rendered":"<p>Bere de tip lager tare cu o culoare aurie frumoas\u0103. Corpul cu adev\u0103rat tare este \u00eencoronat cu am\u0103r\u0103ciunea specific\u0103 a hameiului \u0219i spuma dens\u0103 persistent\u0103 &#8211; 500ml<\/p>\n","protected":false},"excerpt":{"rendered":"<p>Bere de tip lager tare cu o culoare aurie frumoas\u0103. Corpul cu adev\u0103rat tare este \u00eencoronat cu am\u0103r\u0103ciunea specific\u0103 a hameiului \u0219i spuma dens\u0103 persistent\u0103. Maturitatea de lung\u0103 durat\u0103 a soiurilor de hamei ceh \u0219i aroma fin\u0103 de mal\u021b permit consumul u\u0219or al berii. Aceast\u0103 bere este maturat\u0103 \u00een pivni\u021bele ber\u0103riei p\u00e2n\u0103 la 100 de zile. Demonstrarea celor mai bune tradi\u021bii ale tehnologiei cehe de fabricare a berii.<\/p>\n<p>Frac\u021biunea de volum de alcool 7.5%<br \/>\nCon\u021binutul de substan\u021b\u0103 uscat\u0103 \u00een mustul ini\u021bial 17,0%<\/p>\n<p>30 LEI \/0.5 L<\/p>\n","protected":false},"featured_media":2691,"template":"","meta":[],"product_brand":[],"product_cat":[213,212,293],"product_tag":[280,927],"class_list":{"0":"post-3148","1":"product","2":"type-product","3":"status-publish","4":"has-post-thumbnail","6":"product_cat-bere-ceha","7":"product_cat-obolon-ro","8":"product_cat-obolon-ro-2","9":"product_tag-alcoolul-si-tigarile-toate","10":"product_tag-alkogol-i-sigarety-vse-ro","11":"product_shipping_class-obolon-dostavka-ro-2","12":"product_shipping_class-obolon-dostavka-ro","14":"first","15":"instock","16":"shipping-taxable","17":"purchasable","18":"product-type-simple"},"aioseo_notices":[],"_links":{"self":[{"href":"https:\/\/livrare-balti.md\/ro\/wp-json\/wp\/v2\/product\/3148","targetHints":{"allow":["GET"]}}],"collection":[{"href":"https:\/\/livrare-balti.md\/ro\/wp-json\/wp\/v2\/product"}],"about":[{"href":"https:\/\/livrare-balti.md\/ro\/wp-json\/wp\/v2\/types\/product"}],"version-history":[{"count":0,"href":"https:\/\/livrare-balti.md\/ro\/wp-json\/wp\/v2\/product\/3148\/revisions"}],"wp:featuredmedia":[{"embeddable":true,"href":"https:\/\/livrare-balti.md\/ro\/wp-json\/wp\/v2\/media\/2691"}],"wp:attachment":[{"href":"https:\/\/livrare-balti.md\/ro\/wp-json\/wp\/v2\/media?parent=3148"}],"wp:term":[{"taxonomy":"product_brand","embeddable":true,"href":"https:\/\/livrare-balti.md\/ro\/wp-json\/wp\/v2\/product_brand?post=3148"},{"taxonomy":"product_cat","embeddable":true,"href":"https:\/\/livrare-balti.md\/ro\/wp-json\/wp\/v2\/product_cat?post=3148"},{"taxonomy":"product_tag","embeddable":true,"href":"https:\/\/livrare-balti.md\/ro\/wp-json\/wp\/v2\/product_tag?post=3148"}],"curies":[{"name":"wp","href":"https:\/\/api.w.org\/{rel}","templated":true}]}}