{"id":3145,"date":"2020-12-02T15:08:30","date_gmt":"2020-12-02T12:08:30","guid":{"rendered":"https:\/\/livrare-balti.md\/product\/primator-21-imperial\/"},"modified":"2023-03-30T14:21:12","modified_gmt":"2023-03-30T12:21:12","slug":"primator-21-imperial","status":"publish","type":"product","link":"https:\/\/livrare-balti.md\/ro\/product\/obolon-ro\/bere-ceha\/primator-21-imperial\/","title":{"rendered":"Primator 21 IMPERIAL"},"content":{"rendered":"<p>O cantitate enorm\u0103 a componentei de baz\u0103 bogat\u0103 \u00een mal\u021b, cu o nuan\u021b\u0103 de caramel, aciditatea fin\u0103 \u0219i nuan\u021b\u0103 pl\u0103cut\u0103 de am\u0103r\u0103ciune u\u0219oar\u0103 a hameiului &#8211; 500ml<\/p>\n","protected":false},"excerpt":{"rendered":"<p>O cantitate enorm\u0103 a componentei de baz\u0103 bogat\u0103 \u00een mal\u021b, cu o nuan\u021b\u0103 de caramel, aciditatea fin\u0103 \u0219i nuan\u021b\u0103 pl\u0103cut\u0103 de am\u0103r\u0103ciune u\u0219oar\u0103 a hameiului. Aceast\u0103 bere de tip lager unic\u0103 poate fi recomandat\u0103 \u00een calitate de o completare perfect\u0103 la deserturi. Berea cu un gust \u0219i o arom\u0103 bogat\u0103 reprezint\u0103 categoria de bere de tip lager Imperial.<\/p>\n<p>Frac\u021biunea de volum de alcool 9.0%<br \/>\nCon\u021binutul de substan\u021b\u0103 uscat\u0103 \u00een mustul ini\u021bial 21,5%<\/p>\n<p>30 LEI \/0.5 L<\/p>\n","protected":false},"featured_media":2687,"template":"","meta":[],"product_brand":[],"product_cat":[213,212,293],"product_tag":[280,927],"class_list":{"0":"post-3145","1":"product","2":"type-product","3":"status-publish","4":"has-post-thumbnail","6":"product_cat-bere-ceha","7":"product_cat-obolon-ro","8":"product_cat-obolon-ro-2","9":"product_tag-alcoolul-si-tigarile-toate","10":"product_tag-alkogol-i-sigarety-vse-ro","11":"product_shipping_class-obolon-dostavka-ro-2","12":"product_shipping_class-obolon-dostavka-ro","14":"first","15":"instock","16":"shipping-taxable","17":"purchasable","18":"product-type-simple"},"aioseo_notices":[],"_links":{"self":[{"href":"https:\/\/livrare-balti.md\/ro\/wp-json\/wp\/v2\/product\/3145","targetHints":{"allow":["GET"]}}],"collection":[{"href":"https:\/\/livrare-balti.md\/ro\/wp-json\/wp\/v2\/product"}],"about":[{"href":"https:\/\/livrare-balti.md\/ro\/wp-json\/wp\/v2\/types\/product"}],"version-history":[{"count":0,"href":"https:\/\/livrare-balti.md\/ro\/wp-json\/wp\/v2\/product\/3145\/revisions"}],"wp:featuredmedia":[{"embeddable":true,"href":"https:\/\/livrare-balti.md\/ro\/wp-json\/wp\/v2\/media\/2687"}],"wp:attachment":[{"href":"https:\/\/livrare-balti.md\/ro\/wp-json\/wp\/v2\/media?parent=3145"}],"wp:term":[{"taxonomy":"product_brand","embeddable":true,"href":"https:\/\/livrare-balti.md\/ro\/wp-json\/wp\/v2\/product_brand?post=3145"},{"taxonomy":"product_cat","embeddable":true,"href":"https:\/\/livrare-balti.md\/ro\/wp-json\/wp\/v2\/product_cat?post=3145"},{"taxonomy":"product_tag","embeddable":true,"href":"https:\/\/livrare-balti.md\/ro\/wp-json\/wp\/v2\/product_tag?post=3145"}],"curies":[{"name":"wp","href":"https:\/\/api.w.org\/{rel}","templated":true}]}}