{"id":3139,"date":"2020-12-02T15:03:52","date_gmt":"2020-12-02T12:03:52","guid":{"rendered":"https:\/\/livrare-balti.md\/product\/primator-11-lezak\/"},"modified":"2021-01-17T18:11:53","modified_gmt":"2021-01-17T15:11:53","slug":"primator-11-lezak","status":"publish","type":"product","link":"https:\/\/livrare-balti.md\/ro\/product\/obolon-ro\/bere-ceha\/primator-11-lezak\/","title":{"rendered":"Primator 11 LE\u017d\u00c1K"},"content":{"rendered":"","protected":false},"excerpt":{"rendered":"<p>Berea adev\u0103rat\u0103, care cu fiecare \u00eenghi\u021bitur\u0103 v\u0103 aminte\u0219te de ce berea ceh\u0103 de tip lager a cucerit lumea. Gustul bogat, culoarea aurie frumoas\u0103, spuma cremoas\u0103 dens\u0103, aciditatea intens\u0103 \u0219i am\u0103r\u0103ciunea specific\u0103, dar u\u0219oar\u0103 v\u0103 va face s\u0103 o gusta\u021bi iar \u0219i iar \u0219i iar.<\/p>\n<p>Frac\u021biunea de volum de alcool 4.7%<br \/>\nCon\u021binutul de substan\u021b\u0103 uscat\u0103 \u00een mustul ini\u021bial 11,0%<\/p>\n<p>30 LEI \/0.5 L=&gt;25lei\/0.5l<\/p>\n","protected":false},"featured_media":2679,"template":"","meta":[],"product_brand":[],"product_cat":[213,212,293],"product_tag":[280],"class_list":{"0":"post-3139","1":"product","2":"type-product","3":"status-publish","4":"has-post-thumbnail","6":"product_cat-bere-ceha","7":"product_cat-obolon-ro","8":"product_cat-obolon-ro-2","9":"product_tag-alcoolul-si-tigarile-toate","11":"first","12":"instock","13":"shipping-taxable","14":"purchasable","15":"product-type-simple"},"aioseo_notices":[],"_links":{"self":[{"href":"https:\/\/livrare-balti.md\/ro\/wp-json\/wp\/v2\/product\/3139","targetHints":{"allow":["GET"]}}],"collection":[{"href":"https:\/\/livrare-balti.md\/ro\/wp-json\/wp\/v2\/product"}],"about":[{"href":"https:\/\/livrare-balti.md\/ro\/wp-json\/wp\/v2\/types\/product"}],"version-history":[{"count":0,"href":"https:\/\/livrare-balti.md\/ro\/wp-json\/wp\/v2\/product\/3139\/revisions"}],"wp:featuredmedia":[{"embeddable":true,"href":"https:\/\/livrare-balti.md\/ro\/wp-json\/wp\/v2\/media\/2679"}],"wp:attachment":[{"href":"https:\/\/livrare-balti.md\/ro\/wp-json\/wp\/v2\/media?parent=3139"}],"wp:term":[{"taxonomy":"product_brand","embeddable":true,"href":"https:\/\/livrare-balti.md\/ro\/wp-json\/wp\/v2\/product_brand?post=3139"},{"taxonomy":"product_cat","embeddable":true,"href":"https:\/\/livrare-balti.md\/ro\/wp-json\/wp\/v2\/product_cat?post=3139"},{"taxonomy":"product_tag","embeddable":true,"href":"https:\/\/livrare-balti.md\/ro\/wp-json\/wp\/v2\/product_tag?post=3139"}],"curies":[{"name":"wp","href":"https:\/\/api.w.org\/{rel}","templated":true}]}}