{"id":3136,"date":"2020-12-02T15:02:25","date_gmt":"2020-12-02T12:02:25","guid":{"rendered":"https:\/\/livrare-balti.md\/product\/primator-dark\/"},"modified":"2023-03-30T14:24:51","modified_gmt":"2023-03-30T12:24:51","slug":"primator-dark","status":"publish","type":"product","link":"https:\/\/livrare-balti.md\/ro\/product\/obolon-ro\/bere-ceha\/primator-dark\/","title":{"rendered":"Primator DARK"},"content":{"rendered":"<p>Varianta brun\u0103 a unei beri cehe de tip lager, fabricat\u0103 cu utilizarea a patru soiuri de mal\u021b \u0219i hamei ceh. \u00cembinarea mal\u021burilor colorate speciale \u00eei confer\u0103 berii o arom\u0103 de caramel cu urme de cafea neagr\u0103 pr\u0103jit\u0103 \u0219i prune uscate &#8211; 500ml<\/p>\n","protected":false},"excerpt":{"rendered":"<p>Varianta brun\u0103 a unei beri cehe de tip lager, fabricat\u0103 cu utilizarea a patru soiuri de mal\u021b \u0219i hamei ceh. \u00cembinarea mal\u021burilor colorate speciale \u00eei confer\u0103 berii o arom\u0103 de caramel cu urme de cafea neagr\u0103 pr\u0103jit\u0103 \u0219i prune uscate. Aroma perfect\u0103 a mal\u021bului, am\u0103r\u0103ciunea intens\u0103 \u0219i spuma catifelat\u0103, la sigur, v\u0103 vor \u00eendemna s\u0103 mai lua\u021bi o \u00eenghi\u021bitur\u0103 \u0219i s\u0103 mu\u0219ca\u021bi din ceva dulce.<\/p>\n<p>Frac\u021biunea de volum de alcool 4.5%<br \/>\nCon\u021binutul de substan\u021b\u0103 uscat\u0103 \u00een mustul ini\u021bial 11,5%<\/p>\n<p>30 LEI \/0.5 L=&gt;25lei\/0.5l<\/p>\n","protected":false},"featured_media":2675,"template":"","meta":[],"product_brand":[],"product_cat":[213,212,293],"product_tag":[280,927],"class_list":{"0":"post-3136","1":"product","2":"type-product","3":"status-publish","4":"has-post-thumbnail","6":"product_cat-bere-ceha","7":"product_cat-obolon-ro","8":"product_cat-obolon-ro-2","9":"product_tag-alcoolul-si-tigarile-toate","10":"product_tag-alkogol-i-sigarety-vse-ro","11":"product_shipping_class-obolon-dostavka-ro","12":"product_shipping_class-obolon-dostavka-ro-2","14":"first","15":"instock","16":"shipping-taxable","17":"purchasable","18":"product-type-simple"},"aioseo_notices":[],"_links":{"self":[{"href":"https:\/\/livrare-balti.md\/ro\/wp-json\/wp\/v2\/product\/3136","targetHints":{"allow":["GET"]}}],"collection":[{"href":"https:\/\/livrare-balti.md\/ro\/wp-json\/wp\/v2\/product"}],"about":[{"href":"https:\/\/livrare-balti.md\/ro\/wp-json\/wp\/v2\/types\/product"}],"version-history":[{"count":0,"href":"https:\/\/livrare-balti.md\/ro\/wp-json\/wp\/v2\/product\/3136\/revisions"}],"wp:featuredmedia":[{"embeddable":true,"href":"https:\/\/livrare-balti.md\/ro\/wp-json\/wp\/v2\/media\/2675"}],"wp:attachment":[{"href":"https:\/\/livrare-balti.md\/ro\/wp-json\/wp\/v2\/media?parent=3136"}],"wp:term":[{"taxonomy":"product_brand","embeddable":true,"href":"https:\/\/livrare-balti.md\/ro\/wp-json\/wp\/v2\/product_brand?post=3136"},{"taxonomy":"product_cat","embeddable":true,"href":"https:\/\/livrare-balti.md\/ro\/wp-json\/wp\/v2\/product_cat?post=3136"},{"taxonomy":"product_tag","embeddable":true,"href":"https:\/\/livrare-balti.md\/ro\/wp-json\/wp\/v2\/product_tag?post=3136"}],"curies":[{"name":"wp","href":"https:\/\/api.w.org\/{rel}","templated":true}]}}