{"id":3128,"date":"2020-12-02T14:49:56","date_gmt":"2020-12-02T11:49:56","guid":{"rendered":"https:\/\/livrare-balti.md\/product\/primator-diamant\/"},"modified":"2021-01-17T18:13:23","modified_gmt":"2021-01-17T15:13:23","slug":"primator-diamant","status":"publish","type":"product","link":"https:\/\/livrare-balti.md\/ro\/product\/obolon-ro\/bere-ceha\/primator-diamant\/","title":{"rendered":"Primator DIAMANT"},"content":{"rendered":"","protected":false},"excerpt":{"rendered":"<p>Bere de trac\u021biune cu fermenta\u021bie profund\u0103, culoare aurie, aciditate r\u0103coritoare \u0219i o am\u0103r\u0103ciune armonioas\u0103 caracteristic\u0103. Pentru cei care apreciaz\u0103 berea cu un con\u021binut redus de zah\u0103r rezidual.<\/p>\n<p>Frac\u021biunea de volum de alcool 4.0%<br \/>\nCon\u021binutul de substan\u021b\u0103 uscat\u0103 \u00een mustul ini\u021bial 8,0%<\/p>\n<p>30 lei\/0.5l =&gt; 25lei\/0.5l<\/p>\n","protected":false},"featured_media":2668,"template":"","meta":[],"product_brand":[],"product_cat":[213,212,293],"product_tag":[280],"class_list":{"0":"post-3128","1":"product","2":"type-product","3":"status-publish","4":"has-post-thumbnail","6":"product_cat-bere-ceha","7":"product_cat-obolon-ro","8":"product_cat-obolon-ro-2","9":"product_tag-alcoolul-si-tigarile-toate","11":"first","12":"instock","13":"sale","14":"shipping-taxable","15":"purchasable","16":"product-type-simple"},"aioseo_notices":[],"_links":{"self":[{"href":"https:\/\/livrare-balti.md\/ro\/wp-json\/wp\/v2\/product\/3128","targetHints":{"allow":["GET"]}}],"collection":[{"href":"https:\/\/livrare-balti.md\/ro\/wp-json\/wp\/v2\/product"}],"about":[{"href":"https:\/\/livrare-balti.md\/ro\/wp-json\/wp\/v2\/types\/product"}],"version-history":[{"count":0,"href":"https:\/\/livrare-balti.md\/ro\/wp-json\/wp\/v2\/product\/3128\/revisions"}],"wp:featuredmedia":[{"embeddable":true,"href":"https:\/\/livrare-balti.md\/ro\/wp-json\/wp\/v2\/media\/2668"}],"wp:attachment":[{"href":"https:\/\/livrare-balti.md\/ro\/wp-json\/wp\/v2\/media?parent=3128"}],"wp:term":[{"taxonomy":"product_brand","embeddable":true,"href":"https:\/\/livrare-balti.md\/ro\/wp-json\/wp\/v2\/product_brand?post=3128"},{"taxonomy":"product_cat","embeddable":true,"href":"https:\/\/livrare-balti.md\/ro\/wp-json\/wp\/v2\/product_cat?post=3128"},{"taxonomy":"product_tag","embeddable":true,"href":"https:\/\/livrare-balti.md\/ro\/wp-json\/wp\/v2\/product_tag?post=3128"}],"curies":[{"name":"wp","href":"https:\/\/api.w.org\/{rel}","templated":true}]}}