{"id":30970,"date":"2026-01-27T01:47:33","date_gmt":"2026-01-26T22:47:33","guid":{"rendered":"https:\/\/livrare-balti.md\/?post_type=product&#038;p=30970"},"modified":"2026-01-27T01:47:33","modified_gmt":"2026-01-26T22:47:33","slug":"roll-california-cu-creveti-2","status":"publish","type":"product","link":"https:\/\/livrare-balti.md\/ro\/product\/drivepub\/sushi-drivepub\/roll-california-cu-creveti-2\/","title":{"rendered":"Roll California cu creve\u021bi"},"content":{"rendered":"<p>360 gr<br \/>\nOrez, nori, crem\u0103 de br\u00e2nz\u0103 ,creve\u021bi, castrave\u021bi,mosago.<\/p>\n","protected":false},"excerpt":{"rendered":"<p>360 gr Orez, nori, crem\u0103 de br\u00e2nz\u0103 ,creve\u021bi, castrave\u021bi,mosago.<\/p>\n","protected":false},"featured_media":30972,"template":"","meta":[],"product_brand":[],"product_cat":[1210,1227],"product_tag":[],"class_list":{"0":"post-30970","1":"product","2":"type-product","3":"status-publish","4":"has-post-thumbnail","6":"product_cat-drivepub","7":"product_cat-sushi-drivepub","8":"product_shipping_class-drivepub-dostavka","9":"wpcafe_location-drivepub","11":"first","12":"instock","13":"shipping-taxable","14":"purchasable","15":"product-type-simple"},"aioseo_notices":[],"_links":{"self":[{"href":"https:\/\/livrare-balti.md\/ro\/wp-json\/wp\/v2\/product\/30970","targetHints":{"allow":["GET"]}}],"collection":[{"href":"https:\/\/livrare-balti.md\/ro\/wp-json\/wp\/v2\/product"}],"about":[{"href":"https:\/\/livrare-balti.md\/ro\/wp-json\/wp\/v2\/types\/product"}],"version-history":[{"count":1,"href":"https:\/\/livrare-balti.md\/ro\/wp-json\/wp\/v2\/product\/30970\/revisions"}],"predecessor-version":[{"id":30974,"href":"https:\/\/livrare-balti.md\/ro\/wp-json\/wp\/v2\/product\/30970\/revisions\/30974"}],"wp:featuredmedia":[{"embeddable":true,"href":"https:\/\/livrare-balti.md\/ro\/wp-json\/wp\/v2\/media\/30972"}],"wp:attachment":[{"href":"https:\/\/livrare-balti.md\/ro\/wp-json\/wp\/v2\/media?parent=30970"}],"wp:term":[{"taxonomy":"product_brand","embeddable":true,"href":"https:\/\/livrare-balti.md\/ro\/wp-json\/wp\/v2\/product_brand?post=30970"},{"taxonomy":"product_cat","embeddable":true,"href":"https:\/\/livrare-balti.md\/ro\/wp-json\/wp\/v2\/product_cat?post=30970"},{"taxonomy":"product_tag","embeddable":true,"href":"https:\/\/livrare-balti.md\/ro\/wp-json\/wp\/v2\/product_tag?post=30970"}],"curies":[{"name":"wp","href":"https:\/\/api.w.org\/{rel}","templated":true}]}}