{"id":30498,"date":"2025-12-24T01:47:33","date_gmt":"2025-12-23T22:47:33","guid":{"rendered":"https:\/\/livrare-balti.md\/?post_type=product&#038;p=30498"},"modified":"2025-12-24T01:47:33","modified_gmt":"2025-12-23T22:47:33","slug":"piczcza-siti-pizza-city","status":"publish","type":"product","link":"https:\/\/livrare-balti.md\/ro\/product\/city-cafe\/piczcza-city-cafe\/piczcza-siti-pizza-city\/","title":{"rendered":"\u041f\u0438\u0446\u0446\u0430 \u0421\u0438\u0442\u0438\/ Pizza City"},"content":{"rendered":"<table class=\"xslData;XLSY;v2;9985;-1;-1;BgaAAgAAB5kCAAABYgYAAAJCBwAAA8ADAAAE\/wMAAAAAAAAAAAAAAAAAAAAAAAAAAAAAAAAAAAAAAAAAAAAAAAAAAAAAAAAAAAAAAAAAAAAAAAAAAAAAAAAAAAAAAAAAAAAAAAAAAAAAAAAAAAAAAAAAAAAAAAAAAAAAAAAAAAAAAAAAAAAAAAAAAAAAAAAAAAAAAAAAAAAAAAAAAAAAAAAAAAAAAAAAAAAAAAAAAAAAAAAAAAAAAAAAAAAAAAAAAAAAAAAAAAAAAAAAAAAAAAAAAAAAAAAAAAAAAAAAAAAAAAAAAAAAAAAAAAAAAAAAAAAAAAAAAAAAAAAAAAAAAAAAAAAAAAAAAAAAAAAAAAAAAAAAAAAAAAAAAAAAAAAAAAAAAAAAAAAAAAAAAAAAAAAAAAAAAAAAAAAAAAAAAAAAAAAAAAAAAAAAAAAAAAAAAAAAAAAAAAAAAAAAAAAAAAAAAAAAAAAAAAAAAAAAAAAAAAAAAAAAAAAAAAAAAAAAAAAAAAAAAAAAAAAAAAAAAAAAAAAAAAAAAAAAAAAAAAAAAAAAAAAAAAAAAAAAAAAAAAAAAAAAAAAAAAAAAAAAAAAAAAAAAAAAAAAAAAAAAAAAAAAAAAAAAAAAAAAAAAAAAAAAAAAAAAAAAAAAAAAAAAAAAAAAAAAAAAAAAAAAAAAAAAAAAAAAAAAAAAAAAAAAAAAAAAAAAAAAAAAAAAAAAAAAAAAAAAAAAAAAAAAAAAAAAAAAAAAAAAAAAAAAAAAAAAAAAAAAAAAAAAAAAAAAAAAAAAAAAAAAAAAAAAAAAAAAAAAAAAAAAAAAAAAAAAAAAAAAAAAAAAAAAAAAAAAAAAEUAAAA+gwADgAPAPsABwAAAPoSAAAAAPsCIgEAAPoAFwAAAEQATwBTAFQAQQBWAEsAQQBfADEANwAsADEAMgAsADIAMAAyADUALgB4AGwAcwABCQAAADEANwA3ADUANgA0ADIAOAAxAAISAAAAcABlAG4AawBhAGwAbQBkADgAMwBAAG0AYQBpAGwALgByAHUAAwEAAAAxAAQUAAAAMgAwADIANQAtADEAMgAtADEANwBUADEAMgA6ADUAMQA6ADAAMABaAAUUAAAAMgAwADIANQAtADEAMgAtADIAMwBUADIAMgA6ADQANAA6ADIAOABaAPsARwAAAPoJEgAAAEsARQBZAG4AZQBRAFoAMQBuAFMAVQBSAHUARQBkAEQARgB0AAsCAAAAMgA1AA4HAAAAMQAwADQAOAA1ADcANgD7OwAAAAADAAAAAgEAAQsAAAACBgAAAAAEAAAAAAMAAAAADwAAAAAVFAAAAAQBAAUBAAYGCAAAADAAMAAwADAAXwIAAABaAgAAASMAAAAABgoAAAAbBDgEQQRCBDEAAQQBAAAAAgECAwYEAAAARAA4AALSAAAAAxkAAAACBAEAAAADBAEAAAAFBQAAAAAAADlABgEBAxkAAAACBAIAAAADBAIAAAAFBblTOlj\/Rx5ABgEBAxkAAAACBAMAAAADBAMAAAAFBQAAAAAAgEBABgEBAxkAAAACBAQAAAADBAQAAAAFBX2utmJ\/LVFABgEBAxkAAAACBAUAAAADBAUAAAAFBQAAAAAAABxABgEBAxkAAAACBAYAAAADBAYAAAAFBRJr8SkAtiNABgEBAxkAAAACBAEBAAADBAcAAAAFBU7RkVz+IylABgEBFiUAAAAXIAAAABQbAAAAAAQAAABEADgAAQQAAAAAAAAAAgQAAABEADgAGC4AAAAKDAAAAAsBAAAAAQwBAAAAAA0YAAAADgEAAAAADwEAAAABEAEAAAAAEQEAAAAACx0AAAACBAgAAAAABU7RkVz+IylAAQUAAAAAAIAvQAMBAQ48AAAAAAVH4XoUrscxQAEFzMzMzMwMM0ACBUfhehSuxzFAAwXMzMzMzAwzQAQFexSuR+F6HkAFBXsUrkfheh5AD0UAAAABAQkCAQADAQAEBAEAAAAFAQAGAQAHBAEAAAAIBAEAAAAJBAEAAAAKBFgCAAAAAQELAQAPBFoAAAAQAQARAQESBAAAAAAQBgAAAAABAAEBAAkyAAAAIy0AAAAqBgAAkQEAABEHAAAAAAAAAKMCACAAAAAAAAcOAwAAAAEAAAAAAAAAAACSAQAFAAAAAAcAAAAAGwAAAADcAAAAANcAAAAD0gAAACEEPgRDBEEELAAgADoEQwRABDgERgQwBCwAIAAzBEAEOAQxBEsELAAgAEEEOwQ4BDIEOgQ4BCwAIABBBEsEQAQsACAAPgQ7BDgEMgQ6BDgEIAAUICAANwAyADAAIAAzBC8AIABTAG8AcwAsACAAcAB1AGkALAAgAGMAaQB1AHAAZQByAGMAaQAsACAAcwBtAOIAbgB0AOIAbgADASwAIABjAGEAGQJjAGEAdgBhAGwALAAgAG0AAwFzAGwAaQBuAGUAIAAtACAANwAyADAAZwAgALsfAAAA7QIAAAEoAAAAAAMAAAABAQoBAwAAAAEBCgIDAAAAAQEKBAMAAAABAQoFAwAAAAEBCgFYAAAAAA8AAAABAQ0ABgYAAAAABH9\/fwABAwAAAAEBCgIPAAAAAQENAAYGAAAAAAR\/f38ABA8AAAABAQ0ABgYAAAAABH9\/fwAFDwAAAAEBDQAGBgAAAAAEf39\/AAFYAAAAAA8AAAABAQ0ABgYAAAAABD8\/PwABAwAAAAEBCgIPAAAAAQENAAYGAAAAAAQ\/Pz8ABA8AAAABAQ0ABgYAAAAABD8\/PwAFDwAAAAEBDQAGBgAAAAAEPz8\/AAE7AAAAABYAAAABAQwABg0AAAACAQQDBQAAAAAAAAAAAQMAAAABAQoCAwAAAAEBCgQDAAAAAQEKBQMAAAABAQoBOwAAAAAWAAAAAQEMAAYNAAAAAgEEAwVWZd8Vwf\/fPwEDAAAAAQEKAgMAAAABAQoEAwAAAAEBCgUDAAAAAQEKATsAAAAAFgAAAAEBBgAGDQAAAAIBBAMFVtXL7zSZ2T8BAwAAAAEBCgIDAAAAAQEKBAMAAAABAQoFAwAAAAEBCgFOAAAAABYAAAABAQQABg0AAAACAQQDBQAAAAAAAAAAAQMAAAABAQoCAwAAAAEBCgQDAAAAAQEKBRYAAAABAQ0ABg0AAAACAQQDBQAAAAAAAAAAAVgAAAAADwAAAAEBBAAGBgAAAAAEPz8\/AAEDAAAAAQEKAg8AAAABAQQABgYAAAAABD8\/PwAEDwAAAAEBBAAGBgAAAAAEPz8\/AAUPAAAAAQEEAAYGAAAAAAQ\/Pz8AAVgAAAAADwAAAAEBDQAGBgAAAAAEsrKyAAEDAAAAAQEKAg8AAAABAQ0ABgYAAAAABLKysgAEDwAAAAEBDQAGBgAAAAAEsrKyAAUPAAAAAQENAAYGAAAAAASysrIAATQAAAAADwAAAAEBBAAGBgAAAAAEAYD\/AAEDAAAAAQEKAgMAAAABAQoEAwAAAAEBCgUDAAAAAQEKBGIFAAAFCwAAAAAGAAAAAgEAAAARBQsAAAAABgAAAAIBAAAACAUoAAAAACMAAAACAQAAABIDDQAAAAIBBAMFAHDs2XOZ6T8EBgAAAAAE\/\/\/\/AAUoAAAAACMAAAACAQAAABIDDQAAAAIBBQMFAHDs2XOZ6T8EBgAAAAAE\/\/\/\/AAUoAAAAACMAAAACAQAAABIDDQAAAAIBBgMFAHDs2XOZ6T8EBgAAAAAE\/\/\/\/AAUoAAAAACMAAAACAQAAABIDDQAAAAIBBwMFAHDs2XOZ6T8EBgAAAAAE\/\/\/\/AAUoAAAAACMAAAACAQAAABIDDQAAAAIBCAMFAHDs2XOZ6T8EBgAAAAAE\/\/\/\/AAUoAAAAACMAAAACAQAAABIDDQAAAAIBCQMFAHDs2XOZ6T8EBgAAAAAE\/\/\/\/AAUoAAAAACMAAAACAQAAABIDDQAAAAIBBAMFq3r5nSYz4z8EBgAAAAAE\/\/\/\/AAUoAAAAACMAAAACAQAAABIDDQAAAAIBBQMFq3r5nSYz4z8EBgAAAAAE\/\/\/\/AAUoAAAAACMAAAACAQAAABIDDQAAAAIBBgMFq3r5nSYz4z8EBgAAAAAE\/\/\/\/AAUoAAAAACMAAAACAQAAABIDDQAAAAIBBwMFq3r5nSYz4z8EBgAAAAAE\/\/\/\/AAUoAAAAACMAAAACAQAAABIDDQAAAAIBCAMFq3r5nSYz4z8EBgAAAAAE\/\/\/\/AAUoAAAAACMAAAACAQAAABIDDQAAAAIBCQMFq3r5nSYz4z8EBgAAAAAE\/\/\/\/AAUoAAAAACMAAAACAQAAABIDDQAAAAIBBAMFVtXL7zSZ2T8EBgAAAAAE\/\/\/\/AAUoAAAAACMAAAACAQAAABIDDQAAAAIBBQMFVtXL7zSZ2T8EBgAAAAAE\/\/\/\/AAUoAAAAACMAAAACAQAAABIDDQAAAAIBBgMFVtXL7zSZ2T8EBgAAAAAE\/\/\/\/AAUoAAAAACMAAAACAQAAABIDDQAAAAIBBwMFVtXL7zSZ2T8EBgAAAAAE\/\/\/\/AAUoAAAAACMAAAACAQAAABIDDQAAAAIBCAMFVtXL7zSZ2T8EBgAAAAAE\/\/\/\/AAUoAAAAACMAAAACAQAAABIDDQAAAAIBCQMFVtXL7zSZ2T8EBgAAAAAE\/\/\/\/AAUoAAAAACMAAAACAQAAABIDDQAAAAIBBAMFAAAAAAAAAAAEBgAAAAAE\/\/\/\/AAUoAAAAACMAAAACAQAAABIDDQAAAAIBBQMFAAAAAAAAAAAEBgAAAAAE\/\/\/\/AAUoAAAAACMAAAACAQAAABIDDQAAAAIBBgMFAAAAAAAAAAAEBgAAAAAE\/\/\/\/AAUoAAAAACMAAAACAQAAABIDDQAAAAIBBwMFAAAAAAAAAAAEBgAAAAAE\/\/\/\/AAUoAAAAACMAAAACAQAAABIDDQAAAAIBCAMFAAAAAAAAAAAEBgAAAAAE\/\/\/\/AAUoAAAAACMAAAACAQAAABIDDQAAAAIBCQMFAAAAAAAAAAAEBgAAAAAE\/\/\/\/AAUhAAAAABwAAAACAQAAABIDBgAAAAAEmcz\/AAQGAAAAAAT\/\/\/8ABSEAAAAAHAAAAAIBAAAAEgMGAAAAAATy8vIABAYAAAAABP\/\/\/wAFIQAAAAAcAAAAAgEAAAASAwYAAAAABKWlpQAEBgAAAAAE\/\/\/\/AAUhAAAAABwAAAACAQAAABIDBgAAAAAEnOv\/AAQGAAAAAAT\/\/\/8ABSEAAAAAHAAAAAIBAAAAEgMGAAAAAATOx\/8ABAYAAAAABP\/\/\/wAFIQAAAAAcAAAAAgEAAAASAwYAAAAABMz\/\/wAEBgAAAAAE\/\/\/\/AAUhAAAAABwAAAACAQAAABIDBgAAAAAEzu\/GAAQGAAAAAAT\/\/\/8ABuYDAAAHKQAAAAEGBgAAAAAEAAAAAAQGCgAAAEEAcgBpAGEAbAAJAQEGBQAAAAAAACRABzAAAAABBg0AAAACAQEDBQAAAAAAAAAABAYKAAAAQQByAGkAYQBsAAkBAQYFAAAAAAAAJkAHMAAAAAEGDQAAAAIBAAMFAAAAAAAAAAAEBgoAAABBAHIAaQBhAGwACQEBBgUAAAAAAAAmQAcpAAAAAQYGAAAAAAR2Pz8ABAYKAAAAQQByAGkAYQBsAAkBAQYFAAAAAAAAJkAHLAAAAAABAQEGBgAAAAAEPz8\/AAQGCgAAAEEAcgBpAGEAbAAJAQEGBQAAAAAAACZABywAAAAAAQEBBgYAAAAABAB9+gAEBgoAAABBAHIAaQBhAGwACQEBBgUAAAAAAAAmQAcmAAAAAQYGAAAAAAQAAAAABAYKAAAAQQByAGkAYQBsAAYFAAAAAAAAJEAHMwAAAAABAQEGDQAAAAIBAwMFAAAAAAAAAAAEBgoAAABBAHIAaQBhAGwACQEBBgUAAAAAAAAuQAczAAAAAAEBAQYNAAAAAgEDAwUAAAAAAAAAAAQGCgAAAEEAcgBpAGEAbAAJAQEGBQAAAAAAACpABzMAAAAAAQEBBg0AAAACAQMDBQAAAAAAAAAABAYKAAAAQQByAGkAYQBsAAkBAQYFAAAAAAAAJkAHMwAAAAABAQEGDQAAAAIBAQMFAAAAAAAAAAAEBgoAAABBAHIAaQBhAGwACQEBBgUAAAAAAAAmQAczAAAAAAEBAQYNAAAAAgEAAwUAAAAAAAAAAAQGCgAAAEEAcgBpAGEAbAAJAQEGBQAAAAAAACZABzAAAAABBg0AAAACAQMDBQAAAAAAAAAABAYKAAAAQQByAGkAYQBsAAkBAAYFAAAAAAAAMkAHKQAAAAEGBgAAAAAEAFecAAQGCgAAAEEAcgBpAGEAbAAJAQEGBQAAAAAAACZABykAAAABBgYAAAAABAYAnAAEBgoAAABBAHIAaQBhAGwACQEBBgUAAAAAAAAmQAcsAAAAAQYGAAAAAAR\/f38AAwEBBAYKAAAAQQByAGkAYQBsAAkBAQYFAAAAAAAAJkAHKQAAAAEGBgAAAAAEAH36AAQGCgAAAEEAcgBpAGEAbAAJAQEGBQAAAAAAACZABykAAAABBgYAAAAABAAA\/wAEBgoAAABBAHIAaQBhAGwACQEBBgUAAAAAAAAmQAcpAAAAAQYGAAAAAAQAYQAABAYKAAAAQQByAGkAYQBsAAkBAQYFAAAAAAAAJkAHKgAAAAEGBgAAAAAEAAAAAAQGDgAAAEMAYQBsAGkAYgByAGkABgUAAAAAAAAmQA6HBwAAAyQAAAABAQEGBAAAAAACAQEHBAAAAAADAQEIBAAAAAAEAQEJBAAAAAADJAAAAAEBAQYEAAAAAAIBAQcEAgAAAAMBAQgEAQAAAAQBAQkEAAAAAAMkAAAAAQEBBgQAAAAAAgEBBwQDAAAAAwEBCAQBAAAABAEBCQQAAAAAAyQAAAABAQEGBAAAAAACAQEHBAQAAAADAQEIBAEAAAAEAQEJBAAAAAADJAAAAAEBAQYEAAAAAAIBAQcEBQAAAAMBAQgEAQAAAAQBAQkEAAAAAAMkAAAAAQEBBgQAAAAAAgEBBwQGAAAAAwEBCAQBAAAABAEBCQQAAAAAAyQAAAABAQEGBAAAAAACAQEHBAcAAAADAQEIBAEAAAAEAQEJBAAAAAADJAAAAAEBAQYEAAAAAAIBAQcECAAAAAMBAQgEAQAAAAQBAQkEAAAAAAMkAAAAAQEBBgQAAAAAAgEBBwQJAAAAAwEBCAQBAAAABAEBCQQAAAAAAyQAAAABAQEGBAAAAAACAQEHBAoAAAADAQEIBAEAAAAEAQEJBAAAAAADJAAAAAEBAQYEAAAAAAIBAQcECwAAAAMBAQgEAQAAAAQBAQkEAAAAAAMkAAAAAQEBBgQAAAAAAgEBBwQMAAAAAwEBCAQBAAAABAEBCQQAAAAAAyQAAAABAQEGBAAAAAACAQEHBA0AAAADAQEIBAEAAAAEAQEJBAAAAAADJAAAAAEBAQYEAAAAAAIBAQcEDgAAAAMBAQgEAQAAAAQBAQkEAAAAAAMkAAAAAQEBBgQAAAAAAgEBBwQPAAAAAwEBCAQBAAAABAEBCQQAAAAAAyQAAAABAQEGBAAAAAACAQEHBBAAAAADAQEIBAEAAAAEAQEJBAAAAAADJAAAAAEBAQYEAAAAAAIBAQcEEQAAAAMBAQgEAQAAAAQBAQkEAAAAAAMkAAAAAQEBBgQAAAAAAgEBBwQSAAAAAwEBCAQBAAAABAEBCQQAAAAAAyQAAAABAQEGBAAAAAACAQEHBBMAAAADAQEIBAEAAAAEAQEJBAAAAAADJAAAAAEBAQYEAAAAAAIBAQcEFAAAAAMBAQgEAgAAAAQBAQkEAAAAAAMkAAAAAQEBBgQAAAAAAgEBBwQVAAAAAwEBCAQCAAAABAEBCQQAAAAAAyQAAAABAQEGBAAAAAACAQEHBBYAAAADAQEIBAIAAAAEAQEJBAAAAAADJAAAAAEBAQYEAAAAAAIBAQcEFwAAAAMBAQgEAgAAAAQBAQkEAAAAAAMkAAAAAQEBBgQAAAAAAgEBBwQYAAAAAwEBCAQCAAAABAEBCQQAAAAAAyQAAAABAQEGBAAAAAACAQEHBBkAAAADAQEIBAIAAAAEAQEJBAAAAAADJAAAAAEBAQYEAQAAAAIBAQcEGgAAAAMBAQgEAwAAAAQBAQkEAAAAAAMkAAAAAQEBBgQCAAAAAgEBBwQbAAAAAwEBCAQEAAAABAEBCQQAAAAAAyQAAAABAQEGBAEAAAACAQEHBBsAAAADAQEIBAUAAAAEAQEJBAAAAAADJAAAAAEBAQYEAAAAAAIBAQcEAAAAAAMBAQgEBgAAAAQBAQkEoAAAAAMkAAAAAQEBBgQAAAAAAgEBBwQAAAAAAwEBCAQGAAAABAEBCQShAAAAAyQAAAABAQEGBAMAAAACAQEHBAAAAAADAQEIBAcAAAAEAQEJBAAAAAADJAAAAAEBAQYEBAAAAAIBAQcEAAAAAAMBAQgECAAAAAQBAQkEAAAAAAMkAAAAAQEBBgQFAAAAAgEBBwQAAAAAAwEBCAQJAAAABAEBCQQAAAAAAyQAAAABAQEGBAAAAAACAQEHBAAAAAADAQEIBAkAAAAEAQEJBAAAAAADJAAAAAEBAQYEBgAAAAIBAQcEAAAAAAMBAQgECgAAAAQBAQkEAAAAAAMkAAAAAQEBBgQHAAAAAgEBBwQcAAAAAwEBCAQLAAAABAEBCQQAAAAAAyQAAAABAQEGBAAAAAACAQEHBAAAAAADAQEIBAwAAAAEAQEJBAAAAAADJAAAAAEBAQYEAAAAAAIBAQcEHQAAAAMBAQgEDQAAAAQBAQkEAAAAAAMkAAAAAQEBBgQAAAAAAgEBBwQeAAAAAwEBCAQOAAAABAEBCQQAAAAAAyQAAAABAQEGBAAAAAACAQEHBAAAAAADAQEIBA8AAAAEAQEJBAAAAAADJAAAAAEBAQYECAAAAAIBAQcEHwAAAAMBAQgEBgAAAAQBAQkEAAAAAAMkAAAAAQEBBgQAAAAAAgEBBwQAAAAAAwEBCAQGAAAABAEBCQQJAAAAAyQAAAABAQEGBAkAAAACAQEHBAAAAAADAQEIBBAAAAAEAQEJBAAAAAADJAAAAAEBAQYEAAAAAAIBAQcEAAAAAAMBAQgEEQAAAAQBAQkEAAAAAAMkAAAAAQEBBgQAAAAAAgEBBwQAAAAAAwEBCAQGAAAABAEBCQSiAAAAAyQAAAABAQEGBAAAAAACAQEHBAAAAAADAQEIBAYAAAAEAQEJBKMAAAADJAAAAAEBAQYEAAAAAAIBAQcEIAAAAAMBAQgEEgAAAAQBAQkEAAAAAAJVAAAAAx4AAAAGBAAAAAAHBAAAAAAIBAAAAAAJBAAAAAAMBAAAAAADLQAAAAYEAAAAAAcEAAAAAAMBAQgEEwAAAAkEAAAAAAABAQ0GAwAAAAgBAQwEAAAAAA8gCQAAEDEAAAAABAAAAB4AAAAEGgAAADIAMAAlACAAFCAgADAEOgRGBDUEPQRCBDEABQQAAAABAAAAEDEAAAAABAAAACIAAAAEGgAAADIAMAAlACAAFCAgADAEOgRGBDUEPQRCBDIABQQAAAACAAAAEDEAAAAABAAAACYAAAAEGgAAADIAMAAlACAAFCAgADAEOgRGBDUEPQRCBDMABQQAAAADAAAAEDEAAAAABAAAACoAAAAEGgAAADIAMAAlACAAFCAgADAEOgRGBDUEPQRCBDQABQQAAAAEAAAAEDEAAAAABAAAAC4AAAAEGgAAADIAMAAlACAAFCAgADAEOgRGBDUEPQRCBDUABQQAAAAFAAAAEDEAAAAABAAAADIAAAAEGgAAADIAMAAlACAAFCAgADAEOgRGBDUEPQRCBDYABQQAAAAGAAAAEDEAAAAABAAAAB8AAAAEGgAAADQAMAAlACAAFCAgADAEOgRGBDUEPQRCBDEABQQAAAAHAAAAEDEAAAAABAAAACMAAAAEGgAAADQAMAAlACAAFCAgADAEOgRGBDUEPQRCBDIABQQAAAAIAAAAEDEAAAAABAAAACcAAAAEGgAAADQAMAAlACAAFCAgADAEOgRGBDUEPQRCBDMABQQAAAAJAAAAEDEAAAAABAAAACsAAAAEGgAAADQAMAAlACAAFCAgADAEOgRGBDUEPQRCBDQABQQAAAAKAAAAEDEAAAAABAAAAC8AAAAEGgAAADQAMAAlACAAFCAgADAEOgRGBDUEPQRCBDUABQQAAAALAAAAEDEAAAAABAAAADMAAAAEGgAAADQAMAAlACAAFCAgADAEOgRGBDUEPQRCBDYABQQAAAAMAAAAEDEAAAAABAAAACAAAAAEGgAAADYAMAAlACAAFCAgADAEOgRGBDUEPQRCBDEABQQAAAANAAAAEDEAAAAABAAAACQAAAAEGgAAADYAMAAlACAAFCAgADAEOgRGBDUEPQRCBDIABQQAAAAOAAAAEDEAAAAABAAAACgAAAAEGgAAADYAMAAlACAAFCAgADAEOgRGBDUEPQRCBDMABQQAAAAPAAAAEDEAAAAABAAAACwAAAAEGgAAADYAMAAlACAAFCAgADAEOgRGBDUEPQRCBDQABQQAAAAQAAAAEDEAAAAABAAAADAAAAAEGgAAADYAMAAlACAAFCAgADAEOgRGBDUEPQRCBDUABQQAAAARAAAAEDEAAAAABAAAADQAAAAEGgAAADYAMAAlACAAFCAgADAEOgRGBDUEPQRCBDYABQQAAAASAAAAECUAAAAABAAAAB0AAAAEDgAAABAEOgRGBDUEPQRCBDEABQQAAAATAAAAECUAAAAABAAAACEAAAAEDgAAABAEOgRGBDUEPQRCBDIABQQAAAAUAAAAECUAAAAABAAAACUAAAAEDgAAABAEOgRGBDUEPQRCBDMABQQAAAAVAAAAECUAAAAABAAAACkAAAAEDgAAABAEOgRGBDUEPQRCBDQABQQAAAAWAAAAECUAAAAABAAAAC0AAAAEDgAAABAEOgRGBDUEPQRCBDUABQQAAAAXAAAAECUAAAAABAAAADEAAAAEDgAAABAEOgRGBDUEPQRCBDYABQQAAAAYAAAAECEAAAAABAAAABQAAAAECgAAABIEMgQ+BDQEIAAFBAAAABkAAAAQIQAAAAAEAAAAFQAAAAQKAAAAEgRLBDIEPgQ0BAUEAAAAGgAAABArAAAAAAQAAAAWAAAABBQAAAASBEsERwQ4BEEEOwQ1BD0EOAQ1BAUEAAAAGwAAABAnAAAAAAQAAAAEAAAABBAAAAAUBDUEPQQ1BDYEPQRLBDkEBQQAAAAcAAAAEC8AAAAABAAAAAcAAAAEGAAAABQENQQ9BDUENgQ9BEsEOQQgAFsAMABdAAUEAAAAHQAAABAtAAAAAAQAAAAQAAAABBYAAAAXBDAEMwQ+BDsEPgQyBD4EOgQgADEABQQAAAAeAAAAEC0AAAAABAAAABEAAAAEFgAAABcEMAQzBD4EOwQ+BDIEPgQ6BCAAMgAFBAAAAB8AAAAQLQAAAAAEAAAAEgAAAAQWAAAAFwQwBDMEPgQ7BD4EMgQ+BDoEIAAzAAUEAAAAIAAAABAtAAAAAAQAAAATAAAABBYAAAAXBDAEMwQ+BDsEPgQyBD4EOgQgADQABQQAAAAhAAAAEB8AAAAABAAAABkAAAAECAAAABgEQgQ+BDMEBQQAAAAiAAAAEDsAAAAABAAAABcAAAAEJAAAABoEPgQ9BEIEQAQ+BDsETAQ9BDAETwQgAE8ERwQ1BDkEOgQwBAUEAAAAIwAAABAnAAAAAAQAAAAPAAAABBAAAAAdBDAENwQyBDAEPQQ4BDUEBQQAAAAkAAAAEC0AAAAABAAAABwAAAAEFgAAAB0ENQQ5BEIEQAQwBDsETAQ9BEsEOQQFBAAAACUAAAAQJQAAAAAEAAAAAAAAAAQOAAAAHgQxBEsERwQ9BEsEOQQFBAAAAAAAAAAQIwAAAAAEAAAAGwAAAAQMAAAAHwQ7BD4ERQQ+BDkEBQQAAAAmAAAAECkAAAAABAAAADUAAAAEEgAAAB8EPgRPBEEEPQQ1BD0EOAQ1BAUEAAAAJwAAABArAAAAAAQAAAAKAAAABBQAAAAfBEAEOAQ8BDUERwQwBD0EOAQ1BAUEAAAAKAAAABArAAAAAAQAAAAFAAAABBQAAAAfBEAEPgRGBDUEPQRCBD0ESwQ5BAUEAAAAKQAAABA3AAAAAAQAAAAYAAAABCAAAAAhBDIETwQ3BDAEPQQ9BDAETwQgAE8ERwQ1BDkEOgQwBAUEAAAAKgAAABA\/AAAAAAQAAAALAAAABCgAAAAiBDUEOgRBBEIEIAA\/BEAENQQ0BEMEPwRABDUENgQ0BDUEPQQ4BE8EBQQAAAArAAAAECsAAAAABAAAAAMAAAAEFAAAACQEOAQ9BDAEPQRBBD4EMgRLBDkEBQQAAAAsAAAAEDMAAAAABAAAAAYAAAAEHAAAACQEOAQ9BDAEPQRBBD4EMgRLBDkEIABbADAAXQAFBAAAAC0AAAAQJQAAAAAEAAAAGgAAAAQOAAAAJQQ+BEAEPgRIBDgEOQQFBAAAAC4AAAAMTgAAAAAiAAAAVABhAGIAbABlAFMAdAB5AGwAZQBNAGUAZABpAHUAbQAyAAEiAAAAUABpAHYAbwB0AFMAdAB5AGwAZQBMAGkAZwBoAHQAMQA2ABE3AAAAADIAAAD6ABEAAABTAGwAaQBjAGUAcgBTAHQAeQBsAGUATABpAGcAaAB0ADEA+wAEAAAAAAAAAAjYAQAACYgAAAAABnwAAABfAC0AKgAgACMALAAjACMAMAAuADAAMABcACAAIgC9ICIAXwAtADsAXAAtACoAIAAjACwAIwAjADAALgAwADAAXAAgACIAvSAiAF8ALQA7AF8ALQAqACAAIgAtACIAPwA\/AFwAIAAiAL0gIgBfAC0AOwBfAC0AQABfAC0AAQSgAAAACXgAAAAABmwAAABfAC0AKgAgACMALAAjACMAMABcACAAIgC9ICIAXwAtADsAXAAtACoAIAAjACwAIwAjADAAXAAgACIAvSAiAF8ALQA7AF8ALQAqACAAIgAtACIAXAAgACIAvSAiAF8ALQA7AF8ALQBAAF8ALQABBKEAAAAJagAAAAAGXgAAAF8ALQAqACAAIwAsACMAIwAwAC4AMAAwAF8ALQA7AFwALQAqACAAIwAsACMAIwAwAC4AMAAwAF8ALQA7AF8ALQAqACAAIgAtACIAPwA\/AF8ALQA7AF8ALQBAAF8ALQABBKIAAAAJWgAAAAAGTgAAAF8ALQAqACAAIwAsACMAIwAwAF8ALQA7AFwALQAqACAAIwAsACMAIwAwAF8ALQA7AF8ALQAqACAAIgAtACIAXwAtADsAXwAtAEAAXwAtAAEEowAAAA==\" cellspacing=\"0\" cellpadding=\"0\">\n<tbody>\n<tr>\n<td>\u0421\u043e\u0443\u0441, \u043a\u0443\u0440\u0438\u0446\u0430, \u0433\u0440\u0438\u0431\u044b, \u0441\u043b\u0438\u0432\u043a\u0438, \u0441\u044b\u0440, \u043e\u043b\u0438\u0432\u043a\u0438 \u2014 720 \u0433<\/p>\n<p>Sos, pui, ciuperci, sm\u00e2nt\u00e2n\u0103, ca\u0219caval, m\u0103sline &#8211; 720g<\/td>\n<\/tr>\n<\/tbody>\n<\/table>\n","protected":false},"excerpt":{"rendered":"<p>\u0421\u043e\u0443\u0441, \u043a\u0443\u0440\u0438\u0446\u0430, \u0433\u0440\u0438\u0431\u044b, \u0441\u043b\u0438\u0432\u043a\u0438, \u0441\u044b\u0440, \u043e\u043b\u0438\u0432\u043a\u0438 \u2014 720 \u0433 Sos, pui, ciuperci, sm\u00e2nt\u00e2n\u0103, ca\u0219caval, m\u0103sline &#8211; 720g<\/p>\n","protected":false},"featured_media":30500,"template":"","meta":[],"product_brand":[],"product_cat":[1219,1225],"product_tag":[],"class_list":{"0":"post-30498","1":"product","2":"type-product","3":"status-publish","4":"has-post-thumbnail","6":"product_cat-city-cafe","7":"product_cat-piczcza-city-cafe","8":"product_shipping_class-citycafe-dostavka","9":"wpcafe_location-city-cafe","11":"first","12":"instock","13":"shipping-taxable","14":"purchasable","15":"product-type-simple"},"aioseo_notices":[],"_links":{"self":[{"href":"https:\/\/livrare-balti.md\/ro\/wp-json\/wp\/v2\/product\/30498","targetHints":{"allow":["GET"]}}],"collection":[{"href":"https:\/\/livrare-balti.md\/ro\/wp-json\/wp\/v2\/product"}],"about":[{"href":"https:\/\/livrare-balti.md\/ro\/wp-json\/wp\/v2\/types\/product"}],"version-history":[{"count":1,"href":"https:\/\/livrare-balti.md\/ro\/wp-json\/wp\/v2\/product\/30498\/revisions"}],"predecessor-version":[{"id":30502,"href":"https:\/\/livrare-balti.md\/ro\/wp-json\/wp\/v2\/product\/30498\/revisions\/30502"}],"wp:featuredmedia":[{"embeddable":true,"href":"https:\/\/livrare-balti.md\/ro\/wp-json\/wp\/v2\/media\/30500"}],"wp:attachment":[{"href":"https:\/\/livrare-balti.md\/ro\/wp-json\/wp\/v2\/media?parent=30498"}],"wp:term":[{"taxonomy":"product_brand","embeddable":true,"href":"https:\/\/livrare-balti.md\/ro\/wp-json\/wp\/v2\/product_brand?post=30498"},{"taxonomy":"product_cat","embeddable":true,"href":"https:\/\/livrare-balti.md\/ro\/wp-json\/wp\/v2\/product_cat?post=30498"},{"taxonomy":"product_tag","embeddable":true,"href":"https:\/\/livrare-balti.md\/ro\/wp-json\/wp\/v2\/product_tag?post=30498"}],"curies":[{"name":"wp","href":"https:\/\/api.w.org\/{rel}","templated":true}]}}