{"id":30488,"date":"2025-12-24T01:44:31","date_gmt":"2025-12-23T22:44:31","guid":{"rendered":"https:\/\/livrare-balti.md\/?post_type=product&#038;p=30488"},"modified":"2025-12-24T01:44:31","modified_gmt":"2025-12-23T22:44:31","slug":"ohotnichya-vanatoresti","status":"publish","type":"product","link":"https:\/\/livrare-balti.md\/ro\/product\/city-cafe\/piczcza-city-cafe\/ohotnichya-vanatoresti\/","title":{"rendered":"\u041e\u0445\u043e\u0442\u043d\u0438\u0447\u044c\u044f\/ V\u00e2n\u0103tore\u0219ti"},"content":{"rendered":"<table class=\"xslData;XLSY;v2;10169;-1;-1;BgaAAgAAB5kCAAABaAYAAAL6BwAAA8ADAAAE\/wMAAAAAAAAAAAAAAAAAAAAAAAAAAAAAAAAAAAAAAAAAAAAAAAAAAAAAAAAAAAAAAAAAAAAAAAAAAAAAAAAAAAAAAAAAAAAAAAAAAAAAAAAAAAAAAAAAAAAAAAAAAAAAAAAAAAAAAAAAAAAAAAAAAAAAAAAAAAAAAAAAAAAAAAAAAAAAAAAAAAAAAAAAAAAAAAAAAAAAAAAAAAAAAAAAAAAAAAAAAAAAAAAAAAAAAAAAAAAAAAAAAAAAAAAAAAAAAAAAAAAAAAAAAAAAAAAAAAAAAAAAAAAAAAAAAAAAAAAAAAAAAAAAAAAAAAAAAAAAAAAAAAAAAAAAAAAAAAAAAAAAAAAAAAAAAAAAAAAAAAAAAAAAAAAAAAAAAAAAAAAAAAAAAAAAAAAAAAAAAAAAAAAAAAAAAAAAAAAAAAAAAAAAAAAAAAAAAAAAAAAAAAAAAAAAAAAAAAAAAAAAAAAAAAAAAAAAAAAAAAAAAAAAAAAAAAAAAAAAAAAAAAAAAAAAAAAAAAAAAAAAAAAAAAAAAAAAAAAAAAAAAAAAAAAAAAAAAAAAAAAAAAAAAAAAAAAAAAAAAAAAAAAAAAAAAAAAAAAAAAAAAAAAAAAAAAAAAAAAAAAAAAAAAAAAAAAAAAAAAAAAAAAAAAAAAAAAAAAAAAAAAAAAAAAAAAAAAAAAAAAAAAAAAAAAAAAAAAAAAAAAAAAAAAAAAAAAAAAAAAAAAAAAAAAAAAAAAAAAAAAAAAAAAAAAAAAAAAAAAAAAAAAAAAAAAAAAAAAAAAAAAAAAAAAAAAAAAAAAAAAAAAAAAAAAAAAAAAEUAAAA+gwADgAPAPsABwAAAPoSAAAAAPsCIgEAAPoAFwAAAEQATwBTAFQAQQBWAEsAQQBfADEANwAsADEAMgAsADIAMAAyADUALgB4AGwAcwABCQAAADEANwA3ADUANgA0ADIAOAAxAAISAAAAcABlAG4AawBhAGwAbQBkADgAMwBAAG0AYQBpAGwALgByAHUAAwEAAAAxAAQUAAAAMgAwADIANQAtADEAMgAtADEANwBUADEAMgA6ADUAMQA6ADAAMABaAAUUAAAAMgAwADIANQAtADEAMgAtADIAMwBUADIAMgA6ADQAMAA6ADQANgBaAPsARwAAAPoJEgAAAEsARQBZAG4AZQBRAFoAMQBuAFMAVQBSAHUARQBkAEQARgB0AAsCAAAAMgA1AA4HAAAAMQAwADQAOAA1ADcANgD7OwAAAAADAAAAAgEAAQsAAAACBgAAAAAEAAAAAAMAAAAADwAAAAAVFAAAAAQBAAUBAAYGCAAAADAAMAAwADAAZQIAAABgAgAAASUAAAAABgoAAAAbBDgEQQRCBDEAAQQBAAAAAgECAwYGAAAARAAxADAAAtIAAAADGQAAAAIEAQAAAAMEAQAAAAUFAAAAAAAAOUAGAQEDGQAAAAIEAgAAAAMEAgAAAAUFuVM6WP9HHkAGAQEDGQAAAAIEAwAAAAMEAwAAAAUFAAAAAACAQEAGAQEDGQAAAAIEBAAAAAMEBAAAAAUFfa62Yn8tUUAGAQEDGQAAAAIEBQAAAAMEBQAAAAUFAAAAAAAAHEAGAQEDGQAAAAIEBgAAAAMEBgAAAAUFEmvxKQC2I0AGAQEDGQAAAAIEAQEAAAMEBwAAAAUFTtGRXP4jKUAGAQEWKQAAABckAAAAFB8AAAAABgAAAEQAMQAwAAEEAAAAAAAAAAIGAAAARAAxADAAGC4AAAAKDAAAAAsBAAAAAQwBAAAAAA0YAAAADgEAAAAADwEAAAABEAEAAAAAEQEAAAAACx0AAAACBAgAAAAABU7RkVz+IylAAQUAAAAAAIAvQAMBAQ48AAAAAAVH4XoUrscxQAEFzMzMzMwMM0ACBUfhehSuxzFAAwXMzMzMzAwzQAQFexSuR+F6HkAFBXsUrkfheh5AD0UAAAABAQkCAQADAQAEBAEAAAAFAQAGAQAHBAEAAAAIBAEAAAAJBAEAAAAKBFgCAAAAAQELAQAPBFoAAAAQAQARAQESBAAAAAAQBgAAAAABAAEBAAkyAAAAIy0AAAAwBgAAkQEAABEJAAAAAAAAAFgCACAAAAAAAAcOAwAAAAEAAAAAAAAAAACSAQAFAAAAAAcAAAAAGwAAAACOAQAAAIkBAAADhAEAACEEPgRDBEEELAAgAD4ERQQ+BEIEPQQ4BEcETAQ4BCAAOgQ+BDsEMQQwBEEEOgQ4BCwAIAA6BD4EPwRHBDUEPQRLBDkEIAA6BEMEQAQ4BD0ESwQ5BCwAIABHBDUEQAQ9BD4EQQQ7BDgEMgQsACAAPAQwBEAEOAQ9BD4EMgQwBD0EPQRLBDUEIAA+BDMEQwRABEYESwQsACAAQQRLBEAELAAgAD8ENQRABDUERgQgAC0AIAA2ADcAMAAgADMELwAgAFMAbwBzACwAIABjAOIAcgBuAAMBYwBpAG8AcgBpACAAZABlACAAdgDiAG4AAwF0AG8AcgAsACAAcAB1AGkAIABhAGYAdQBtAGEAdAAsACAAcAByAHUAbgBlACAAdQBzAGMAYQB0AGUALAAgAGMAYQBzAHQAcgBhAHYAZQAbAmkAIABtAGEAcgBpAG4AYQAbAmkALAAgAGMAYQAZAmMAYQB2AGEAbAAsACAAYQByAGQAZQBpACAALQAgADYANwAwAGcAIAC7HwAAAO0CAAABKAAAAAADAAAAAQEKAQMAAAABAQoCAwAAAAEBCgQDAAAAAQEKBQMAAAABAQoBWAAAAAAPAAAAAQENAAYGAAAAAAR\/f38AAQMAAAABAQoCDwAAAAEBDQAGBgAAAAAEf39\/AAQPAAAAAQENAAYGAAAAAAR\/f38ABQ8AAAABAQ0ABgYAAAAABH9\/fwABWAAAAAAPAAAAAQENAAYGAAAAAAQ\/Pz8AAQMAAAABAQoCDwAAAAEBDQAGBgAAAAAEPz8\/AAQPAAAAAQENAAYGAAAAAAQ\/Pz8ABQ8AAAABAQ0ABgYAAAAABD8\/PwABOwAAAAAWAAAAAQEMAAYNAAAAAgEEAwUAAAAAAAAAAAEDAAAAAQEKAgMAAAABAQoEAwAAAAEBCgUDAAAAAQEKATsAAAAAFgAAAAEBDAAGDQAAAAIBBAMFVmXfFcH\/3z8BAwAAAAEBCgIDAAAAAQEKBAMAAAABAQoFAwAAAAEBCgE7AAAAABYAAAABAQYABg0AAAACAQQDBVbVy+80mdk\/AQMAAAABAQoCAwAAAAEBCgQDAAAAAQEKBQMAAAABAQoBTgAAAAAWAAAAAQEEAAYNAAAAAgEEAwUAAAAAAAAAAAEDAAAAAQEKAgMAAAABAQoEAwAAAAEBCgUWAAAAAQENAAYNAAAAAgEEAwUAAAAAAAAAAAFYAAAAAA8AAAABAQQABgYAAAAABD8\/PwABAwAAAAEBCgIPAAAAAQEEAAYGAAAAAAQ\/Pz8ABA8AAAABAQQABgYAAAAABD8\/PwAFDwAAAAEBBAAGBgAAAAAEPz8\/AAFYAAAAAA8AAAABAQ0ABgYAAAAABLKysgABAwAAAAEBCgIPAAAAAQENAAYGAAAAAASysrIABA8AAAABAQ0ABgYAAAAABLKysgAFDwAAAAEBDQAGBgAAAAAEsrKyAAE0AAAAAA8AAAABAQQABgYAAAAABAGA\/wABAwAAAAEBCgIDAAAAAQEKBAMAAAABAQoFAwAAAAEBCgRiBQAABQsAAAAABgAAAAIBAAAAEQULAAAAAAYAAAACAQAAAAgFKAAAAAAjAAAAAgEAAAASAw0AAAACAQQDBQBw7Nlzmek\/BAYAAAAABP\/\/\/wAFKAAAAAAjAAAAAgEAAAASAw0AAAACAQUDBQBw7Nlzmek\/BAYAAAAABP\/\/\/wAFKAAAAAAjAAAAAgEAAAASAw0AAAACAQYDBQBw7Nlzmek\/BAYAAAAABP\/\/\/wAFKAAAAAAjAAAAAgEAAAASAw0AAAACAQcDBQBw7Nlzmek\/BAYAAAAABP\/\/\/wAFKAAAAAAjAAAAAgEAAAASAw0AAAACAQgDBQBw7Nlzmek\/BAYAAAAABP\/\/\/wAFKAAAAAAjAAAAAgEAAAASAw0AAAACAQkDBQBw7Nlzmek\/BAYAAAAABP\/\/\/wAFKAAAAAAjAAAAAgEAAAASAw0AAAACAQQDBat6+Z0mM+M\/BAYAAAAABP\/\/\/wAFKAAAAAAjAAAAAgEAAAASAw0AAAACAQUDBat6+Z0mM+M\/BAYAAAAABP\/\/\/wAFKAAAAAAjAAAAAgEAAAASAw0AAAACAQYDBat6+Z0mM+M\/BAYAAAAABP\/\/\/wAFKAAAAAAjAAAAAgEAAAASAw0AAAACAQcDBat6+Z0mM+M\/BAYAAAAABP\/\/\/wAFKAAAAAAjAAAAAgEAAAASAw0AAAACAQgDBat6+Z0mM+M\/BAYAAAAABP\/\/\/wAFKAAAAAAjAAAAAgEAAAASAw0AAAACAQkDBat6+Z0mM+M\/BAYAAAAABP\/\/\/wAFKAAAAAAjAAAAAgEAAAASAw0AAAACAQQDBVbVy+80mdk\/BAYAAAAABP\/\/\/wAFKAAAAAAjAAAAAgEAAAASAw0AAAACAQUDBVbVy+80mdk\/BAYAAAAABP\/\/\/wAFKAAAAAAjAAAAAgEAAAASAw0AAAACAQYDBVbVy+80mdk\/BAYAAAAABP\/\/\/wAFKAAAAAAjAAAAAgEAAAASAw0AAAACAQcDBVbVy+80mdk\/BAYAAAAABP\/\/\/wAFKAAAAAAjAAAAAgEAAAASAw0AAAACAQgDBVbVy+80mdk\/BAYAAAAABP\/\/\/wAFKAAAAAAjAAAAAgEAAAASAw0AAAACAQkDBVbVy+80mdk\/BAYAAAAABP\/\/\/wAFKAAAAAAjAAAAAgEAAAASAw0AAAACAQQDBQAAAAAAAAAABAYAAAAABP\/\/\/wAFKAAAAAAjAAAAAgEAAAASAw0AAAACAQUDBQAAAAAAAAAABAYAAAAABP\/\/\/wAFKAAAAAAjAAAAAgEAAAASAw0AAAACAQYDBQAAAAAAAAAABAYAAAAABP\/\/\/wAFKAAAAAAjAAAAAgEAAAASAw0AAAACAQcDBQAAAAAAAAAABAYAAAAABP\/\/\/wAFKAAAAAAjAAAAAgEAAAASAw0AAAACAQgDBQAAAAAAAAAABAYAAAAABP\/\/\/wAFKAAAAAAjAAAAAgEAAAASAw0AAAACAQkDBQAAAAAAAAAABAYAAAAABP\/\/\/wAFIQAAAAAcAAAAAgEAAAASAwYAAAAABJnM\/wAEBgAAAAAE\/\/\/\/AAUhAAAAABwAAAACAQAAABIDBgAAAAAE8vLyAAQGAAAAAAT\/\/\/8ABSEAAAAAHAAAAAIBAAAAEgMGAAAAAASlpaUABAYAAAAABP\/\/\/wAFIQAAAAAcAAAAAgEAAAASAwYAAAAABJzr\/wAEBgAAAAAE\/\/\/\/AAUhAAAAABwAAAACAQAAABIDBgAAAAAEzsf\/AAQGAAAAAAT\/\/\/8ABSEAAAAAHAAAAAIBAAAAEgMGAAAAAATM\/\/8ABAYAAAAABP\/\/\/wAFIQAAAAAcAAAAAgEAAAASAwYAAAAABM7vxgAEBgAAAAAE\/\/\/\/AAbmAwAABykAAAABBgYAAAAABAAAAAAEBgoAAABBAHIAaQBhAGwACQEBBgUAAAAAAAAkQAcwAAAAAQYNAAAAAgEBAwUAAAAAAAAAAAQGCgAAAEEAcgBpAGEAbAAJAQEGBQAAAAAAACZABzAAAAABBg0AAAACAQADBQAAAAAAAAAABAYKAAAAQQByAGkAYQBsAAkBAQYFAAAAAAAAJkAHKQAAAAEGBgAAAAAEdj8\/AAQGCgAAAEEAcgBpAGEAbAAJAQEGBQAAAAAAACZABywAAAAAAQEBBgYAAAAABD8\/PwAEBgoAAABBAHIAaQBhAGwACQEBBgUAAAAAAAAmQAcsAAAAAAEBAQYGAAAAAAQAffoABAYKAAAAQQByAGkAYQBsAAkBAQYFAAAAAAAAJkAHJgAAAAEGBgAAAAAEAAAAAAQGCgAAAEEAcgBpAGEAbAAGBQAAAAAAACRABzMAAAAAAQEBBg0AAAACAQMDBQAAAAAAAAAABAYKAAAAQQByAGkAYQBsAAkBAQYFAAAAAAAALkAHMwAAAAABAQEGDQAAAAIBAwMFAAAAAAAAAAAEBgoAAABBAHIAaQBhAGwACQEBBgUAAAAAAAAqQAczAAAAAAEBAQYNAAAAAgEDAwUAAAAAAAAAAAQGCgAAAEEAcgBpAGEAbAAJAQEGBQAAAAAAACZABzMAAAAAAQEBBg0AAAACAQEDBQAAAAAAAAAABAYKAAAAQQByAGkAYQBsAAkBAQYFAAAAAAAAJkAHMwAAAAABAQEGDQAAAAIBAAMFAAAAAAAAAAAEBgoAAABBAHIAaQBhAGwACQEBBgUAAAAAAAAmQAcwAAAAAQYNAAAAAgEDAwUAAAAAAAAAAAQGCgAAAEEAcgBpAGEAbAAJAQAGBQAAAAAAADJABykAAAABBgYAAAAABABXnAAEBgoAAABBAHIAaQBhAGwACQEBBgUAAAAAAAAmQAcpAAAAAQYGAAAAAAQGAJwABAYKAAAAQQByAGkAYQBsAAkBAQYFAAAAAAAAJkAHLAAAAAEGBgAAAAAEf39\/AAMBAQQGCgAAAEEAcgBpAGEAbAAJAQEGBQAAAAAAACZABykAAAABBgYAAAAABAB9+gAEBgoAAABBAHIAaQBhAGwACQEBBgUAAAAAAAAmQAcpAAAAAQYGAAAAAAQAAP8ABAYKAAAAQQByAGkAYQBsAAkBAQYFAAAAAAAAJkAHKQAAAAEGBgAAAAAEAGEAAAQGCgAAAEEAcgBpAGEAbAAJAQEGBQAAAAAAACZAByoAAAABBgYAAAAABAAAAAAEBg4AAABDAGEAbABpAGIAcgBpAAYFAAAAAAAAJkAOhwcAAAMkAAAAAQEBBgQAAAAAAgEBBwQAAAAAAwEBCAQAAAAABAEBCQQAAAAAAyQAAAABAQEGBAAAAAACAQEHBAIAAAADAQEIBAEAAAAEAQEJBAAAAAADJAAAAAEBAQYEAAAAAAIBAQcEAwAAAAMBAQgEAQAAAAQBAQkEAAAAAAMkAAAAAQEBBgQAAAAAAgEBBwQEAAAAAwEBCAQBAAAABAEBCQQAAAAAAyQAAAABAQEGBAAAAAACAQEHBAUAAAADAQEIBAEAAAAEAQEJBAAAAAADJAAAAAEBAQYEAAAAAAIBAQcEBgAAAAMBAQgEAQAAAAQBAQkEAAAAAAMkAAAAAQEBBgQAAAAAAgEBBwQHAAAAAwEBCAQBAAAABAEBCQQAAAAAAyQAAAABAQEGBAAAAAACAQEHBAgAAAADAQEIBAEAAAAEAQEJBAAAAAADJAAAAAEBAQYEAAAAAAIBAQcECQAAAAMBAQgEAQAAAAQBAQkEAAAAAAMkAAAAAQEBBgQAAAAAAgEBBwQKAAAAAwEBCAQBAAAABAEBCQQAAAAAAyQAAAABAQEGBAAAAAACAQEHBAsAAAADAQEIBAEAAAAEAQEJBAAAAAADJAAAAAEBAQYEAAAAAAIBAQcEDAAAAAMBAQgEAQAAAAQBAQkEAAAAAAMkAAAAAQEBBgQAAAAAAgEBBwQNAAAAAwEBCAQBAAAABAEBCQQAAAAAAyQAAAABAQEGBAAAAAACAQEHBA4AAAADAQEIBAEAAAAEAQEJBAAAAAADJAAAAAEBAQYEAAAAAAIBAQcEDwAAAAMBAQgEAQAAAAQBAQkEAAAAAAMkAAAAAQEBBgQAAAAAAgEBBwQQAAAAAwEBCAQBAAAABAEBCQQAAAAAAyQAAAABAQEGBAAAAAACAQEHBBEAAAADAQEIBAEAAAAEAQEJBAAAAAADJAAAAAEBAQYEAAAAAAIBAQcEEgAAAAMBAQgEAQAAAAQBAQkEAAAAAAMkAAAAAQEBBgQAAAAAAgEBBwQTAAAAAwEBCAQBAAAABAEBCQQAAAAAAyQAAAABAQEGBAAAAAACAQEHBBQAAAADAQEIBAIAAAAEAQEJBAAAAAADJAAAAAEBAQYEAAAAAAIBAQcEFQAAAAMBAQgEAgAAAAQBAQkEAAAAAAMkAAAAAQEBBgQAAAAAAgEBBwQWAAAAAwEBCAQCAAAABAEBCQQAAAAAAyQAAAABAQEGBAAAAAACAQEHBBcAAAADAQEIBAIAAAAEAQEJBAAAAAADJAAAAAEBAQYEAAAAAAIBAQcEGAAAAAMBAQgEAgAAAAQBAQkEAAAAAAMkAAAAAQEBBgQAAAAAAgEBBwQZAAAAAwEBCAQCAAAABAEBCQQAAAAAAyQAAAABAQEGBAEAAAACAQEHBBoAAAADAQEIBAMAAAAEAQEJBAAAAAADJAAAAAEBAQYEAgAAAAIBAQcEGwAAAAMBAQgEBAAAAAQBAQkEAAAAAAMkAAAAAQEBBgQBAAAAAgEBBwQbAAAAAwEBCAQFAAAABAEBCQQAAAAAAyQAAAABAQEGBAAAAAACAQEHBAAAAAADAQEIBAYAAAAEAQEJBKAAAAADJAAAAAEBAQYEAAAAAAIBAQcEAAAAAAMBAQgEBgAAAAQBAQkEoQAAAAMkAAAAAQEBBgQDAAAAAgEBBwQAAAAAAwEBCAQHAAAABAEBCQQAAAAAAyQAAAABAQEGBAQAAAACAQEHBAAAAAADAQEIBAgAAAAEAQEJBAAAAAADJAAAAAEBAQYEBQAAAAIBAQcEAAAAAAMBAQgECQAAAAQBAQkEAAAAAAMkAAAAAQEBBgQAAAAAAgEBBwQAAAAAAwEBCAQJAAAABAEBCQQAAAAAAyQAAAABAQEGBAYAAAACAQEHBAAAAAADAQEIBAoAAAAEAQEJBAAAAAADJAAAAAEBAQYEBwAAAAIBAQcEHAAAAAMBAQgECwAAAAQBAQkEAAAAAAMkAAAAAQEBBgQAAAAAAgEBBwQAAAAAAwEBCAQMAAAABAEBCQQAAAAAAyQAAAABAQEGBAAAAAACAQEHBB0AAAADAQEIBA0AAAAEAQEJBAAAAAADJAAAAAEBAQYEAAAAAAIBAQcEHgAAAAMBAQgEDgAAAAQBAQkEAAAAAAMkAAAAAQEBBgQAAAAAAgEBBwQAAAAAAwEBCAQPAAAABAEBCQQAAAAAAyQAAAABAQEGBAgAAAACAQEHBB8AAAADAQEIBAYAAAAEAQEJBAAAAAADJAAAAAEBAQYEAAAAAAIBAQcEAAAAAAMBAQgEBgAAAAQBAQkECQAAAAMkAAAAAQEBBgQJAAAAAgEBBwQAAAAAAwEBCAQQAAAABAEBCQQAAAAAAyQAAAABAQEGBAAAAAACAQEHBAAAAAADAQEIBBEAAAAEAQEJBAAAAAADJAAAAAEBAQYEAAAAAAIBAQcEAAAAAAMBAQgEBgAAAAQBAQkEogAAAAMkAAAAAQEBBgQAAAAAAgEBBwQAAAAAAwEBCAQGAAAABAEBCQSjAAAAAyQAAAABAQEGBAAAAAACAQEHBCAAAAADAQEIBBIAAAAEAQEJBAAAAAACVQAAAAMeAAAABgQAAAAABwQAAAAACAQAAAAACQQAAAAADAQAAAAAAy0AAAAGBAAAAAAHBAAAAAADAQEIBBMAAAAJBAAAAAAAAQENBgMAAAAIAQEMBAAAAAAPIAkAABAxAAAAAAQAAAAeAAAABBoAAAAyADAAJQAgABQgIAAwBDoERgQ1BD0EQgQxAAUEAAAAAQAAABAxAAAAAAQAAAAiAAAABBoAAAAyADAAJQAgABQgIAAwBDoERgQ1BD0EQgQyAAUEAAAAAgAAABAxAAAAAAQAAAAmAAAABBoAAAAyADAAJQAgABQgIAAwBDoERgQ1BD0EQgQzAAUEAAAAAwAAABAxAAAAAAQAAAAqAAAABBoAAAAyADAAJQAgABQgIAAwBDoERgQ1BD0EQgQ0AAUEAAAABAAAABAxAAAAAAQAAAAuAAAABBoAAAAyADAAJQAgABQgIAAwBDoERgQ1BD0EQgQ1AAUEAAAABQAAABAxAAAAAAQAAAAyAAAABBoAAAAyADAAJQAgABQgIAAwBDoERgQ1BD0EQgQ2AAUEAAAABgAAABAxAAAAAAQAAAAfAAAABBoAAAA0ADAAJQAgABQgIAAwBDoERgQ1BD0EQgQxAAUEAAAABwAAABAxAAAAAAQAAAAjAAAABBoAAAA0ADAAJQAgABQgIAAwBDoERgQ1BD0EQgQyAAUEAAAACAAAABAxAAAAAAQAAAAnAAAABBoAAAA0ADAAJQAgABQgIAAwBDoERgQ1BD0EQgQzAAUEAAAACQAAABAxAAAAAAQAAAArAAAABBoAAAA0ADAAJQAgABQgIAAwBDoERgQ1BD0EQgQ0AAUEAAAACgAAABAxAAAAAAQAAAAvAAAABBoAAAA0ADAAJQAgABQgIAAwBDoERgQ1BD0EQgQ1AAUEAAAACwAAABAxAAAAAAQAAAAzAAAABBoAAAA0ADAAJQAgABQgIAAwBDoERgQ1BD0EQgQ2AAUEAAAADAAAABAxAAAAAAQAAAAgAAAABBoAAAA2ADAAJQAgABQgIAAwBDoERgQ1BD0EQgQxAAUEAAAADQAAABAxAAAAAAQAAAAkAAAABBoAAAA2ADAAJQAgABQgIAAwBDoERgQ1BD0EQgQyAAUEAAAADgAAABAxAAAAAAQAAAAoAAAABBoAAAA2ADAAJQAgABQgIAAwBDoERgQ1BD0EQgQzAAUEAAAADwAAABAxAAAAAAQAAAAsAAAABBoAAAA2ADAAJQAgABQgIAAwBDoERgQ1BD0EQgQ0AAUEAAAAEAAAABAxAAAAAAQAAAAwAAAABBoAAAA2ADAAJQAgABQgIAAwBDoERgQ1BD0EQgQ1AAUEAAAAEQAAABAxAAAAAAQAAAA0AAAABBoAAAA2ADAAJQAgABQgIAAwBDoERgQ1BD0EQgQ2AAUEAAAAEgAAABAlAAAAAAQAAAAdAAAABA4AAAAQBDoERgQ1BD0EQgQxAAUEAAAAEwAAABAlAAAAAAQAAAAhAAAABA4AAAAQBDoERgQ1BD0EQgQyAAUEAAAAFAAAABAlAAAAAAQAAAAlAAAABA4AAAAQBDoERgQ1BD0EQgQzAAUEAAAAFQAAABAlAAAAAAQAAAApAAAABA4AAAAQBDoERgQ1BD0EQgQ0AAUEAAAAFgAAABAlAAAAAAQAAAAtAAAABA4AAAAQBDoERgQ1BD0EQgQ1AAUEAAAAFwAAABAlAAAAAAQAAAAxAAAABA4AAAAQBDoERgQ1BD0EQgQ2AAUEAAAAGAAAABAhAAAAAAQAAAAUAAAABAoAAAASBDIEPgQ0BCAABQQAAAAZAAAAECEAAAAABAAAABUAAAAECgAAABIESwQyBD4ENAQFBAAAABoAAAAQKwAAAAAEAAAAFgAAAAQUAAAAEgRLBEcEOARBBDsENQQ9BDgENQQFBAAAABsAAAAQJwAAAAAEAAAABAAAAAQQAAAAFAQ1BD0ENQQ2BD0ESwQ5BAUEAAAAHAAAABAvAAAAAAQAAAAHAAAABBgAAAAUBDUEPQQ1BDYEPQRLBDkEIABbADAAXQAFBAAAAB0AAAAQLQAAAAAEAAAAEAAAAAQWAAAAFwQwBDMEPgQ7BD4EMgQ+BDoEIAAxAAUEAAAAHgAAABAtAAAAAAQAAAARAAAABBYAAAAXBDAEMwQ+BDsEPgQyBD4EOgQgADIABQQAAAAfAAAAEC0AAAAABAAAABIAAAAEFgAAABcEMAQzBD4EOwQ+BDIEPgQ6BCAAMwAFBAAAACAAAAAQLQAAAAAEAAAAEwAAAAQWAAAAFwQwBDMEPgQ7BD4EMgQ+BDoEIAA0AAUEAAAAIQAAABAfAAAAAAQAAAAZAAAABAgAAAAYBEIEPgQzBAUEAAAAIgAAABA7AAAAAAQAAAAXAAAABCQAAAAaBD4EPQRCBEAEPgQ7BEwEPQQwBE8EIABPBEcENQQ5BDoEMAQFBAAAACMAAAAQJwAAAAAEAAAADwAAAAQQAAAAHQQwBDcEMgQwBD0EOAQ1BAUEAAAAJAAAABAtAAAAAAQAAAAcAAAABBYAAAAdBDUEOQRCBEAEMAQ7BEwEPQRLBDkEBQQAAAAlAAAAECUAAAAABAAAAAAAAAAEDgAAAB4EMQRLBEcEPQRLBDkEBQQAAAAAAAAAECMAAAAABAAAABsAAAAEDAAAAB8EOwQ+BEUEPgQ5BAUEAAAAJgAAABApAAAAAAQAAAA1AAAABBIAAAAfBD4ETwRBBD0ENQQ9BDgENQQFBAAAACcAAAAQKwAAAAAEAAAACgAAAAQUAAAAHwRABDgEPAQ1BEcEMAQ9BDgENQQFBAAAACgAAAAQKwAAAAAEAAAABQAAAAQUAAAAHwRABD4ERgQ1BD0EQgQ9BEsEOQQFBAAAACkAAAAQNwAAAAAEAAAAGAAAAAQgAAAAIQQyBE8ENwQwBD0EPQQwBE8EIABPBEcENQQ5BDoEMAQFBAAAACoAAAAQPwAAAAAEAAAACwAAAAQoAAAAIgQ1BDoEQQRCBCAAPwRABDUENARDBD8EQAQ1BDYENAQ1BD0EOARPBAUEAAAAKwAAABArAAAAAAQAAAADAAAABBQAAAAkBDgEPQQwBD0EQQQ+BDIESwQ5BAUEAAAALAAAABAzAAAAAAQAAAAGAAAABBwAAAAkBDgEPQQwBD0EQQQ+BDIESwQ5BCAAWwAwAF0ABQQAAAAtAAAAECUAAAAABAAAABoAAAAEDgAAACUEPgRABD4ESAQ4BDkEBQQAAAAuAAAADE4AAAAAIgAAAFQAYQBiAGwAZQBTAHQAeQBsAGUATQBlAGQAaQB1AG0AMgABIgAAAFAAaQB2AG8AdABTAHQAeQBsAGUATABpAGcAaAB0ADEANgARNwAAAAAyAAAA+gARAAAAUwBsAGkAYwBlAHIAUwB0AHkAbABlAEwAaQBnAGgAdAAxAPsABAAAAAAAAAAI2AEAAAmIAAAAAAZ8AAAAXwAtACoAIAAjACwAIwAjADAALgAwADAAXAAgACIAvSAiAF8ALQA7AFwALQAqACAAIwAsACMAIwAwAC4AMAAwAFwAIAAiAL0gIgBfAC0AOwBfAC0AKgAgACIALQAiAD8APwBcACAAIgC9ICIAXwAtADsAXwAtAEAAXwAtAAEEoAAAAAl4AAAAAAZsAAAAXwAtACoAIAAjACwAIwAjADAAXAAgACIAvSAiAF8ALQA7AFwALQAqACAAIwAsACMAIwAwAFwAIAAiAL0gIgBfAC0AOwBfAC0AKgAgACIALQAiAFwAIAAiAL0gIgBfAC0AOwBfAC0AQABfAC0AAQShAAAACWoAAAAABl4AAABfAC0AKgAgACMALAAjACMAMAAuADAAMABfAC0AOwBcAC0AKgAgACMALAAjACMAMAAuADAAMABfAC0AOwBfAC0AKgAgACIALQAiAD8APwBfAC0AOwBfAC0AQABfAC0AAQSiAAAACVoAAAAABk4AAABfAC0AKgAgACMALAAjACMAMABfAC0AOwBcAC0AKgAgACMALAAjACMAMABfAC0AOwBfAC0AKgAgACIALQAiAF8ALQA7AF8ALQBAAF8ALQABBKMAAAA=\" cellspacing=\"0\" cellpadding=\"0\">\n<tbody>\n<tr>\n<td>\u0421\u043e\u0443\u0441, \u043e\u0445\u043e\u0442\u043d\u0438\u0447\u044c\u0438 \u043a\u043e\u043b\u0431\u0430\u0441\u043a\u0438, \u043a\u043e\u043f\u0447\u0435\u043d\u044b\u0439 \u043a\u0443\u0440\u0438\u043d\u044b\u0439, \u0447\u0435\u0440\u043d\u043e\u0441\u043b\u0438\u0432, \u043c\u0430\u0440\u0438\u043d\u043e\u0432\u0430\u043d\u043d\u044b\u0435 \u043e\u0433\u0443\u0440\u0446\u044b, \u0441\u044b\u0440, \u043f\u0435\u0440\u0435\u0446 &#8211; 670 \u0433<\/p>\n<p>Sos, c\u00e2rn\u0103ciori de v\u00e2n\u0103tor, pui afumat, prune uscate, castrave\u021bi marina\u021bi, ca\u0219caval, ardei &#8211; 670g<\/td>\n<\/tr>\n<\/tbody>\n<\/table>\n","protected":false},"excerpt":{"rendered":"<p>\u0421\u043e\u0443\u0441, \u043e\u0445\u043e\u0442\u043d\u0438\u0447\u044c\u0438 \u043a\u043e\u043b\u0431\u0430\u0441\u043a\u0438, \u043a\u043e\u043f\u0447\u0435\u043d\u044b\u0439 \u043a\u0443\u0440\u0438\u043d\u044b\u0439, \u0447\u0435\u0440\u043d\u043e\u0441\u043b\u0438\u0432, \u043c\u0430\u0440\u0438\u043d\u043e\u0432\u0430\u043d\u043d\u044b\u0435 \u043e\u0433\u0443\u0440\u0446\u044b, \u0441\u044b\u0440, \u043f\u0435\u0440\u0435\u0446 &#8211; 670 \u0433 Sos, c\u00e2rn\u0103ciori de v\u00e2n\u0103tor, pui afumat, prune uscate, castrave\u021bi marina\u021bi, ca\u0219caval, ardei &#8211; 670g<\/p>\n","protected":false},"featured_media":30492,"template":"","meta":[],"product_brand":[],"product_cat":[1219,1225],"product_tag":[],"class_list":{"0":"post-30488","1":"product","2":"type-product","3":"status-publish","4":"has-post-thumbnail","6":"product_cat-city-cafe","7":"product_cat-piczcza-city-cafe","8":"product_shipping_class-citycafe-dostavka","9":"wpcafe_location-city-cafe","11":"first","12":"instock","13":"shipping-taxable","14":"purchasable","15":"product-type-simple"},"aioseo_notices":[],"_links":{"self":[{"href":"https:\/\/livrare-balti.md\/ro\/wp-json\/wp\/v2\/product\/30488","targetHints":{"allow":["GET"]}}],"collection":[{"href":"https:\/\/livrare-balti.md\/ro\/wp-json\/wp\/v2\/product"}],"about":[{"href":"https:\/\/livrare-balti.md\/ro\/wp-json\/wp\/v2\/types\/product"}],"version-history":[{"count":1,"href":"https:\/\/livrare-balti.md\/ro\/wp-json\/wp\/v2\/product\/30488\/revisions"}],"predecessor-version":[{"id":30494,"href":"https:\/\/livrare-balti.md\/ro\/wp-json\/wp\/v2\/product\/30488\/revisions\/30494"}],"wp:featuredmedia":[{"embeddable":true,"href":"https:\/\/livrare-balti.md\/ro\/wp-json\/wp\/v2\/media\/30492"}],"wp:attachment":[{"href":"https:\/\/livrare-balti.md\/ro\/wp-json\/wp\/v2\/media?parent=30488"}],"wp:term":[{"taxonomy":"product_brand","embeddable":true,"href":"https:\/\/livrare-balti.md\/ro\/wp-json\/wp\/v2\/product_brand?post=30488"},{"taxonomy":"product_cat","embeddable":true,"href":"https:\/\/livrare-balti.md\/ro\/wp-json\/wp\/v2\/product_cat?post=30488"},{"taxonomy":"product_tag","embeddable":true,"href":"https:\/\/livrare-balti.md\/ro\/wp-json\/wp\/v2\/product_tag?post=30488"}],"curies":[{"name":"wp","href":"https:\/\/api.w.org\/{rel}","templated":true}]}}