{"id":30446,"date":"2025-12-24T01:30:37","date_gmt":"2025-12-23T22:30:37","guid":{"rendered":"https:\/\/livrare-balti.md\/?post_type=product&#038;p=30446"},"modified":"2026-02-26T23:27:05","modified_gmt":"2026-02-26T20:27:05","slug":"ris-s-ovoshhami-c-kurinoj-otbivnoj-orez-cu-legume-si-snitel-de-pui","status":"publish","type":"product","link":"https:\/\/livrare-balti.md\/ro\/product\/city-cafe\/garniry-city-cafe\/ris-s-ovoshhami-c-kurinoj-otbivnoj-orez-cu-legume-si-snitel-de-pui\/","title":{"rendered":"\u0420\u0438\u0441 \u0441 \u043e\u0432\u043e\u0449\u0430\u043c\u0438 c \u043a\u0443\u0440\u0438\u043d\u043e\u0439  \u043e\u0442\u0431\u0438\u0432\u043d\u043e\u0439 \/ Orez cu legume si sni\u021bel de pui"},"content":{"rendered":"<table class=\"xslData;XLSY;v2;10129;-1;-1;BgaAAgAAB5kCAAABaAYAAALeBwAAA8ADAAAE\/wMAAAAAAAAAAAAAAAAAAAAAAAAAAAAAAAAAAAAAAAAAAAAAAAAAAAAAAAAAAAAAAAAAAAAAAAAAAAAAAAAAAAAAAAAAAAAAAAAAAAAAAAAAAAAAAAAAAAAAAAAAAAAAAAAAAAAAAAAAAAAAAAAAAAAAAAAAAAAAAAAAAAAAAAAAAAAAAAAAAAAAAAAAAAAAAAAAAAAAAAAAAAAAAAAAAAAAAAAAAAAAAAAAAAAAAAAAAAAAAAAAAAAAAAAAAAAAAAAAAAAAAAAAAAAAAAAAAAAAAAAAAAAAAAAAAAAAAAAAAAAAAAAAAAAAAAAAAAAAAAAAAAAAAAAAAAAAAAAAAAAAAAAAAAAAAAAAAAAAAAAAAAAAAAAAAAAAAAAAAAAAAAAAAAAAAAAAAAAAAAAAAAAAAAAAAAAAAAAAAAAAAAAAAAAAAAAAAAAAAAAAAAAAAAAAAAAAAAAAAAAAAAAAAAAAAAAAAAAAAAAAAAAAAAAAAAAAAAAAAAAAAAAAAAAAAAAAAAAAAAAAAAAAAAAAAAAAAAAAAAAAAAAAAAAAAAAAAAAAAAAAAAAAAAAAAAAAAAAAAAAAAAAAAAAAAAAAAAAAAAAAAAAAAAAAAAAAAAAAAAAAAAAAAAAAAAAAAAAAAAAAAAAAAAAAAAAAAAAAAAAAAAAAAAAAAAAAAAAAAAAAAAAAAAAAAAAAAAAAAAAAAAAAAAAAAAAAAAAAAAAAAAAAAAAAAAAAAAAAAAAAAAAAAAAAAAAAAAAAAAAAAAAAAAAAAAAAAAAAAAAAAAAAAAAAAAAAAAAAAAAAAAAAAAAAAAAAAAEUAAAA+gwADgAPAPsABwAAAPoSAAAAAPsCIgEAAPoAFwAAAEQATwBTAFQAQQBWAEsAQQBfADEANwAsADEAMgAsADIAMAAyADUALgB4AGwAcwABCQAAADEANwA3ADUANgA0ADIAOAAxAAISAAAAcABlAG4AawBhAGwAbQBkADgAMwBAAG0AYQBpAGwALgByAHUAAwEAAAAxAAQUAAAAMgAwADIANQAtADEAMgAtADEANwBUADEAMgA6ADUAMQA6ADAAMABaAAUUAAAAMgAwADIANQAtADEAMgAtADIAMwBUADIAMgA6ADIANwA6ADQAMwBaAPsARwAAAPoJEgAAAEsARQBZAG4AZQBRAFoAMQBuAFMAVQBSAHUARQBkAEQARgB0AAsCAAAAMgA1AA4HAAAAMQAwADQAOAA1ADcANgD7OwAAAAADAAAAAgEAAQsAAAACBgAAAAAEAAAAAAMAAAAADwAAAAAVFAAAAAQBAAUBAAYGCAAAADAAMAAwADAAZQIAAABgAgAAASUAAAAABgoAAAAbBDgEQQRCBDEAAQQBAAAAAgECAwYGAAAARAAyADEAAtIAAAADGQAAAAIEAQAAAAMEAQAAAAUFAAAAAAAAOUAGAQEDGQAAAAIEAgAAAAMEAgAAAAUFuVM6WP9HHkAGAQEDGQAAAAIEAwAAAAMEAwAAAAUFAAAAAACAQEAGAQEDGQAAAAIEBAAAAAMEBAAAAAUFfa62Yn8tUUAGAQEDGQAAAAIEBQAAAAMEBQAAAAUFAAAAAAAAHEAGAQEDGQAAAAIEBgAAAAMEBgAAAAUFEmvxKQC2I0AGAQEDGQAAAAIEAQEAAAMEBwAAAAUFTtGRXP4jKUAGAQEWKQAAABckAAAAFB8AAAAABgAAAEQAMgAxAAEEAAAAAAAAAAIGAAAARAAyADEAGC4AAAAKDAAAAAsBAAAAAQwBAAAAAA0YAAAADgEAAAAADwEAAAABEAEAAAAAEQEAAAAACx0AAAACBAgAAAAABU7RkVz+IylAAQUAAAAAAIAvQAMBAQ48AAAAAAVH4XoUrscxQAEFzMzMzMwMM0ACBUfhehSuxzFAAwXMzMzMzAwzQAQFexSuR+F6HkAFBXsUrkfheh5AD0UAAAABAQkCAQADAQAEBAEAAAAFAQAGAQAHBAEAAAAIBAEAAAAJBAEAAAAKBFgCAAAAAQELAQAPBFoAAAAQAQARAQESBAAAAAAQBgAAAAABAAEBAAkyAAAAIy0AAAAwBgAAkQEAABEUAAAAAAAAAFgCACAAAAAAAAcOAwAAAAEAAAAAAAAAAACSAQAFAAAAAAcAAAAAGwAAAAByAQAAAG0BAAADaAEAACAEOARBBCwAIAA8BD4EQAQ6BD4EMgRMBCwAIAA7BEMEOgQsACAAOgRDBDoEQwRABEMENwQwBCwAIAAzBD4EQAQ+BEUELAAgADoEQwRABDoEQwQ8BDAELAAgADoEQwRABDgEPQRLBDkEIAAxBEMEOwRMBD4EPQQsACAAPARDBDoEMAQsACAATwQ5BEYEPgQsACAAPwQ1BEAENQRGBCAAFCAgADQAMAAwACAAMwQvACAAbwByAGUAegAsACAAbQBvAHIAYwBvAHYALAAgAGMAZQBhAHAAAwEsACAAcABvAHIAdQBtAGIALAAgAG0AYQB6AAMBcgBlACwAIABjAHUAcgBjAHUAbQBhACwAIABiAHUAbABpAG8AbgAgAGQAZQAgAHAAdQBpACwAIABjAGUAYQBwAAMBLAAgAGYAAwFpAG4AAwEsACAAbwB1ACwAIABwAGkAcABlAHIAIAAtACAANAAwADAAIABnAK8fAAAA7QIAAAEoAAAAAAMAAAABAQoBAwAAAAEBCgIDAAAAAQEKBAMAAAABAQoFAwAAAAEBCgFYAAAAAA8AAAABAQ0ABgYAAAAABH9\/fwABAwAAAAEBCgIPAAAAAQENAAYGAAAAAAR\/f38ABA8AAAABAQ0ABgYAAAAABH9\/fwAFDwAAAAEBDQAGBgAAAAAEf39\/AAFYAAAAAA8AAAABAQ0ABgYAAAAABD8\/PwABAwAAAAEBCgIPAAAAAQENAAYGAAAAAAQ\/Pz8ABA8AAAABAQ0ABgYAAAAABD8\/PwAFDwAAAAEBDQAGBgAAAAAEPz8\/AAE7AAAAABYAAAABAQwABg0AAAACAQQDBQAAAAAAAAAAAQMAAAABAQoCAwAAAAEBCgQDAAAAAQEKBQMAAAABAQoBOwAAAAAWAAAAAQEMAAYNAAAAAgEEAwVWZd8Vwf\/fPwEDAAAAAQEKAgMAAAABAQoEAwAAAAEBCgUDAAAAAQEKATsAAAAAFgAAAAEBBgAGDQAAAAIBBAMFVtXL7zSZ2T8BAwAAAAEBCgIDAAAAAQEKBAMAAAABAQoFAwAAAAEBCgFOAAAAABYAAAABAQQABg0AAAACAQQDBQAAAAAAAAAAAQMAAAABAQoCAwAAAAEBCgQDAAAAAQEKBRYAAAABAQ0ABg0AAAACAQQDBQAAAAAAAAAAAVgAAAAADwAAAAEBBAAGBgAAAAAEPz8\/AAEDAAAAAQEKAg8AAAABAQQABgYAAAAABD8\/PwAEDwAAAAEBBAAGBgAAAAAEPz8\/AAUPAAAAAQEEAAYGAAAAAAQ\/Pz8AAVgAAAAADwAAAAEBDQAGBgAAAAAEsrKyAAEDAAAAAQEKAg8AAAABAQ0ABgYAAAAABLKysgAEDwAAAAEBDQAGBgAAAAAEsrKyAAUPAAAAAQENAAYGAAAAAASysrIAATQAAAAADwAAAAEBBAAGBgAAAAAEAYD\/AAEDAAAAAQEKAgMAAAABAQoEAwAAAAEBCgUDAAAAAQEKBGIFAAAFCwAAAAAGAAAAAgEAAAARBQsAAAAABgAAAAIBAAAACAUoAAAAACMAAAACAQAAABIDDQAAAAIBBAMFAHDs2XOZ6T8EBgAAAAAE\/\/\/\/AAUoAAAAACMAAAACAQAAABIDDQAAAAIBBQMFAHDs2XOZ6T8EBgAAAAAE\/\/\/\/AAUoAAAAACMAAAACAQAAABIDDQAAAAIBBgMFAHDs2XOZ6T8EBgAAAAAE\/\/\/\/AAUoAAAAACMAAAACAQAAABIDDQAAAAIBBwMFAHDs2XOZ6T8EBgAAAAAE\/\/\/\/AAUoAAAAACMAAAACAQAAABIDDQAAAAIBCAMFAHDs2XOZ6T8EBgAAAAAE\/\/\/\/AAUoAAAAACMAAAACAQAAABIDDQAAAAIBCQMFAHDs2XOZ6T8EBgAAAAAE\/\/\/\/AAUoAAAAACMAAAACAQAAABIDDQAAAAIBBAMFq3r5nSYz4z8EBgAAAAAE\/\/\/\/AAUoAAAAACMAAAACAQAAABIDDQAAAAIBBQMFq3r5nSYz4z8EBgAAAAAE\/\/\/\/AAUoAAAAACMAAAACAQAAABIDDQAAAAIBBgMFq3r5nSYz4z8EBgAAAAAE\/\/\/\/AAUoAAAAACMAAAACAQAAABIDDQAAAAIBBwMFq3r5nSYz4z8EBgAAAAAE\/\/\/\/AAUoAAAAACMAAAACAQAAABIDDQAAAAIBCAMFq3r5nSYz4z8EBgAAAAAE\/\/\/\/AAUoAAAAACMAAAACAQAAABIDDQAAAAIBCQMFq3r5nSYz4z8EBgAAAAAE\/\/\/\/AAUoAAAAACMAAAACAQAAABIDDQAAAAIBBAMFVtXL7zSZ2T8EBgAAAAAE\/\/\/\/AAUoAAAAACMAAAACAQAAABIDDQAAAAIBBQMFVtXL7zSZ2T8EBgAAAAAE\/\/\/\/AAUoAAAAACMAAAACAQAAABIDDQAAAAIBBgMFVtXL7zSZ2T8EBgAAAAAE\/\/\/\/AAUoAAAAACMAAAACAQAAABIDDQAAAAIBBwMFVtXL7zSZ2T8EBgAAAAAE\/\/\/\/AAUoAAAAACMAAAACAQAAABIDDQAAAAIBCAMFVtXL7zSZ2T8EBgAAAAAE\/\/\/\/AAUoAAAAACMAAAACAQAAABIDDQAAAAIBCQMFVtXL7zSZ2T8EBgAAAAAE\/\/\/\/AAUoAAAAACMAAAACAQAAABIDDQAAAAIBBAMFAAAAAAAAAAAEBgAAAAAE\/\/\/\/AAUoAAAAACMAAAACAQAAABIDDQAAAAIBBQMFAAAAAAAAAAAEBgAAAAAE\/\/\/\/AAUoAAAAACMAAAACAQAAABIDDQAAAAIBBgMFAAAAAAAAAAAEBgAAAAAE\/\/\/\/AAUoAAAAACMAAAACAQAAABIDDQAAAAIBBwMFAAAAAAAAAAAEBgAAAAAE\/\/\/\/AAUoAAAAACMAAAACAQAAABIDDQAAAAIBCAMFAAAAAAAAAAAEBgAAAAAE\/\/\/\/AAUoAAAAACMAAAACAQAAABIDDQAAAAIBCQMFAAAAAAAAAAAEBgAAAAAE\/\/\/\/AAUhAAAAABwAAAACAQAAABIDBgAAAAAEmcz\/AAQGAAAAAAT\/\/\/8ABSEAAAAAHAAAAAIBAAAAEgMGAAAAAATy8vIABAYAAAAABP\/\/\/wAFIQAAAAAcAAAAAgEAAAASAwYAAAAABKWlpQAEBgAAAAAE\/\/\/\/AAUhAAAAABwAAAACAQAAABIDBgAAAAAEnOv\/AAQGAAAAAAT\/\/\/8ABSEAAAAAHAAAAAIBAAAAEgMGAAAAAATOx\/8ABAYAAAAABP\/\/\/wAFIQAAAAAcAAAAAgEAAAASAwYAAAAABMz\/\/wAEBgAAAAAE\/\/\/\/AAUhAAAAABwAAAACAQAAABIDBgAAAAAEzu\/GAAQGAAAAAAT\/\/\/8ABuYDAAAHKQAAAAEGBgAAAAAEAAAAAAQGCgAAAEEAcgBpAGEAbAAJAQEGBQAAAAAAACRABzAAAAABBg0AAAACAQEDBQAAAAAAAAAABAYKAAAAQQByAGkAYQBsAAkBAQYFAAAAAAAAJkAHMAAAAAEGDQAAAAIBAAMFAAAAAAAAAAAEBgoAAABBAHIAaQBhAGwACQEBBgUAAAAAAAAmQAcpAAAAAQYGAAAAAAR2Pz8ABAYKAAAAQQByAGkAYQBsAAkBAQYFAAAAAAAAJkAHLAAAAAABAQEGBgAAAAAEPz8\/AAQGCgAAAEEAcgBpAGEAbAAJAQEGBQAAAAAAACZABywAAAAAAQEBBgYAAAAABAB9+gAEBgoAAABBAHIAaQBhAGwACQEBBgUAAAAAAAAmQAcmAAAAAQYGAAAAAAQAAAAABAYKAAAAQQByAGkAYQBsAAYFAAAAAAAAJEAHMwAAAAABAQEGDQAAAAIBAwMFAAAAAAAAAAAEBgoAAABBAHIAaQBhAGwACQEBBgUAAAAAAAAuQAczAAAAAAEBAQYNAAAAAgEDAwUAAAAAAAAAAAQGCgAAAEEAcgBpAGEAbAAJAQEGBQAAAAAAACpABzMAAAAAAQEBBg0AAAACAQMDBQAAAAAAAAAABAYKAAAAQQByAGkAYQBsAAkBAQYFAAAAAAAAJkAHMwAAAAABAQEGDQAAAAIBAQMFAAAAAAAAAAAEBgoAAABBAHIAaQBhAGwACQEBBgUAAAAAAAAmQAczAAAAAAEBAQYNAAAAAgEAAwUAAAAAAAAAAAQGCgAAAEEAcgBpAGEAbAAJAQEGBQAAAAAAACZABzAAAAABBg0AAAACAQMDBQAAAAAAAAAABAYKAAAAQQByAGkAYQBsAAkBAAYFAAAAAAAAMkAHKQAAAAEGBgAAAAAEAFecAAQGCgAAAEEAcgBpAGEAbAAJAQEGBQAAAAAAACZABykAAAABBgYAAAAABAYAnAAEBgoAAABBAHIAaQBhAGwACQEBBgUAAAAAAAAmQAcsAAAAAQYGAAAAAAR\/f38AAwEBBAYKAAAAQQByAGkAYQBsAAkBAQYFAAAAAAAAJkAHKQAAAAEGBgAAAAAEAH36AAQGCgAAAEEAcgBpAGEAbAAJAQEGBQAAAAAAACZABykAAAABBgYAAAAABAAA\/wAEBgoAAABBAHIAaQBhAGwACQEBBgUAAAAAAAAmQAcpAAAAAQYGAAAAAAQAYQAABAYKAAAAQQByAGkAYQBsAAkBAQYFAAAAAAAAJkAHKgAAAAEGBgAAAAAEAAAAAAQGDgAAAEMAYQBsAGkAYgByAGkABgUAAAAAAAAmQA6HBwAAAyQAAAABAQEGBAAAAAACAQEHBAAAAAADAQEIBAAAAAAEAQEJBAAAAAADJAAAAAEBAQYEAAAAAAIBAQcEAgAAAAMBAQgEAQAAAAQBAQkEAAAAAAMkAAAAAQEBBgQAAAAAAgEBBwQDAAAAAwEBCAQBAAAABAEBCQQAAAAAAyQAAAABAQEGBAAAAAACAQEHBAQAAAADAQEIBAEAAAAEAQEJBAAAAAADJAAAAAEBAQYEAAAAAAIBAQcEBQAAAAMBAQgEAQAAAAQBAQkEAAAAAAMkAAAAAQEBBgQAAAAAAgEBBwQGAAAAAwEBCAQBAAAABAEBCQQAAAAAAyQAAAABAQEGBAAAAAACAQEHBAcAAAADAQEIBAEAAAAEAQEJBAAAAAADJAAAAAEBAQYEAAAAAAIBAQcECAAAAAMBAQgEAQAAAAQBAQkEAAAAAAMkAAAAAQEBBgQAAAAAAgEBBwQJAAAAAwEBCAQBAAAABAEBCQQAAAAAAyQAAAABAQEGBAAAAAACAQEHBAoAAAADAQEIBAEAAAAEAQEJBAAAAAADJAAAAAEBAQYEAAAAAAIBAQcECwAAAAMBAQgEAQAAAAQBAQkEAAAAAAMkAAAAAQEBBgQAAAAAAgEBBwQMAAAAAwEBCAQBAAAABAEBCQQAAAAAAyQAAAABAQEGBAAAAAACAQEHBA0AAAADAQEIBAEAAAAEAQEJBAAAAAADJAAAAAEBAQYEAAAAAAIBAQcEDgAAAAMBAQgEAQAAAAQBAQkEAAAAAAMkAAAAAQEBBgQAAAAAAgEBBwQPAAAAAwEBCAQBAAAABAEBCQQAAAAAAyQAAAABAQEGBAAAAAACAQEHBBAAAAADAQEIBAEAAAAEAQEJBAAAAAADJAAAAAEBAQYEAAAAAAIBAQcEEQAAAAMBAQgEAQAAAAQBAQkEAAAAAAMkAAAAAQEBBgQAAAAAAgEBBwQSAAAAAwEBCAQBAAAABAEBCQQAAAAAAyQAAAABAQEGBAAAAAACAQEHBBMAAAADAQEIBAEAAAAEAQEJBAAAAAADJAAAAAEBAQYEAAAAAAIBAQcEFAAAAAMBAQgEAgAAAAQBAQkEAAAAAAMkAAAAAQEBBgQAAAAAAgEBBwQVAAAAAwEBCAQCAAAABAEBCQQAAAAAAyQAAAABAQEGBAAAAAACAQEHBBYAAAADAQEIBAIAAAAEAQEJBAAAAAADJAAAAAEBAQYEAAAAAAIBAQcEFwAAAAMBAQgEAgAAAAQBAQkEAAAAAAMkAAAAAQEBBgQAAAAAAgEBBwQYAAAAAwEBCAQCAAAABAEBCQQAAAAAAyQAAAABAQEGBAAAAAACAQEHBBkAAAADAQEIBAIAAAAEAQEJBAAAAAADJAAAAAEBAQYEAQAAAAIBAQcEGgAAAAMBAQgEAwAAAAQBAQkEAAAAAAMkAAAAAQEBBgQCAAAAAgEBBwQbAAAAAwEBCAQEAAAABAEBCQQAAAAAAyQAAAABAQEGBAEAAAACAQEHBBsAAAADAQEIBAUAAAAEAQEJBAAAAAADJAAAAAEBAQYEAAAAAAIBAQcEAAAAAAMBAQgEBgAAAAQBAQkEoAAAAAMkAAAAAQEBBgQAAAAAAgEBBwQAAAAAAwEBCAQGAAAABAEBCQShAAAAAyQAAAABAQEGBAMAAAACAQEHBAAAAAADAQEIBAcAAAAEAQEJBAAAAAADJAAAAAEBAQYEBAAAAAIBAQcEAAAAAAMBAQgECAAAAAQBAQkEAAAAAAMkAAAAAQEBBgQFAAAAAgEBBwQAAAAAAwEBCAQJAAAABAEBCQQAAAAAAyQAAAABAQEGBAAAAAACAQEHBAAAAAADAQEIBAkAAAAEAQEJBAAAAAADJAAAAAEBAQYEBgAAAAIBAQcEAAAAAAMBAQgECgAAAAQBAQkEAAAAAAMkAAAAAQEBBgQHAAAAAgEBBwQcAAAAAwEBCAQLAAAABAEBCQQAAAAAAyQAAAABAQEGBAAAAAACAQEHBAAAAAADAQEIBAwAAAAEAQEJBAAAAAADJAAAAAEBAQYEAAAAAAIBAQcEHQAAAAMBAQgEDQAAAAQBAQkEAAAAAAMkAAAAAQEBBgQAAAAAAgEBBwQeAAAAAwEBCAQOAAAABAEBCQQAAAAAAyQAAAABAQEGBAAAAAACAQEHBAAAAAADAQEIBA8AAAAEAQEJBAAAAAADJAAAAAEBAQYECAAAAAIBAQcEHwAAAAMBAQgEBgAAAAQBAQkEAAAAAAMkAAAAAQEBBgQAAAAAAgEBBwQAAAAAAwEBCAQGAAAABAEBCQQJAAAAAyQAAAABAQEGBAkAAAACAQEHBAAAAAADAQEIBBAAAAAEAQEJBAAAAAADJAAAAAEBAQYEAAAAAAIBAQcEAAAAAAMBAQgEEQAAAAQBAQkEAAAAAAMkAAAAAQEBBgQAAAAAAgEBBwQAAAAAAwEBCAQGAAAABAEBCQSiAAAAAyQAAAABAQEGBAAAAAACAQEHBAAAAAADAQEIBAYAAAAEAQEJBKMAAAADJAAAAAEBAQYEAAAAAAIBAQcEIAAAAAMBAQgEEgAAAAQBAQkEAAAAAAJJAAAAAx4AAAAGBAAAAAAHBAAAAAAIBAAAAAAJBAAAAAAMBAAAAAADIQAAAAYEAAAAAAcEAAAAAAMBAQgEEwAAAAkEAAAAAAwEAAAAAA8gCQAAEDEAAAAABAAAAB4AAAAEGgAAADIAMAAlACAAFCAgADAEOgRGBDUEPQRCBDEABQQAAAABAAAAEDEAAAAABAAAACIAAAAEGgAAADIAMAAlACAAFCAgADAEOgRGBDUEPQRCBDIABQQAAAACAAAAEDEAAAAABAAAACYAAAAEGgAAADIAMAAlACAAFCAgADAEOgRGBDUEPQRCBDMABQQAAAADAAAAEDEAAAAABAAAACoAAAAEGgAAADIAMAAlACAAFCAgADAEOgRGBDUEPQRCBDQABQQAAAAEAAAAEDEAAAAABAAAAC4AAAAEGgAAADIAMAAlACAAFCAgADAEOgRGBDUEPQRCBDUABQQAAAAFAAAAEDEAAAAABAAAADIAAAAEGgAAADIAMAAlACAAFCAgADAEOgRGBDUEPQRCBDYABQQAAAAGAAAAEDEAAAAABAAAAB8AAAAEGgAAADQAMAAlACAAFCAgADAEOgRGBDUEPQRCBDEABQQAAAAHAAAAEDEAAAAABAAAACMAAAAEGgAAADQAMAAlACAAFCAgADAEOgRGBDUEPQRCBDIABQQAAAAIAAAAEDEAAAAABAAAACcAAAAEGgAAADQAMAAlACAAFCAgADAEOgRGBDUEPQRCBDMABQQAAAAJAAAAEDEAAAAABAAAACsAAAAEGgAAADQAMAAlACAAFCAgADAEOgRGBDUEPQRCBDQABQQAAAAKAAAAEDEAAAAABAAAAC8AAAAEGgAAADQAMAAlACAAFCAgADAEOgRGBDUEPQRCBDUABQQAAAALAAAAEDEAAAAABAAAADMAAAAEGgAAADQAMAAlACAAFCAgADAEOgRGBDUEPQRCBDYABQQAAAAMAAAAEDEAAAAABAAAACAAAAAEGgAAADYAMAAlACAAFCAgADAEOgRGBDUEPQRCBDEABQQAAAANAAAAEDEAAAAABAAAACQAAAAEGgAAADYAMAAlACAAFCAgADAEOgRGBDUEPQRCBDIABQQAAAAOAAAAEDEAAAAABAAAACgAAAAEGgAAADYAMAAlACAAFCAgADAEOgRGBDUEPQRCBDMABQQAAAAPAAAAEDEAAAAABAAAACwAAAAEGgAAADYAMAAlACAAFCAgADAEOgRGBDUEPQRCBDQABQQAAAAQAAAAEDEAAAAABAAAADAAAAAEGgAAADYAMAAlACAAFCAgADAEOgRGBDUEPQRCBDUABQQAAAARAAAAEDEAAAAABAAAADQAAAAEGgAAADYAMAAlACAAFCAgADAEOgRGBDUEPQRCBDYABQQAAAASAAAAECUAAAAABAAAAB0AAAAEDgAAABAEOgRGBDUEPQRCBDEABQQAAAATAAAAECUAAAAABAAAACEAAAAEDgAAABAEOgRGBDUEPQRCBDIABQQAAAAUAAAAECUAAAAABAAAACUAAAAEDgAAABAEOgRGBDUEPQRCBDMABQQAAAAVAAAAECUAAAAABAAAACkAAAAEDgAAABAEOgRGBDUEPQRCBDQABQQAAAAWAAAAECUAAAAABAAAAC0AAAAEDgAAABAEOgRGBDUEPQRCBDUABQQAAAAXAAAAECUAAAAABAAAADEAAAAEDgAAABAEOgRGBDUEPQRCBDYABQQAAAAYAAAAECEAAAAABAAAABQAAAAECgAAABIEMgQ+BDQEIAAFBAAAABkAAAAQIQAAAAAEAAAAFQAAAAQKAAAAEgRLBDIEPgQ0BAUEAAAAGgAAABArAAAAAAQAAAAWAAAABBQAAAASBEsERwQ4BEEEOwQ1BD0EOAQ1BAUEAAAAGwAAABAnAAAAAAQAAAAEAAAABBAAAAAUBDUEPQQ1BDYEPQRLBDkEBQQAAAAcAAAAEC8AAAAABAAAAAcAAAAEGAAAABQENQQ9BDUENgQ9BEsEOQQgAFsAMABdAAUEAAAAHQAAABAtAAAAAAQAAAAQAAAABBYAAAAXBDAEMwQ+BDsEPgQyBD4EOgQgADEABQQAAAAeAAAAEC0AAAAABAAAABEAAAAEFgAAABcEMAQzBD4EOwQ+BDIEPgQ6BCAAMgAFBAAAAB8AAAAQLQAAAAAEAAAAEgAAAAQWAAAAFwQwBDMEPgQ7BD4EMgQ+BDoEIAAzAAUEAAAAIAAAABAtAAAAAAQAAAATAAAABBYAAAAXBDAEMwQ+BDsEPgQyBD4EOgQgADQABQQAAAAhAAAAEB8AAAAABAAAABkAAAAECAAAABgEQgQ+BDMEBQQAAAAiAAAAEDsAAAAABAAAABcAAAAEJAAAABoEPgQ9BEIEQAQ+BDsETAQ9BDAETwQgAE8ERwQ1BDkEOgQwBAUEAAAAIwAAABAnAAAAAAQAAAAPAAAABBAAAAAdBDAENwQyBDAEPQQ4BDUEBQQAAAAkAAAAEC0AAAAABAAAABwAAAAEFgAAAB0ENQQ5BEIEQAQwBDsETAQ9BEsEOQQFBAAAACUAAAAQJQAAAAAEAAAAAAAAAAQOAAAAHgQxBEsERwQ9BEsEOQQFBAAAAAAAAAAQIwAAAAAEAAAAGwAAAAQMAAAAHwQ7BD4ERQQ+BDkEBQQAAAAmAAAAECkAAAAABAAAADUAAAAEEgAAAB8EPgRPBEEEPQQ1BD0EOAQ1BAUEAAAAJwAAABArAAAAAAQAAAAKAAAABBQAAAAfBEAEOAQ8BDUERwQwBD0EOAQ1BAUEAAAAKAAAABArAAAAAAQAAAAFAAAABBQAAAAfBEAEPgRGBDUEPQRCBD0ESwQ5BAUEAAAAKQAAABA3AAAAAAQAAAAYAAAABCAAAAAhBDIETwQ3BDAEPQQ9BDAETwQgAE8ERwQ1BDkEOgQwBAUEAAAAKgAAABA\/AAAAAAQAAAALAAAABCgAAAAiBDUEOgRBBEIEIAA\/BEAENQQ0BEMEPwRABDUENgQ0BDUEPQQ4BE8EBQQAAAArAAAAECsAAAAABAAAAAMAAAAEFAAAACQEOAQ9BDAEPQRBBD4EMgRLBDkEBQQAAAAsAAAAEDMAAAAABAAAAAYAAAAEHAAAACQEOAQ9BDAEPQRBBD4EMgRLBDkEIABbADAAXQAFBAAAAC0AAAAQJQAAAAAEAAAAGgAAAAQOAAAAJQQ+BEAEPgRIBDgEOQQFBAAAAC4AAAAMTgAAAAAiAAAAVABhAGIAbABlAFMAdAB5AGwAZQBNAGUAZABpAHUAbQAyAAEiAAAAUABpAHYAbwB0AFMAdAB5AGwAZQBMAGkAZwBoAHQAMQA2ABE3AAAAADIAAAD6ABEAAABTAGwAaQBjAGUAcgBTAHQAeQBsAGUATABpAGcAaAB0ADEA+wAEAAAAAAAAAAjYAQAACYgAAAAABnwAAABfAC0AKgAgACMALAAjACMAMAAuADAAMABcACAAIgC9ICIAXwAtADsAXAAtACoAIAAjACwAIwAjADAALgAwADAAXAAgACIAvSAiAF8ALQA7AF8ALQAqACAAIgAtACIAPwA\/AFwAIAAiAL0gIgBfAC0AOwBfAC0AQABfAC0AAQSgAAAACXgAAAAABmwAAABfAC0AKgAgACMALAAjACMAMABcACAAIgC9ICIAXwAtADsAXAAtACoAIAAjACwAIwAjADAAXAAgACIAvSAiAF8ALQA7AF8ALQAqACAAIgAtACIAXAAgACIAvSAiAF8ALQA7AF8ALQBAAF8ALQABBKEAAAAJagAAAAAGXgAAAF8ALQAqACAAIwAsACMAIwAwAC4AMAAwAF8ALQA7AFwALQAqACAAIwAsACMAIwAwAC4AMAAwAF8ALQA7AF8ALQAqACAAIgAtACIAPwA\/AF8ALQA7AF8ALQBAAF8ALQABBKIAAAAJWgAAAAAGTgAAAF8ALQAqACAAIwAsACMAIwAwAF8ALQA7AFwALQAqACAAIwAsACMAIwAwAF8ALQA7AF8ALQAqACAAIgAtACIAXwAtADsAXwAtAEAAXwAtAAEEowAAAA==\" cellspacing=\"0\" cellpadding=\"0\">\n<tbody>\n<tr>\n<td>\u0420\u0438\u0441, \u043c\u043e\u0440\u043a\u043e\u0432\u044c, \u043b\u0443\u043a, \u043a\u0443\u043a\u0443\u0440\u0443\u0437\u0430, \u0433\u043e\u0440\u043e\u0445, \u043a\u0443\u0440\u043a\u0443\u043c\u0430, \u043a\u0443\u0440\u0438\u043d\u044b\u0439 \u0431\u0443\u043b\u044c\u043e\u043d, \u043c\u0443\u043a\u0430, \u044f\u0439\u0446\u043e, \u043f\u0435\u0440\u0435\u0446 \u2014 400 \u0433<\/p>\n<p>orez, morcov, ceap\u0103, porumb, maz\u0103re, curcuma, bulion de pui, ceap\u0103, f\u0103in\u0103, ou, piper &#8211; 400 g<\/td>\n<\/tr>\n<\/tbody>\n<\/table>\n","protected":false},"excerpt":{"rendered":"<p>\u0420\u0438\u0441, \u043c\u043e\u0440\u043a\u043e\u0432\u044c, \u043b\u0443\u043a, \u043a\u0443\u043a\u0443\u0440\u0443\u0437\u0430, \u0433\u043e\u0440\u043e\u0445, \u043a\u0443\u0440\u043a\u0443\u043c\u0430, \u043a\u0443\u0440\u0438\u043d\u044b\u0439 \u0431\u0443\u043b\u044c\u043e\u043d, \u043c\u0443\u043a\u0430, \u044f\u0439\u0446\u043e, \u043f\u0435\u0440\u0435\u0446 \u2014 400 \u0433 orez, morcov, ceap\u0103, porumb, maz\u0103re, curcuma, bulion de pui, ceap\u0103, f\u0103in\u0103, ou, piper &#8211; 400 g<\/p>\n","protected":false},"featured_media":30448,"template":"","meta":[],"product_brand":[],"product_cat":[1219,1223],"product_tag":[1233],"class_list":{"0":"post-30446","1":"product","2":"type-product","3":"status-publish","4":"has-post-thumbnail","6":"product_cat-city-cafe","7":"product_cat-garniry-city-cafe","8":"product_tag-buissnes-lunch","9":"product_shipping_class-citycafe-dostavka","10":"wpcafe_location-city-cafe","12":"first","13":"instock","14":"shipping-taxable","15":"purchasable","16":"product-type-simple"},"aioseo_notices":[],"_links":{"self":[{"href":"https:\/\/livrare-balti.md\/ro\/wp-json\/wp\/v2\/product\/30446","targetHints":{"allow":["GET"]}}],"collection":[{"href":"https:\/\/livrare-balti.md\/ro\/wp-json\/wp\/v2\/product"}],"about":[{"href":"https:\/\/livrare-balti.md\/ro\/wp-json\/wp\/v2\/types\/product"}],"version-history":[{"count":1,"href":"https:\/\/livrare-balti.md\/ro\/wp-json\/wp\/v2\/product\/30446\/revisions"}],"predecessor-version":[{"id":30450,"href":"https:\/\/livrare-balti.md\/ro\/wp-json\/wp\/v2\/product\/30446\/revisions\/30450"}],"wp:featuredmedia":[{"embeddable":true,"href":"https:\/\/livrare-balti.md\/ro\/wp-json\/wp\/v2\/media\/30448"}],"wp:attachment":[{"href":"https:\/\/livrare-balti.md\/ro\/wp-json\/wp\/v2\/media?parent=30446"}],"wp:term":[{"taxonomy":"product_brand","embeddable":true,"href":"https:\/\/livrare-balti.md\/ro\/wp-json\/wp\/v2\/product_brand?post=30446"},{"taxonomy":"product_cat","embeddable":true,"href":"https:\/\/livrare-balti.md\/ro\/wp-json\/wp\/v2\/product_cat?post=30446"},{"taxonomy":"product_tag","embeddable":true,"href":"https:\/\/livrare-balti.md\/ro\/wp-json\/wp\/v2\/product_tag?post=30446"}],"curies":[{"name":"wp","href":"https:\/\/api.w.org\/{rel}","templated":true}]}}