{"id":30441,"date":"2025-12-24T01:28:47","date_gmt":"2025-12-23T22:28:47","guid":{"rendered":"https:\/\/livrare-balti.md\/?post_type=product&#038;p=30441"},"modified":"2026-02-26T23:26:18","modified_gmt":"2026-02-26T20:26:18","slug":"zapechennyj-kartofel-s-gribami-i-zrazoj-cartofi-copti-cu-ciuperci-si-zraza","status":"publish","type":"product","link":"https:\/\/livrare-balti.md\/ro\/product\/city-cafe\/garniry-city-cafe\/zapechennyj-kartofel-s-gribami-i-zrazoj-cartofi-copti-cu-ciuperci-si-zraza\/","title":{"rendered":"\u0417\u0430\u043f\u0435\u0447\u0435\u043d\u043d\u044b\u0439 \u043a\u0430\u0440\u0442\u043e\u0444\u0435\u043b\u044c \u0441 \u0433\u0440\u0438\u0431\u0430\u043c\u0438 \u0438 \u0437\u0440\u0430\u0437\u043e\u0439 \/ Cartofi cop\u021bi cu ciuperci si zraza"},"content":{"rendered":"<table class=\"xslData;XLSY;v2;10125;-1;-1;BgaAAgAAB5kCAAABaAYAAALaBwAAA8ADAAAE\/wMAAAAAAAAAAAAAAAAAAAAAAAAAAAAAAAAAAAAAAAAAAAAAAAAAAAAAAAAAAAAAAAAAAAAAAAAAAAAAAAAAAAAAAAAAAAAAAAAAAAAAAAAAAAAAAAAAAAAAAAAAAAAAAAAAAAAAAAAAAAAAAAAAAAAAAAAAAAAAAAAAAAAAAAAAAAAAAAAAAAAAAAAAAAAAAAAAAAAAAAAAAAAAAAAAAAAAAAAAAAAAAAAAAAAAAAAAAAAAAAAAAAAAAAAAAAAAAAAAAAAAAAAAAAAAAAAAAAAAAAAAAAAAAAAAAAAAAAAAAAAAAAAAAAAAAAAAAAAAAAAAAAAAAAAAAAAAAAAAAAAAAAAAAAAAAAAAAAAAAAAAAAAAAAAAAAAAAAAAAAAAAAAAAAAAAAAAAAAAAAAAAAAAAAAAAAAAAAAAAAAAAAAAAAAAAAAAAAAAAAAAAAAAAAAAAAAAAAAAAAAAAAAAAAAAAAAAAAAAAAAAAAAAAAAAAAAAAAAAAAAAAAAAAAAAAAAAAAAAAAAAAAAAAAAAAAAAAAAAAAAAAAAAAAAAAAAAAAAAAAAAAAAAAAAAAAAAAAAAAAAAAAAAAAAAAAAAAAAAAAAAAAAAAAAAAAAAAAAAAAAAAAAAAAAAAAAAAAAAAAAAAAAAAAAAAAAAAAAAAAAAAAAAAAAAAAAAAAAAAAAAAAAAAAAAAAAAAAAAAAAAAAAAAAAAAAAAAAAAAAAAAAAAAAAAAAAAAAAAAAAAAAAAAAAAAAAAAAAAAAAAAAAAAAAAAAAAAAAAAAAAAAAAAAAAAAAAAAAAAAAAAAAAAAAAAAAAAAEUAAAA+gwADgAPAPsABwAAAPoSAAAAAPsCIgEAAPoAFwAAAEQATwBTAFQAQQBWAEsAQQBfADEANwAsADEAMgAsADIAMAAyADUALgB4AGwAcwABCQAAADEANwA3ADUANgA0ADIAOAAxAAISAAAAcABlAG4AawBhAGwAbQBkADgAMwBAAG0AYQBpAGwALgByAHUAAwEAAAAxAAQUAAAAMgAwADIANQAtADEAMgAtADEANwBUADEAMgA6ADUAMQA6ADAAMABaAAUUAAAAMgAwADIANQAtADEAMgAtADIAMwBUADIAMgA6ADIANQA6ADEANwBaAPsARwAAAPoJEgAAAEsARQBZAG4AZQBRAFoAMQBuAFMAVQBSAHUARQBkAEQARgB0AAsCAAAAMgA1AA4HAAAAMQAwADQAOAA1ADcANgD7OwAAAAADAAAAAgEAAQsAAAACBgAAAAAEAAAAAAMAAAAADwAAAAAVFAAAAAQBAAUBAAYGCAAAADAAMAAwADAAZQIAAABgAgAAASUAAAAABgoAAAAbBDgEQQRCBDEAAQQBAAAAAgECAwYGAAAARAAyADIAAtIAAAADGQAAAAIEAQAAAAMEAQAAAAUFAAAAAAAAOUAGAQEDGQAAAAIEAgAAAAMEAgAAAAUFuVM6WP9HHkAGAQEDGQAAAAIEAwAAAAMEAwAAAAUFAAAAAACAQEAGAQEDGQAAAAIEBAAAAAMEBAAAAAUFfa62Yn8tUUAGAQEDGQAAAAIEBQAAAAMEBQAAAAUFAAAAAAAAHEAGAQEDGQAAAAIEBgAAAAMEBgAAAAUFEmvxKQC2I0AGAQEDGQAAAAIEAQEAAAMEBwAAAAUFTtGRXP4jKUAGAQEWKQAAABckAAAAFB8AAAAABgAAAEQAMgAyAAEEAAAAAAAAAAIGAAAARAAyADIAGC4AAAAKDAAAAAsBAAAAAQwBAAAAAA0YAAAADgEAAAAADwEAAAABEAEAAAAAEQEAAAAACx0AAAACBAgAAAAABU7RkVz+IylAAQUAAAAAAIAvQAMBAQ48AAAAAAVH4XoUrscxQAEFzMzMzMwMM0ACBUfhehSuxzFAAwXMzMzMzAwzQAQFexSuR+F6HkAFBXsUrkfheh5AD0UAAAABAQkCAQADAQAEBAEAAAAFAQAGAQAHBAEAAAAIBAEAAAAJBAEAAAAKBFgCAAAAAQELAQAPBFoAAAAQAQARAQESBAAAAAAQBgAAAAABAAEBAAkyAAAAIy0AAAAwBgAAkQEAABEVAAAAAAAAAGcCACAAAAAAAAcOAwAAAAEAAAAAAAAAAACSAQAFAAAAAAcAAAAAGwAAAABuAQAAAGkBAAADZAEAABoEMARABEIEPgREBDUEOwRMBCwAIAAzBEAEOAQxBEsELAAgADsEQwQ6BCwAIAA6BEMEQAQ4BEYEMAQsACAAPARDBDoEMAQsACAAQQQ+BDsETAQsACAAPwQ1BEAENQRGBCwAIAA\/BDAEPQQ4BEAEPgQyBD4ERwQ9BEsENQQgAEEEQwRFBDAEQAQ4BCwAIABPBDkERgQ+BCwAIABBBEsEQAQgABQgIAA0ADAAMAAgADMELwAgAEMAYQByAHQAbwBmAGkALAAgAGMAaQB1AHAAZQByAGMAaQAsACAAYwBlAGEAcAADASwAIABjAGEAcgBuAGUAIABkAGUAIABwAHUAaQAsACAAZgADAWkAbgADASwAIABzAGEAcgBlACwAIABwAGkAcABlAHIALAAgAHAAZQBzAG0AZQB0ACwAIABvAHUALAAgAGMAYQAZAmMAYQB2AGEAbAAgAC0AIAA0ADAAMAAgAGcArx8AAADtAgAAASgAAAAAAwAAAAEBCgEDAAAAAQEKAgMAAAABAQoEAwAAAAEBCgUDAAAAAQEKAVgAAAAADwAAAAEBDQAGBgAAAAAEf39\/AAEDAAAAAQEKAg8AAAABAQ0ABgYAAAAABH9\/fwAEDwAAAAEBDQAGBgAAAAAEf39\/AAUPAAAAAQENAAYGAAAAAAR\/f38AAVgAAAAADwAAAAEBDQAGBgAAAAAEPz8\/AAEDAAAAAQEKAg8AAAABAQ0ABgYAAAAABD8\/PwAEDwAAAAEBDQAGBgAAAAAEPz8\/AAUPAAAAAQENAAYGAAAAAAQ\/Pz8AATsAAAAAFgAAAAEBDAAGDQAAAAIBBAMFAAAAAAAAAAABAwAAAAEBCgIDAAAAAQEKBAMAAAABAQoFAwAAAAEBCgE7AAAAABYAAAABAQwABg0AAAACAQQDBVZl3xXB\/98\/AQMAAAABAQoCAwAAAAEBCgQDAAAAAQEKBQMAAAABAQoBOwAAAAAWAAAAAQEGAAYNAAAAAgEEAwVW1cvvNJnZPwEDAAAAAQEKAgMAAAABAQoEAwAAAAEBCgUDAAAAAQEKAU4AAAAAFgAAAAEBBAAGDQAAAAIBBAMFAAAAAAAAAAABAwAAAAEBCgIDAAAAAQEKBAMAAAABAQoFFgAAAAEBDQAGDQAAAAIBBAMFAAAAAAAAAAABWAAAAAAPAAAAAQEEAAYGAAAAAAQ\/Pz8AAQMAAAABAQoCDwAAAAEBBAAGBgAAAAAEPz8\/AAQPAAAAAQEEAAYGAAAAAAQ\/Pz8ABQ8AAAABAQQABgYAAAAABD8\/PwABWAAAAAAPAAAAAQENAAYGAAAAAASysrIAAQMAAAABAQoCDwAAAAEBDQAGBgAAAAAEsrKyAAQPAAAAAQENAAYGAAAAAASysrIABQ8AAAABAQ0ABgYAAAAABLKysgABNAAAAAAPAAAAAQEEAAYGAAAAAAQBgP8AAQMAAAABAQoCAwAAAAEBCgQDAAAAAQEKBQMAAAABAQoEYgUAAAULAAAAAAYAAAACAQAAABEFCwAAAAAGAAAAAgEAAAAIBSgAAAAAIwAAAAIBAAAAEgMNAAAAAgEEAwUAcOzZc5npPwQGAAAAAAT\/\/\/8ABSgAAAAAIwAAAAIBAAAAEgMNAAAAAgEFAwUAcOzZc5npPwQGAAAAAAT\/\/\/8ABSgAAAAAIwAAAAIBAAAAEgMNAAAAAgEGAwUAcOzZc5npPwQGAAAAAAT\/\/\/8ABSgAAAAAIwAAAAIBAAAAEgMNAAAAAgEHAwUAcOzZc5npPwQGAAAAAAT\/\/\/8ABSgAAAAAIwAAAAIBAAAAEgMNAAAAAgEIAwUAcOzZc5npPwQGAAAAAAT\/\/\/8ABSgAAAAAIwAAAAIBAAAAEgMNAAAAAgEJAwUAcOzZc5npPwQGAAAAAAT\/\/\/8ABSgAAAAAIwAAAAIBAAAAEgMNAAAAAgEEAwWrevmdJjPjPwQGAAAAAAT\/\/\/8ABSgAAAAAIwAAAAIBAAAAEgMNAAAAAgEFAwWrevmdJjPjPwQGAAAAAAT\/\/\/8ABSgAAAAAIwAAAAIBAAAAEgMNAAAAAgEGAwWrevmdJjPjPwQGAAAAAAT\/\/\/8ABSgAAAAAIwAAAAIBAAAAEgMNAAAAAgEHAwWrevmdJjPjPwQGAAAAAAT\/\/\/8ABSgAAAAAIwAAAAIBAAAAEgMNAAAAAgEIAwWrevmdJjPjPwQGAAAAAAT\/\/\/8ABSgAAAAAIwAAAAIBAAAAEgMNAAAAAgEJAwWrevmdJjPjPwQGAAAAAAT\/\/\/8ABSgAAAAAIwAAAAIBAAAAEgMNAAAAAgEEAwVW1cvvNJnZPwQGAAAAAAT\/\/\/8ABSgAAAAAIwAAAAIBAAAAEgMNAAAAAgEFAwVW1cvvNJnZPwQGAAAAAAT\/\/\/8ABSgAAAAAIwAAAAIBAAAAEgMNAAAAAgEGAwVW1cvvNJnZPwQGAAAAAAT\/\/\/8ABSgAAAAAIwAAAAIBAAAAEgMNAAAAAgEHAwVW1cvvNJnZPwQGAAAAAAT\/\/\/8ABSgAAAAAIwAAAAIBAAAAEgMNAAAAAgEIAwVW1cvvNJnZPwQGAAAAAAT\/\/\/8ABSgAAAAAIwAAAAIBAAAAEgMNAAAAAgEJAwVW1cvvNJnZPwQGAAAAAAT\/\/\/8ABSgAAAAAIwAAAAIBAAAAEgMNAAAAAgEEAwUAAAAAAAAAAAQGAAAAAAT\/\/\/8ABSgAAAAAIwAAAAIBAAAAEgMNAAAAAgEFAwUAAAAAAAAAAAQGAAAAAAT\/\/\/8ABSgAAAAAIwAAAAIBAAAAEgMNAAAAAgEGAwUAAAAAAAAAAAQGAAAAAAT\/\/\/8ABSgAAAAAIwAAAAIBAAAAEgMNAAAAAgEHAwUAAAAAAAAAAAQGAAAAAAT\/\/\/8ABSgAAAAAIwAAAAIBAAAAEgMNAAAAAgEIAwUAAAAAAAAAAAQGAAAAAAT\/\/\/8ABSgAAAAAIwAAAAIBAAAAEgMNAAAAAgEJAwUAAAAAAAAAAAQGAAAAAAT\/\/\/8ABSEAAAAAHAAAAAIBAAAAEgMGAAAAAASZzP8ABAYAAAAABP\/\/\/wAFIQAAAAAcAAAAAgEAAAASAwYAAAAABPLy8gAEBgAAAAAE\/\/\/\/AAUhAAAAABwAAAACAQAAABIDBgAAAAAEpaWlAAQGAAAAAAT\/\/\/8ABSEAAAAAHAAAAAIBAAAAEgMGAAAAAASc6\/8ABAYAAAAABP\/\/\/wAFIQAAAAAcAAAAAgEAAAASAwYAAAAABM7H\/wAEBgAAAAAE\/\/\/\/AAUhAAAAABwAAAACAQAAABIDBgAAAAAEzP\/\/AAQGAAAAAAT\/\/\/8ABSEAAAAAHAAAAAIBAAAAEgMGAAAAAATO78YABAYAAAAABP\/\/\/wAG5gMAAAcpAAAAAQYGAAAAAAQAAAAABAYKAAAAQQByAGkAYQBsAAkBAQYFAAAAAAAAJEAHMAAAAAEGDQAAAAIBAQMFAAAAAAAAAAAEBgoAAABBAHIAaQBhAGwACQEBBgUAAAAAAAAmQAcwAAAAAQYNAAAAAgEAAwUAAAAAAAAAAAQGCgAAAEEAcgBpAGEAbAAJAQEGBQAAAAAAACZABykAAAABBgYAAAAABHY\/PwAEBgoAAABBAHIAaQBhAGwACQEBBgUAAAAAAAAmQAcsAAAAAAEBAQYGAAAAAAQ\/Pz8ABAYKAAAAQQByAGkAYQBsAAkBAQYFAAAAAAAAJkAHLAAAAAABAQEGBgAAAAAEAH36AAQGCgAAAEEAcgBpAGEAbAAJAQEGBQAAAAAAACZAByYAAAABBgYAAAAABAAAAAAEBgoAAABBAHIAaQBhAGwABgUAAAAAAAAkQAczAAAAAAEBAQYNAAAAAgEDAwUAAAAAAAAAAAQGCgAAAEEAcgBpAGEAbAAJAQEGBQAAAAAAAC5ABzMAAAAAAQEBBg0AAAACAQMDBQAAAAAAAAAABAYKAAAAQQByAGkAYQBsAAkBAQYFAAAAAAAAKkAHMwAAAAABAQEGDQAAAAIBAwMFAAAAAAAAAAAEBgoAAABBAHIAaQBhAGwACQEBBgUAAAAAAAAmQAczAAAAAAEBAQYNAAAAAgEBAwUAAAAAAAAAAAQGCgAAAEEAcgBpAGEAbAAJAQEGBQAAAAAAACZABzMAAAAAAQEBBg0AAAACAQADBQAAAAAAAAAABAYKAAAAQQByAGkAYQBsAAkBAQYFAAAAAAAAJkAHMAAAAAEGDQAAAAIBAwMFAAAAAAAAAAAEBgoAAABBAHIAaQBhAGwACQEABgUAAAAAAAAyQAcpAAAAAQYGAAAAAAQAV5wABAYKAAAAQQByAGkAYQBsAAkBAQYFAAAAAAAAJkAHKQAAAAEGBgAAAAAEBgCcAAQGCgAAAEEAcgBpAGEAbAAJAQEGBQAAAAAAACZABywAAAABBgYAAAAABH9\/fwADAQEEBgoAAABBAHIAaQBhAGwACQEBBgUAAAAAAAAmQAcpAAAAAQYGAAAAAAQAffoABAYKAAAAQQByAGkAYQBsAAkBAQYFAAAAAAAAJkAHKQAAAAEGBgAAAAAEAAD\/AAQGCgAAAEEAcgBpAGEAbAAJAQEGBQAAAAAAACZABykAAAABBgYAAAAABABhAAAEBgoAAABBAHIAaQBhAGwACQEBBgUAAAAAAAAmQAcqAAAAAQYGAAAAAAQAAAAABAYOAAAAQwBhAGwAaQBiAHIAaQAGBQAAAAAAACZADocHAAADJAAAAAEBAQYEAAAAAAIBAQcEAAAAAAMBAQgEAAAAAAQBAQkEAAAAAAMkAAAAAQEBBgQAAAAAAgEBBwQCAAAAAwEBCAQBAAAABAEBCQQAAAAAAyQAAAABAQEGBAAAAAACAQEHBAMAAAADAQEIBAEAAAAEAQEJBAAAAAADJAAAAAEBAQYEAAAAAAIBAQcEBAAAAAMBAQgEAQAAAAQBAQkEAAAAAAMkAAAAAQEBBgQAAAAAAgEBBwQFAAAAAwEBCAQBAAAABAEBCQQAAAAAAyQAAAABAQEGBAAAAAACAQEHBAYAAAADAQEIBAEAAAAEAQEJBAAAAAADJAAAAAEBAQYEAAAAAAIBAQcEBwAAAAMBAQgEAQAAAAQBAQkEAAAAAAMkAAAAAQEBBgQAAAAAAgEBBwQIAAAAAwEBCAQBAAAABAEBCQQAAAAAAyQAAAABAQEGBAAAAAACAQEHBAkAAAADAQEIBAEAAAAEAQEJBAAAAAADJAAAAAEBAQYEAAAAAAIBAQcECgAAAAMBAQgEAQAAAAQBAQkEAAAAAAMkAAAAAQEBBgQAAAAAAgEBBwQLAAAAAwEBCAQBAAAABAEBCQQAAAAAAyQAAAABAQEGBAAAAAACAQEHBAwAAAADAQEIBAEAAAAEAQEJBAAAAAADJAAAAAEBAQYEAAAAAAIBAQcEDQAAAAMBAQgEAQAAAAQBAQkEAAAAAAMkAAAAAQEBBgQAAAAAAgEBBwQOAAAAAwEBCAQBAAAABAEBCQQAAAAAAyQAAAABAQEGBAAAAAACAQEHBA8AAAADAQEIBAEAAAAEAQEJBAAAAAADJAAAAAEBAQYEAAAAAAIBAQcEEAAAAAMBAQgEAQAAAAQBAQkEAAAAAAMkAAAAAQEBBgQAAAAAAgEBBwQRAAAAAwEBCAQBAAAABAEBCQQAAAAAAyQAAAABAQEGBAAAAAACAQEHBBIAAAADAQEIBAEAAAAEAQEJBAAAAAADJAAAAAEBAQYEAAAAAAIBAQcEEwAAAAMBAQgEAQAAAAQBAQkEAAAAAAMkAAAAAQEBBgQAAAAAAgEBBwQUAAAAAwEBCAQCAAAABAEBCQQAAAAAAyQAAAABAQEGBAAAAAACAQEHBBUAAAADAQEIBAIAAAAEAQEJBAAAAAADJAAAAAEBAQYEAAAAAAIBAQcEFgAAAAMBAQgEAgAAAAQBAQkEAAAAAAMkAAAAAQEBBgQAAAAAAgEBBwQXAAAAAwEBCAQCAAAABAEBCQQAAAAAAyQAAAABAQEGBAAAAAACAQEHBBgAAAADAQEIBAIAAAAEAQEJBAAAAAADJAAAAAEBAQYEAAAAAAIBAQcEGQAAAAMBAQgEAgAAAAQBAQkEAAAAAAMkAAAAAQEBBgQBAAAAAgEBBwQaAAAAAwEBCAQDAAAABAEBCQQAAAAAAyQAAAABAQEGBAIAAAACAQEHBBsAAAADAQEIBAQAAAAEAQEJBAAAAAADJAAAAAEBAQYEAQAAAAIBAQcEGwAAAAMBAQgEBQAAAAQBAQkEAAAAAAMkAAAAAQEBBgQAAAAAAgEBBwQAAAAAAwEBCAQGAAAABAEBCQSgAAAAAyQAAAABAQEGBAAAAAACAQEHBAAAAAADAQEIBAYAAAAEAQEJBKEAAAADJAAAAAEBAQYEAwAAAAIBAQcEAAAAAAMBAQgEBwAAAAQBAQkEAAAAAAMkAAAAAQEBBgQEAAAAAgEBBwQAAAAAAwEBCAQIAAAABAEBCQQAAAAAAyQAAAABAQEGBAUAAAACAQEHBAAAAAADAQEIBAkAAAAEAQEJBAAAAAADJAAAAAEBAQYEAAAAAAIBAQcEAAAAAAMBAQgECQAAAAQBAQkEAAAAAAMkAAAAAQEBBgQGAAAAAgEBBwQAAAAAAwEBCAQKAAAABAEBCQQAAAAAAyQAAAABAQEGBAcAAAACAQEHBBwAAAADAQEIBAsAAAAEAQEJBAAAAAADJAAAAAEBAQYEAAAAAAIBAQcEAAAAAAMBAQgEDAAAAAQBAQkEAAAAAAMkAAAAAQEBBgQAAAAAAgEBBwQdAAAAAwEBCAQNAAAABAEBCQQAAAAAAyQAAAABAQEGBAAAAAACAQEHBB4AAAADAQEIBA4AAAAEAQEJBAAAAAADJAAAAAEBAQYEAAAAAAIBAQcEAAAAAAMBAQgEDwAAAAQBAQkEAAAAAAMkAAAAAQEBBgQIAAAAAgEBBwQfAAAAAwEBCAQGAAAABAEBCQQAAAAAAyQAAAABAQEGBAAAAAACAQEHBAAAAAADAQEIBAYAAAAEAQEJBAkAAAADJAAAAAEBAQYECQAAAAIBAQcEAAAAAAMBAQgEEAAAAAQBAQkEAAAAAAMkAAAAAQEBBgQAAAAAAgEBBwQAAAAAAwEBCAQRAAAABAEBCQQAAAAAAyQAAAABAQEGBAAAAAACAQEHBAAAAAADAQEIBAYAAAAEAQEJBKIAAAADJAAAAAEBAQYEAAAAAAIBAQcEAAAAAAMBAQgEBgAAAAQBAQkEowAAAAMkAAAAAQEBBgQAAAAAAgEBBwQgAAAAAwEBCAQSAAAABAEBCQQAAAAAAkkAAAADHgAAAAYEAAAAAAcEAAAAAAgEAAAAAAkEAAAAAAwEAAAAAAMhAAAABgQAAAAABwQAAAAAAwEBCAQTAAAACQQAAAAADAQAAAAADyAJAAAQMQAAAAAEAAAAHgAAAAQaAAAAMgAwACUAIAAUICAAMAQ6BEYENQQ9BEIEMQAFBAAAAAEAAAAQMQAAAAAEAAAAIgAAAAQaAAAAMgAwACUAIAAUICAAMAQ6BEYENQQ9BEIEMgAFBAAAAAIAAAAQMQAAAAAEAAAAJgAAAAQaAAAAMgAwACUAIAAUICAAMAQ6BEYENQQ9BEIEMwAFBAAAAAMAAAAQMQAAAAAEAAAAKgAAAAQaAAAAMgAwACUAIAAUICAAMAQ6BEYENQQ9BEIENAAFBAAAAAQAAAAQMQAAAAAEAAAALgAAAAQaAAAAMgAwACUAIAAUICAAMAQ6BEYENQQ9BEIENQAFBAAAAAUAAAAQMQAAAAAEAAAAMgAAAAQaAAAAMgAwACUAIAAUICAAMAQ6BEYENQQ9BEIENgAFBAAAAAYAAAAQMQAAAAAEAAAAHwAAAAQaAAAANAAwACUAIAAUICAAMAQ6BEYENQQ9BEIEMQAFBAAAAAcAAAAQMQAAAAAEAAAAIwAAAAQaAAAANAAwACUAIAAUICAAMAQ6BEYENQQ9BEIEMgAFBAAAAAgAAAAQMQAAAAAEAAAAJwAAAAQaAAAANAAwACUAIAAUICAAMAQ6BEYENQQ9BEIEMwAFBAAAAAkAAAAQMQAAAAAEAAAAKwAAAAQaAAAANAAwACUAIAAUICAAMAQ6BEYENQQ9BEIENAAFBAAAAAoAAAAQMQAAAAAEAAAALwAAAAQaAAAANAAwACUAIAAUICAAMAQ6BEYENQQ9BEIENQAFBAAAAAsAAAAQMQAAAAAEAAAAMwAAAAQaAAAANAAwACUAIAAUICAAMAQ6BEYENQQ9BEIENgAFBAAAAAwAAAAQMQAAAAAEAAAAIAAAAAQaAAAANgAwACUAIAAUICAAMAQ6BEYENQQ9BEIEMQAFBAAAAA0AAAAQMQAAAAAEAAAAJAAAAAQaAAAANgAwACUAIAAUICAAMAQ6BEYENQQ9BEIEMgAFBAAAAA4AAAAQMQAAAAAEAAAAKAAAAAQaAAAANgAwACUAIAAUICAAMAQ6BEYENQQ9BEIEMwAFBAAAAA8AAAAQMQAAAAAEAAAALAAAAAQaAAAANgAwACUAIAAUICAAMAQ6BEYENQQ9BEIENAAFBAAAABAAAAAQMQAAAAAEAAAAMAAAAAQaAAAANgAwACUAIAAUICAAMAQ6BEYENQQ9BEIENQAFBAAAABEAAAAQMQAAAAAEAAAANAAAAAQaAAAANgAwACUAIAAUICAAMAQ6BEYENQQ9BEIENgAFBAAAABIAAAAQJQAAAAAEAAAAHQAAAAQOAAAAEAQ6BEYENQQ9BEIEMQAFBAAAABMAAAAQJQAAAAAEAAAAIQAAAAQOAAAAEAQ6BEYENQQ9BEIEMgAFBAAAABQAAAAQJQAAAAAEAAAAJQAAAAQOAAAAEAQ6BEYENQQ9BEIEMwAFBAAAABUAAAAQJQAAAAAEAAAAKQAAAAQOAAAAEAQ6BEYENQQ9BEIENAAFBAAAABYAAAAQJQAAAAAEAAAALQAAAAQOAAAAEAQ6BEYENQQ9BEIENQAFBAAAABcAAAAQJQAAAAAEAAAAMQAAAAQOAAAAEAQ6BEYENQQ9BEIENgAFBAAAABgAAAAQIQAAAAAEAAAAFAAAAAQKAAAAEgQyBD4ENAQgAAUEAAAAGQAAABAhAAAAAAQAAAAVAAAABAoAAAASBEsEMgQ+BDQEBQQAAAAaAAAAECsAAAAABAAAABYAAAAEFAAAABIESwRHBDgEQQQ7BDUEPQQ4BDUEBQQAAAAbAAAAECcAAAAABAAAAAQAAAAEEAAAABQENQQ9BDUENgQ9BEsEOQQFBAAAABwAAAAQLwAAAAAEAAAABwAAAAQYAAAAFAQ1BD0ENQQ2BD0ESwQ5BCAAWwAwAF0ABQQAAAAdAAAAEC0AAAAABAAAABAAAAAEFgAAABcEMAQzBD4EOwQ+BDIEPgQ6BCAAMQAFBAAAAB4AAAAQLQAAAAAEAAAAEQAAAAQWAAAAFwQwBDMEPgQ7BD4EMgQ+BDoEIAAyAAUEAAAAHwAAABAtAAAAAAQAAAASAAAABBYAAAAXBDAEMwQ+BDsEPgQyBD4EOgQgADMABQQAAAAgAAAAEC0AAAAABAAAABMAAAAEFgAAABcEMAQzBD4EOwQ+BDIEPgQ6BCAANAAFBAAAACEAAAAQHwAAAAAEAAAAGQAAAAQIAAAAGARCBD4EMwQFBAAAACIAAAAQOwAAAAAEAAAAFwAAAAQkAAAAGgQ+BD0EQgRABD4EOwRMBD0EMARPBCAATwRHBDUEOQQ6BDAEBQQAAAAjAAAAECcAAAAABAAAAA8AAAAEEAAAAB0EMAQ3BDIEMAQ9BDgENQQFBAAAACQAAAAQLQAAAAAEAAAAHAAAAAQWAAAAHQQ1BDkEQgRABDAEOwRMBD0ESwQ5BAUEAAAAJQAAABAlAAAAAAQAAAAAAAAABA4AAAAeBDEESwRHBD0ESwQ5BAUEAAAAAAAAABAjAAAAAAQAAAAbAAAABAwAAAAfBDsEPgRFBD4EOQQFBAAAACYAAAAQKQAAAAAEAAAANQAAAAQSAAAAHwQ+BE8EQQQ9BDUEPQQ4BDUEBQQAAAAnAAAAECsAAAAABAAAAAoAAAAEFAAAAB8EQAQ4BDwENQRHBDAEPQQ4BDUEBQQAAAAoAAAAECsAAAAABAAAAAUAAAAEFAAAAB8EQAQ+BEYENQQ9BEIEPQRLBDkEBQQAAAApAAAAEDcAAAAABAAAABgAAAAEIAAAACEEMgRPBDcEMAQ9BD0EMARPBCAATwRHBDUEOQQ6BDAEBQQAAAAqAAAAED8AAAAABAAAAAsAAAAEKAAAACIENQQ6BEEEQgQgAD8EQAQ1BDQEQwQ\/BEAENQQ2BDQENQQ9BDgETwQFBAAAACsAAAAQKwAAAAAEAAAAAwAAAAQUAAAAJAQ4BD0EMAQ9BEEEPgQyBEsEOQQFBAAAACwAAAAQMwAAAAAEAAAABgAAAAQcAAAAJAQ4BD0EMAQ9BEEEPgQyBEsEOQQgAFsAMABdAAUEAAAALQAAABAlAAAAAAQAAAAaAAAABA4AAAAlBD4EQAQ+BEgEOAQ5BAUEAAAALgAAAAxOAAAAACIAAABUAGEAYgBsAGUAUwB0AHkAbABlAE0AZQBkAGkAdQBtADIAASIAAABQAGkAdgBvAHQAUwB0AHkAbABlAEwAaQBnAGgAdAAxADYAETcAAAAAMgAAAPoAEQAAAFMAbABpAGMAZQByAFMAdAB5AGwAZQBMAGkAZwBoAHQAMQD7AAQAAAAAAAAACNgBAAAJiAAAAAAGfAAAAF8ALQAqACAAIwAsACMAIwAwAC4AMAAwAFwAIAAiAL0gIgBfAC0AOwBcAC0AKgAgACMALAAjACMAMAAuADAAMABcACAAIgC9ICIAXwAtADsAXwAtACoAIAAiAC0AIgA\/AD8AXAAgACIAvSAiAF8ALQA7AF8ALQBAAF8ALQABBKAAAAAJeAAAAAAGbAAAAF8ALQAqACAAIwAsACMAIwAwAFwAIAAiAL0gIgBfAC0AOwBcAC0AKgAgACMALAAjACMAMABcACAAIgC9ICIAXwAtADsAXwAtACoAIAAiAC0AIgBcACAAIgC9ICIAXwAtADsAXwAtAEAAXwAtAAEEoQAAAAlqAAAAAAZeAAAAXwAtACoAIAAjACwAIwAjADAALgAwADAAXwAtADsAXAAtACoAIAAjACwAIwAjADAALgAwADAAXwAtADsAXwAtACoAIAAiAC0AIgA\/AD8AXwAtADsAXwAtAEAAXwAtAAEEogAAAAlaAAAAAAZOAAAAXwAtACoAIAAjACwAIwAjADAAXwAtADsAXAAtACoAIAAjACwAIwAjADAAXwAtADsAXwAtACoAIAAiAC0AIgBfAC0AOwBfAC0AQABfAC0AAQSjAAAA\" cellspacing=\"0\" cellpadding=\"0\">\n<tbody>\n<tr>\n<td>\u041a\u0430\u0440\u0442\u043e\u0444\u0435\u043b\u044c, \u0433\u0440\u0438\u0431\u044b, \u043b\u0443\u043a, \u043a\u0443\u0440\u0438\u0446\u0430, \u043c\u0443\u043a\u0430, \u0441\u043e\u043b\u044c, \u043f\u0435\u0440\u0435\u0446, \u043f\u0430\u043d\u0438\u0440\u043e\u0432\u043e\u0447\u043d\u044b\u0435 \u0441\u0443\u0445\u0430\u0440\u0438, \u044f\u0439\u0446\u043e, \u0441\u044b\u0440 \u2014 400 \u0433<\/p>\n<p>Cartofi, ciuperci, ceap\u0103, carne de pui, f\u0103in\u0103, sare, piper, pesmet, ou, ca\u0219caval &#8211; 400 g<\/td>\n<\/tr>\n<\/tbody>\n<\/table>\n","protected":false},"excerpt":{"rendered":"<p>\u041a\u0430\u0440\u0442\u043e\u0444\u0435\u043b\u044c, \u0433\u0440\u0438\u0431\u044b, \u043b\u0443\u043a, \u043a\u0443\u0440\u0438\u0446\u0430, \u043c\u0443\u043a\u0430, \u0441\u043e\u043b\u044c, \u043f\u0435\u0440\u0435\u0446, \u043f\u0430\u043d\u0438\u0440\u043e\u0432\u043e\u0447\u043d\u044b\u0435 \u0441\u0443\u0445\u0430\u0440\u0438, \u044f\u0439\u0446\u043e, \u0441\u044b\u0440 \u2014 400 \u0433 Cartofi, ciuperci, ceap\u0103, carne de pui, f\u0103in\u0103, sare, piper, pesmet, ou, ca\u0219caval &#8211; 400 g<\/p>\n","protected":false},"featured_media":30443,"template":"","meta":[],"product_brand":[],"product_cat":[1219,1223],"product_tag":[1233],"class_list":{"0":"post-30441","1":"product","2":"type-product","3":"status-publish","4":"has-post-thumbnail","6":"product_cat-city-cafe","7":"product_cat-garniry-city-cafe","8":"product_tag-buissnes-lunch","9":"product_shipping_class-citycafe-dostavka","10":"wpcafe_location-city-cafe","12":"first","13":"instock","14":"shipping-taxable","15":"purchasable","16":"product-type-simple"},"aioseo_notices":[],"_links":{"self":[{"href":"https:\/\/livrare-balti.md\/ro\/wp-json\/wp\/v2\/product\/30441","targetHints":{"allow":["GET"]}}],"collection":[{"href":"https:\/\/livrare-balti.md\/ro\/wp-json\/wp\/v2\/product"}],"about":[{"href":"https:\/\/livrare-balti.md\/ro\/wp-json\/wp\/v2\/types\/product"}],"version-history":[{"count":1,"href":"https:\/\/livrare-balti.md\/ro\/wp-json\/wp\/v2\/product\/30441\/revisions"}],"predecessor-version":[{"id":30445,"href":"https:\/\/livrare-balti.md\/ro\/wp-json\/wp\/v2\/product\/30441\/revisions\/30445"}],"wp:featuredmedia":[{"embeddable":true,"href":"https:\/\/livrare-balti.md\/ro\/wp-json\/wp\/v2\/media\/30443"}],"wp:attachment":[{"href":"https:\/\/livrare-balti.md\/ro\/wp-json\/wp\/v2\/media?parent=30441"}],"wp:term":[{"taxonomy":"product_brand","embeddable":true,"href":"https:\/\/livrare-balti.md\/ro\/wp-json\/wp\/v2\/product_brand?post=30441"},{"taxonomy":"product_cat","embeddable":true,"href":"https:\/\/livrare-balti.md\/ro\/wp-json\/wp\/v2\/product_cat?post=30441"},{"taxonomy":"product_tag","embeddable":true,"href":"https:\/\/livrare-balti.md\/ro\/wp-json\/wp\/v2\/product_tag?post=30441"}],"curies":[{"name":"wp","href":"https:\/\/api.w.org\/{rel}","templated":true}]}}