{"id":29745,"date":"2025-11-23T09:38:15","date_gmt":"2025-11-23T06:38:15","guid":{"rendered":"https:\/\/livrare-balti.md\/?post_type=product&#038;p=29745"},"modified":"2026-01-25T00:41:57","modified_gmt":"2026-01-24T21:41:57","slug":"double-chili-burger-fries","status":"publish","type":"product","link":"https:\/\/livrare-balti.md\/ro\/product\/burger_404\/burger\/double-chili-burger-fries\/","title":{"rendered":"DOUBLE CHILI BURGER &#038; FRIES"},"content":{"rendered":"<p>pork-vita, ro\u0219ie proasp\u0103t\u0103, castravete murat,\u00a0 ro\u0219ie, ceap\u0103 ro\u0219ie,frunz\u0103 de salat\u0103, chifl\u0103,sosuri picante + CARTOFI PAI<br \/>\n480g<\/p>\n","protected":false},"excerpt":{"rendered":"<p>pork-vita, ro\u0219ie proasp\u0103t\u0103, castravete murat,\u00a0 ro\u0219ie, ceap\u0103 ro\u0219ie,frunz\u0103 de salat\u0103, chifl\u0103,sosuri picante + CARTOFI PAI 480g<\/p>\n","protected":false},"featured_media":29746,"template":"","meta":[],"product_brand":[],"product_cat":[1153,1149],"product_tag":[],"class_list":{"0":"post-29745","1":"product","2":"type-product","3":"status-publish","4":"has-post-thumbnail","6":"product_cat-burger","7":"product_cat-burger_404","8":"product_shipping_class-monro-dostavka-ro-2","9":"wpcafe_location-burger_404","11":"first","12":"instock","13":"shipping-taxable","14":"purchasable","15":"product-type-simple"},"aioseo_notices":[],"_links":{"self":[{"href":"https:\/\/livrare-balti.md\/ro\/wp-json\/wp\/v2\/product\/29745","targetHints":{"allow":["GET"]}}],"collection":[{"href":"https:\/\/livrare-balti.md\/ro\/wp-json\/wp\/v2\/product"}],"about":[{"href":"https:\/\/livrare-balti.md\/ro\/wp-json\/wp\/v2\/types\/product"}],"version-history":[{"count":1,"href":"https:\/\/livrare-balti.md\/ro\/wp-json\/wp\/v2\/product\/29745\/revisions"}],"predecessor-version":[{"id":29748,"href":"https:\/\/livrare-balti.md\/ro\/wp-json\/wp\/v2\/product\/29745\/revisions\/29748"}],"wp:featuredmedia":[{"embeddable":true,"href":"https:\/\/livrare-balti.md\/ro\/wp-json\/wp\/v2\/media\/29746"}],"wp:attachment":[{"href":"https:\/\/livrare-balti.md\/ro\/wp-json\/wp\/v2\/media?parent=29745"}],"wp:term":[{"taxonomy":"product_brand","embeddable":true,"href":"https:\/\/livrare-balti.md\/ro\/wp-json\/wp\/v2\/product_brand?post=29745"},{"taxonomy":"product_cat","embeddable":true,"href":"https:\/\/livrare-balti.md\/ro\/wp-json\/wp\/v2\/product_cat?post=29745"},{"taxonomy":"product_tag","embeddable":true,"href":"https:\/\/livrare-balti.md\/ro\/wp-json\/wp\/v2\/product_tag?post=29745"}],"curies":[{"name":"wp","href":"https:\/\/api.w.org\/{rel}","templated":true}]}}