{"id":29682,"date":"2025-11-14T20:23:56","date_gmt":"2025-11-14T17:23:56","guid":{"rendered":"https:\/\/livrare-balti.md\/?post_type=product&#038;p=29682"},"modified":"2025-11-14T20:23:56","modified_gmt":"2025-11-14T17:23:56","slug":"pizza-capricioasa-2","status":"publish","type":"product","link":"https:\/\/livrare-balti.md\/ro\/product\/drivepub\/pizza-drivepub\/pizza-capricioasa-2\/","title":{"rendered":"Pizza Capricioasa"},"content":{"rendered":"<p>&nbsp;<\/p>\n<p>Cascaval,sos ro\u0219ii, v\u00e2n\u0103t\u0103, \u0219unc\u0103, br\u00e2nz\u0103 de oi..<\/p>\n","protected":false},"excerpt":{"rendered":"<p>&nbsp; Cascaval,sos ro\u0219ii, v\u00e2n\u0103t\u0103, \u0219unc\u0103, br\u00e2nz\u0103 de oi..<\/p>\n","protected":false},"featured_media":29665,"template":"","meta":[],"product_brand":[],"product_cat":[1210,1215],"product_tag":[],"class_list":{"0":"post-29682","1":"product","2":"type-product","3":"status-publish","4":"has-post-thumbnail","6":"product_cat-drivepub","7":"product_cat-pizza-drivepub","8":"product_shipping_class-drivepub-dostavka","9":"wpcafe_location-drivepub","11":"first","12":"instock","13":"shipping-taxable","14":"purchasable","15":"product-type-simple"},"aioseo_notices":[],"_links":{"self":[{"href":"https:\/\/livrare-balti.md\/ro\/wp-json\/wp\/v2\/product\/29682","targetHints":{"allow":["GET"]}}],"collection":[{"href":"https:\/\/livrare-balti.md\/ro\/wp-json\/wp\/v2\/product"}],"about":[{"href":"https:\/\/livrare-balti.md\/ro\/wp-json\/wp\/v2\/types\/product"}],"version-history":[{"count":1,"href":"https:\/\/livrare-balti.md\/ro\/wp-json\/wp\/v2\/product\/29682\/revisions"}],"predecessor-version":[{"id":29684,"href":"https:\/\/livrare-balti.md\/ro\/wp-json\/wp\/v2\/product\/29682\/revisions\/29684"}],"wp:featuredmedia":[{"embeddable":true,"href":"https:\/\/livrare-balti.md\/ro\/wp-json\/wp\/v2\/media\/29665"}],"wp:attachment":[{"href":"https:\/\/livrare-balti.md\/ro\/wp-json\/wp\/v2\/media?parent=29682"}],"wp:term":[{"taxonomy":"product_brand","embeddable":true,"href":"https:\/\/livrare-balti.md\/ro\/wp-json\/wp\/v2\/product_brand?post=29682"},{"taxonomy":"product_cat","embeddable":true,"href":"https:\/\/livrare-balti.md\/ro\/wp-json\/wp\/v2\/product_cat?post=29682"},{"taxonomy":"product_tag","embeddable":true,"href":"https:\/\/livrare-balti.md\/ro\/wp-json\/wp\/v2\/product_tag?post=29682"}],"curies":[{"name":"wp","href":"https:\/\/api.w.org\/{rel}","templated":true}]}}