{"id":29537,"date":"2025-11-06T19:30:18","date_gmt":"2025-11-06T16:30:18","guid":{"rendered":"https:\/\/livrare-balti.md\/?post_type=product&#038;p=29537"},"modified":"2025-12-05T23:56:43","modified_gmt":"2025-12-05T20:56:43","slug":"platou-la-vodka","status":"publish","type":"product","link":"https:\/\/livrare-balti.md\/ro\/product\/drivepub\/k-pivu-drivepub\/platou-la-vodka\/","title":{"rendered":"Platou la vodka"},"content":{"rendered":"<p>P\u00e2ine neagr\u0103, ceap\u0103 marinat\u0103,hering, sl\u0103nin\u0103,castrave\u021bi mura\u021bi, mu\u0219tar.<\/p>\n","protected":false},"excerpt":{"rendered":"<p>P\u00e2ine neagr\u0103, ceap\u0103 marinat\u0103,hering, sl\u0103nin\u0103,castrave\u021bi mura\u021bi, mu\u0219tar.<\/p>\n","protected":false},"featured_media":30058,"template":"","meta":[],"product_brand":[],"product_cat":[1210,1213],"product_tag":[],"class_list":{"0":"post-29537","1":"product","2":"type-product","3":"status-publish","4":"has-post-thumbnail","6":"product_cat-drivepub","7":"product_cat-k-pivu-drivepub","8":"product_shipping_class-drivepub-dostavka","9":"wpcafe_location-drivepub","11":"first","12":"instock","13":"shipping-taxable","14":"purchasable","15":"product-type-simple"},"aioseo_notices":[],"_links":{"self":[{"href":"https:\/\/livrare-balti.md\/ro\/wp-json\/wp\/v2\/product\/29537","targetHints":{"allow":["GET"]}}],"collection":[{"href":"https:\/\/livrare-balti.md\/ro\/wp-json\/wp\/v2\/product"}],"about":[{"href":"https:\/\/livrare-balti.md\/ro\/wp-json\/wp\/v2\/types\/product"}],"version-history":[{"count":1,"href":"https:\/\/livrare-balti.md\/ro\/wp-json\/wp\/v2\/product\/29537\/revisions"}],"predecessor-version":[{"id":29541,"href":"https:\/\/livrare-balti.md\/ro\/wp-json\/wp\/v2\/product\/29537\/revisions\/29541"}],"wp:featuredmedia":[{"embeddable":true,"href":"https:\/\/livrare-balti.md\/ro\/wp-json\/wp\/v2\/media\/30058"}],"wp:attachment":[{"href":"https:\/\/livrare-balti.md\/ro\/wp-json\/wp\/v2\/media?parent=29537"}],"wp:term":[{"taxonomy":"product_brand","embeddable":true,"href":"https:\/\/livrare-balti.md\/ro\/wp-json\/wp\/v2\/product_brand?post=29537"},{"taxonomy":"product_cat","embeddable":true,"href":"https:\/\/livrare-balti.md\/ro\/wp-json\/wp\/v2\/product_cat?post=29537"},{"taxonomy":"product_tag","embeddable":true,"href":"https:\/\/livrare-balti.md\/ro\/wp-json\/wp\/v2\/product_tag?post=29537"}],"curies":[{"name":"wp","href":"https:\/\/api.w.org\/{rel}","templated":true}]}}