{"id":29330,"date":"2025-10-28T14:25:33","date_gmt":"2025-10-28T11:25:33","guid":{"rendered":"https:\/\/livrare-balti.md\/?post_type=product&#038;p=29330"},"modified":"2025-10-28T14:26:54","modified_gmt":"2025-10-28T11:26:54","slug":"caserole-pentru-pomenire-box-clasic-carne-1","status":"publish","type":"product","link":"https:\/\/livrare-balti.md\/ro\/product\/bucate-pentru-pomenire\/caserole-pentru-pomenire-box-clasic-carne-1\/","title":{"rendered":"Caserole pentru pomenire &#8211; Box Clasic Carne 1"},"content":{"rendered":"<p>Aici pute\u021bi ad\u0103uga mai multe ingrediente \u00een func\u021bie de gustul \u0219i preferin\u021bele dumneavoastr\u0103.<\/p>\n<ul>\n<li>sarmale cu carne 200g<\/li>\n<li>salat\u0103 Olivie 130g<\/li>\n<li>pl\u0103cint\u0103 asorti 70g<\/li>\n<li>b\u0103tuta de pui 50g<\/li>\n<li>p\u00e2rjoal\u0103 de cas\u0103 60g<\/li>\n<li>ro\u0219ii + ardei 40g<\/li>\n<\/ul>\n","protected":false},"excerpt":{"rendered":"<p>Aici pute\u021bi ad\u0103uga mai multe ingrediente \u00een func\u021bie de gustul \u0219i preferin\u021bele dumneavoastr\u0103.<\/p>\n","protected":false},"featured_media":32562,"template":"","meta":[],"product_brand":[],"product_cat":[1192],"product_tag":[],"class_list":{"0":"post-29330","1":"product","2":"type-product","3":"status-publish","4":"has-post-thumbnail","6":"product_cat-bucate-pentru-pomenire","8":"first","9":"instock","10":"shipping-taxable","11":"purchasable","12":"product-type-simple"},"aioseo_notices":[],"_links":{"self":[{"href":"https:\/\/livrare-balti.md\/ro\/wp-json\/wp\/v2\/product\/29330","targetHints":{"allow":["GET"]}}],"collection":[{"href":"https:\/\/livrare-balti.md\/ro\/wp-json\/wp\/v2\/product"}],"about":[{"href":"https:\/\/livrare-balti.md\/ro\/wp-json\/wp\/v2\/types\/product"}],"version-history":[{"count":3,"href":"https:\/\/livrare-balti.md\/ro\/wp-json\/wp\/v2\/product\/29330\/revisions"}],"predecessor-version":[{"id":29334,"href":"https:\/\/livrare-balti.md\/ro\/wp-json\/wp\/v2\/product\/29330\/revisions\/29334"}],"wp:featuredmedia":[{"embeddable":true,"href":"https:\/\/livrare-balti.md\/ro\/wp-json\/wp\/v2\/media\/32562"}],"wp:attachment":[{"href":"https:\/\/livrare-balti.md\/ro\/wp-json\/wp\/v2\/media?parent=29330"}],"wp:term":[{"taxonomy":"product_brand","embeddable":true,"href":"https:\/\/livrare-balti.md\/ro\/wp-json\/wp\/v2\/product_brand?post=29330"},{"taxonomy":"product_cat","embeddable":true,"href":"https:\/\/livrare-balti.md\/ro\/wp-json\/wp\/v2\/product_cat?post=29330"},{"taxonomy":"product_tag","embeddable":true,"href":"https:\/\/livrare-balti.md\/ro\/wp-json\/wp\/v2\/product_tag?post=29330"}],"curies":[{"name":"wp","href":"https:\/\/api.w.org\/{rel}","templated":true}]}}