{"id":29221,"date":"2025-10-27T22:10:13","date_gmt":"2025-10-27T19:10:13","guid":{"rendered":"https:\/\/livrare-balti.md\/?post_type=product&#038;p=29221"},"modified":"2025-11-12T18:49:49","modified_gmt":"2025-11-12T15:49:49","slug":"sushi-burger-canada","status":"publish","type":"product","link":"https:\/\/livrare-balti.md\/ro\/product\/zen\/zen-sushi\/sushi-burger-canada\/","title":{"rendered":"Sushi-burger Canada"},"content":{"rendered":"<p>440 g<\/p>\n<p>orez, nori, crem\u0103 de br\u00e2nz\u0103, somon copt, maionez\u0103 japonez\u0103, masago ro\u0219u, avocado,chuka, susan, tempura, panko, sos Unaghi, sos Kimchi<\/p>\n","protected":false},"excerpt":{"rendered":"<p>440 g orez, nori, crem\u0103 de br\u00e2nz\u0103, somon copt, maionez\u0103 japonez\u0103, masago ro\u0219u, avocado,chuka, susan, tempura, panko, sos Unaghi, sos Kimchi<\/p>\n","protected":false},"featured_media":29222,"template":"","meta":[],"product_brand":[],"product_cat":[1131,1133],"product_tag":[],"class_list":{"0":"post-29221","1":"product","2":"type-product","3":"status-publish","4":"has-post-thumbnail","6":"product_cat-zen","7":"product_cat-zen-sushi","8":"product_shipping_class-zen-dostavka","9":"wpcafe_location-zen","11":"first","12":"instock","13":"sale","14":"shipping-taxable","15":"purchasable","16":"product-type-simple"},"aioseo_notices":[],"_links":{"self":[{"href":"https:\/\/livrare-balti.md\/ro\/wp-json\/wp\/v2\/product\/29221","targetHints":{"allow":["GET"]}}],"collection":[{"href":"https:\/\/livrare-balti.md\/ro\/wp-json\/wp\/v2\/product"}],"about":[{"href":"https:\/\/livrare-balti.md\/ro\/wp-json\/wp\/v2\/types\/product"}],"version-history":[{"count":2,"href":"https:\/\/livrare-balti.md\/ro\/wp-json\/wp\/v2\/product\/29221\/revisions"}],"predecessor-version":[{"id":29225,"href":"https:\/\/livrare-balti.md\/ro\/wp-json\/wp\/v2\/product\/29221\/revisions\/29225"}],"wp:featuredmedia":[{"embeddable":true,"href":"https:\/\/livrare-balti.md\/ro\/wp-json\/wp\/v2\/media\/29222"}],"wp:attachment":[{"href":"https:\/\/livrare-balti.md\/ro\/wp-json\/wp\/v2\/media?parent=29221"}],"wp:term":[{"taxonomy":"product_brand","embeddable":true,"href":"https:\/\/livrare-balti.md\/ro\/wp-json\/wp\/v2\/product_brand?post=29221"},{"taxonomy":"product_cat","embeddable":true,"href":"https:\/\/livrare-balti.md\/ro\/wp-json\/wp\/v2\/product_cat?post=29221"},{"taxonomy":"product_tag","embeddable":true,"href":"https:\/\/livrare-balti.md\/ro\/wp-json\/wp\/v2\/product_tag?post=29221"}],"curies":[{"name":"wp","href":"https:\/\/api.w.org\/{rel}","templated":true}]}}