{"id":26072,"date":"2025-03-14T01:26:41","date_gmt":"2025-03-13T23:26:41","guid":{"rendered":"https:\/\/livrare-balti.md\/?post_type=product&#038;p=26072"},"modified":"2026-01-25T00:43:02","modified_gmt":"2026-01-24T21:43:02","slug":"double-hamburger","status":"publish","type":"product","link":"https:\/\/livrare-balti.md\/ro\/product\/burger_404\/burger\/double-hamburger\/","title":{"rendered":"CHEESEBURGER &#038; FRIES"},"content":{"rendered":"<p>pork-vita, ca\u0219caval cheddar,bacon,ro\u0219ie proasp\u0103t\u0103, castravete murat,\u00a0 ro\u0219ie, ceap\u0103 ro\u0219ie,frunz\u0103 de salat\u0103,<br \/>\nchifl\u0103,sosuri + CARTOFI PAI)<br \/>\n380g<\/p>\n","protected":false},"excerpt":{"rendered":"<p>pork-vita, ca\u0219caval cheddar,bacon,ro\u0219ie proasp\u0103t\u0103, castravete murat,\u00a0 ro\u0219ie, ceap\u0103 ro\u0219ie,frunz\u0103 de salat\u0103, chifl\u0103,sosuri + CARTOFI PAI) 380g<\/p>\n","protected":false},"featured_media":29758,"template":"","meta":[],"product_brand":[],"product_cat":[1153,1149],"product_tag":[],"class_list":{"0":"post-26072","1":"product","2":"type-product","3":"status-publish","4":"has-post-thumbnail","6":"product_cat-burger","7":"product_cat-burger_404","8":"product_shipping_class-monro-dostavka-ro-2","9":"wpcafe_location-burger_404","11":"first","12":"instock","13":"shipping-taxable","14":"purchasable","15":"product-type-simple"},"aioseo_notices":[],"_links":{"self":[{"href":"https:\/\/livrare-balti.md\/ro\/wp-json\/wp\/v2\/product\/26072","targetHints":{"allow":["GET"]}}],"collection":[{"href":"https:\/\/livrare-balti.md\/ro\/wp-json\/wp\/v2\/product"}],"about":[{"href":"https:\/\/livrare-balti.md\/ro\/wp-json\/wp\/v2\/types\/product"}],"version-history":[{"count":3,"href":"https:\/\/livrare-balti.md\/ro\/wp-json\/wp\/v2\/product\/26072\/revisions"}],"predecessor-version":[{"id":27907,"href":"https:\/\/livrare-balti.md\/ro\/wp-json\/wp\/v2\/product\/26072\/revisions\/27907"}],"wp:featuredmedia":[{"embeddable":true,"href":"https:\/\/livrare-balti.md\/ro\/wp-json\/wp\/v2\/media\/29758"}],"wp:attachment":[{"href":"https:\/\/livrare-balti.md\/ro\/wp-json\/wp\/v2\/media?parent=26072"}],"wp:term":[{"taxonomy":"product_brand","embeddable":true,"href":"https:\/\/livrare-balti.md\/ro\/wp-json\/wp\/v2\/product_brand?post=26072"},{"taxonomy":"product_cat","embeddable":true,"href":"https:\/\/livrare-balti.md\/ro\/wp-json\/wp\/v2\/product_cat?post=26072"},{"taxonomy":"product_tag","embeddable":true,"href":"https:\/\/livrare-balti.md\/ro\/wp-json\/wp\/v2\/product_tag?post=26072"}],"curies":[{"name":"wp","href":"https:\/\/api.w.org\/{rel}","templated":true}]}}